{"id":4788,"date":"2021-02-03T11:48:17","date_gmt":"2021-02-03T11:48:17","guid":{"rendered":"http:\/\/modra-spilja.hr\/how-to-reach-us\/"},"modified":"2024-10-21T07:15:00","modified_gmt":"2024-10-21T07:15:00","slug":"how-to-reach-us","status":"publish","type":"page","link":"https:\/\/modra-spilja.hr\/it\/how-to-reach-us\/","title":{"rendered":"Come raggiungerci"},"content":{"rendered":"<div class=\"wpb-content-wrapper\"><p>[vc_row][vc_column][vc_raw_html css=&#8221;&#8221;]JTNDaWZyYW1lJTIwc2FuZGJveCUzRCUyMmFsbG93LXNjcmlwdHMlMjBhbGxvdy1zYW1lLW9yaWdpbiUyMGFsbG93LXBvcHVwcyUyMiUyMHNyYyUzRCUyMmh0dHBzJTNBJTJGJTJGd3d3Lmdvb2dsZS5jb20lMkZtYXBzJTJGZW1iZWQlM0ZwYiUzRCUyMTFtMTglMjExbTEyJTIxMW0zJTIxMWQ1MTI2NjYuMTkyNDY0ODI5MiUyMTJkMTUuNjI0MzQ0MzE2NTcyODYlMjEzZDQzLjA2MDQ4MTgzNTc1ODk5JTIxMm0zJTIxMWYwJTIxMmYwJTIxM2YwJTIxM20yJTIxMWkxMDI0JTIxMmk3NjglMjE0ZjEzLjElMjEzbTMlMjExbTIlMjExczB4NDc2NGEwZTMyMmU1MzdiMyUyNTNBMHg4NWFiOGIxMTZmMzgzMTFkJTIxMnNIb3RlbCUyNTIwQmlzZXZvJTIxNWUwJTIxM20yJTIxMXNociUyMTJzaHIlMjE0djE2MTI0Mjg5NzE1NDclMjE1bTIlMjExc2hyJTIxMnNociUyMiUyMHdpZHRoJTNEJTIyMTAwJTI1JTIyJTIwaGVpZ2h0JTNEJTIyNDUwJTIyJTIwZnJhbWVib3JkZXIlM0QlMjIwJTIyJTIwc3R5bGUlM0QlMjJib3JkZXIlM0EwJTNCJTIyJTIwYWxsb3dmdWxsc2NyZWVuJTNEJTIyJTIyJTIwYXJpYS1oaWRkZW4lM0QlMjJmYWxzZSUyMiUyMHRhYmluZGV4JTNEJTIyMCUyMiUzRSUzQyUyRmlmcmFtZSUzRQ==[\/vc_raw_html][vc_empty_space][\/vc_column][\/vc_row][vc_row][vc_column width=&#8221;1\/4&#8243;][\/vc_column][vc_column width=&#8221;1\/2&#8243;][vc_images_carousel images=&#8221;4929,4926&#8243; img_size=&#8221;full&#8221;][\/vc_column][vc_column width=&#8221;1\/4&#8243;][\/vc_column][\/vc_row][vc_row][vc_column][vc_column_text]<\/p>\n<h2>Arrivo in traghetto o catamarano da Split (Spalato)<\/h2>\n<p>Il viaggio in traghetto da Spalato dura 2 ore e 20 minuti.<\/p>\n<p>Catamarano SPLIT &#8211; MILNA (Isola di Bra\u010d) &#8211; HVAR &#8211; VIS e viceversa<br \/>\nIl viaggio in catamarano da Spalato dura 1 ora e 25 minuti, da Milna (Isola di Bra\u010d) a Vis 55 minuti e da Hvar a Vis 50 minuti.<\/p>\n<p>I biglietti si possono acquistare presso le agenzie Jadrolinija prima della partenza. Poich\u00e9 l&#8217;orario delle linee di traghetti cambia pi\u00f9 volte durante la stagione, si consiglia di controllare l&#8217;orario in anticipo.<\/p>\n<p>Per saperne di pi\u00f9 c\u2019\u00e8 il sito ufficiale di <a href=\"https:\/\/www.jadrolinija.hr\/\" target=\"_blank\" rel=\"noopener\"><span style=\"color: #0000ff;\"><strong>Jadrolinija<\/strong><\/span><\/a>.<\/p>\n<p><strong>Punto di vendita Spalato<\/strong><br \/>\nJADROLINIJA Agenzia Spalato<br \/>\nIndirizzo: Gat Sv.Duje bb, 21000 Spalato, Croazia<br \/>\nTelefono: +385 (0)21 33-83-33; +385 (0)21 33-83-04; +385 (0)21 33-83-05<br \/>\nFax: +385 (0)21 33-82-22<br \/>\nEmail: <a href=\"mailto:ag.split@jadrolinija.hr\">ag.split@jadrolinija.hr<\/a><\/p>\n<p><strong>Punto di vendita Vis (Lissa)<\/strong><br \/>\nJADROLINIJA Agenzia Vis<br \/>\nIndirizzo: \u0160etali\u0161te stare Isse 2, 21480 grad Vis, Croazia<br \/>\nTelefono: +385 (0)21 71-10-32[\/vc_column_text][vc_empty_space][\/vc_column][\/vc_row][vc_row][vc_column][vc_column_text]<\/p>\n<h2>Arrivo in macchina<\/h2>\n<p>\u00c8 possibile raggiungere l&#8217;Isola di Vis in auto con il traghetto <span style=\"color: #0000ff;\"><strong><a style=\"color: #0000ff;\" href=\"https:\/\/www.jadrolinija.hr\/\" target=\"_blank\" rel=\"noopener\">Jadrolinija<\/a><\/strong><\/span> da Spalato. Le linee di traghetti sono attive tutto l&#8217;anno.[\/vc_column_text][vc_empty_space][\/vc_column][\/vc_row][vc_row][vc_column][vc_column_text]<\/p>\n<h2>Arrivo in autobus<\/h2>\n<p>Con l&#8217;autobus si pu\u00f2 raggiungere la \u00a0<a href=\"https:\/\/www.ak-split.hr\/\" target=\"_blank\" rel=\"noopener\">stazione degli autobus di Split (Spalato)<\/a>. Da Spalato c\u2019\u00e8 il traghetto <a href=\"https:\/\/www.jadrolinija.hr\/\" target=\"_blank\" rel=\"noopener\"><span style=\"color: #0000ff;\"><strong>Jadrolinija<\/strong><\/span><\/a> fino all\u2019isola di Vis. Le linee di traghetti sono attive tutto l&#8217;anno.<\/p>\n<p><strong>La stazione degli autobus di Spalato<br \/>\n<\/strong>Indirizzo: Obala kneza Domagoja 12, 21000 Spalato, Croazia<br \/>\nTelefono: +385 (0)21 329-180<br \/>\nEmail: <a href=\"mailto:info@ak-split.hr\">info@ak-split.hr <\/a><br \/>\nWeb: <a href=\"http:\/\/www.ak-split.hr\/\" target=\"_blank\" rel=\"noopener\">www.ak-split.hr<\/a>[\/vc_column_text][vc_empty_space][\/vc_column][\/vc_row][vc_row][vc_column][vc_column_text]<\/p>\n<h2>Arrivo in treno<\/h2>\n<p>Con il treno si pu\u00f2 raggiungere la stazione ferroviariadi Spalato. Da Spalato c\u2019\u00e8 il traghetto <a href=\"https:\/\/www.jadrolinija.hr\/\"><span style=\"color: #0000ff;\"><strong>Jadrolinija<\/strong><\/span><\/a> fino all\u2019isola di Vis. Le linee di traghetti sono attive tutto l&#8217;anno.<\/p>\n<p><strong>La stazione ferroviaria di Spalato<br \/>\n<\/strong>Indirizzo: Zlodrina poljana 20, 21000 Spalato, Croazia<br \/>\nTelefono: +385 (0)60 333-444<br \/>\nWeb: <a href=\"http:\/\/www.hzpp.hr\/\" target=\"_blank\" rel=\"noopener\">www.hzpp.hr<\/a>[\/vc_column_text][vc_empty_space][\/vc_column][\/vc_row][vc_row][vc_column][vc_column_text]<\/p>\n<h2>Arrivo in aereo<\/h2>\n<p>Con l\u2019aereo si pu\u00f2 raggiungere <a href=\"http:\/\/www.split-airport.hr\/\" target=\"_blank\" rel=\"noopener\">l\u2019aeroporto di Split (Spalato)<\/a>. Da Spalato c\u2019\u00e8 il traghetto <a href=\"https:\/\/www.jadrolinija.hr\/\"><span style=\"color: #0000ff;\"><strong>Jadrolinija<\/strong><\/span><\/a> fino all\u2019isola di Vis. Le linee di traghetti sono attive tutto l&#8217;anno.<\/p>\n<p><strong>L\u2019aeroporto di Spalato<br \/>\n<\/strong>Indirizzo: Ka\u0161telanska cesta 96, p.p. 2, 21000 Spalato, Croazia<br \/>\nTelefono: +385 (0)21 203-555; +385 (0)21 203 171<br \/>\nFaks: +385 (0)21 203-422<br \/>\nEmail: <a href=\"mailto:informacije@split-airport.hr\">informacije@split-airport.hr<\/a>; <a href=\"mailto:lost.luggage@split-airport.hr\">lost.luggage@split-airport.hr<\/a><br \/>\nWeb: <a href=\"http:\/\/www.split-airport.hr\/\" target=\"_blank\" rel=\"noopener\">www.split-airport.hr<\/a>[\/vc_column_text][vc_empty_space][\/vc_column][\/vc_row][vc_row][vc_column][vc_column_text]<\/p>\n<h2>Linea locale: VIS &#8211; KOMI\u017dA \u2013 VIS<\/h2>\n<p>L&#8217;orario degli autobus sull&#8217;Isola di Vis \u00e8 soggetto a cambiamenti stagionali a seconda delle linee di traghetto tra Spalato e Vis. Durante l&#8217;alta stagione, il numero di linee di traghetti aumenta, cos\u00ec come il numero di linee di autobus. In ogni caso, indipendentemente da quando si arriva nella citt\u00e0 di Vis, c&#8217;\u00e8 un autobus per la citt\u00e0 di Komi\u017ea, che si trova a 10 chilometri da Vis. Il viaggio dura circa 15 minuti su una strada asfaltata. La stazione degli autobus si trova nel porto dei traghetti a destra della rampa di scarico.<\/p>\n<p>I biglietti si acquistano sull&#8217;autobus.<\/p>\n<p>&nbsp;<\/p>\n<p><strong><u>Informazioni<\/u><\/strong>:<\/p>\n<p>Telefono: +385 (0)21 713 849; + 385 (0)91 2713 009<br \/>\nEmail: <a href=\"mailto:info@nautica-komiza.com\" target=\"_blank\" rel=\"noopener\">info@nautica-komiza.com<\/a><br \/>\n<a href=\"http:\/\/www.komiza.hr\/\" target=\"_blank\" rel=\"noopener\">Pagine ufficiali della citt\u00e0 di Komi\u017ea<\/a>[\/vc_column_text][vc_empty_space][\/vc_column][\/vc_row]<\/p>\n<\/div>","protected":false},"excerpt":{"rendered":"<p>[vc_row][vc_column][vc_raw_html css=&#8221;&#8221;]JTNDaWZyYW1lJTIwc2FuZGJveCUzRCUyMmFsbG93LXNjcmlwdHMlMjBhbGxvdy1zYW1lLW9yaWdpbiUyMGFsbG93LXBvcHVwcyUyMiUyMHNyYyUzRCUyMmh0dHBzJTNBJTJGJTJGd3d3Lmdvb2dsZS5jb20lMkZtYXBzJTJGZW1iZWQlM0ZwYiUzRCUyMTFtMTglMjExbTEyJTIxMW0zJTIxMWQ1MTI2NjYuMTkyNDY0ODI5MiUyMTJkMTUuNjI0MzQ0MzE2NTcyODYlMjEzZDQzLjA2MDQ4MTgzNTc1ODk5JTIxMm0zJTIxMWYwJTIxMmYwJTIxM2YwJTIxM20yJTIxMWkxMDI0JTIxMmk3NjglMjE0ZjEzLjElMjEzbTMlMjExbTIlMjExczB4NDc2NGEwZTMyMmU1MzdiMyUyNTNBMHg4NWFiOGIxMTZmMzgzMTFkJTIxMnNIb3RlbCUyNTIwQmlzZXZvJTIxNWUwJTIxM20yJTIxMXNociUyMTJzaHIlMjE0djE2MTI0Mjg5NzE1NDclMjE1bTIlMjExc2hyJTIxMnNociUyMiUyMHdpZHRoJTNEJTIyMTAwJTI1JTIyJTIwaGVpZ2h0JTNEJTIyNDUwJTIyJTIwZnJhbWVib3JkZXIlM0QlMjIwJTIyJTIwc3R5bGUlM0QlMjJib3JkZXIlM0EwJTNCJTIyJTIwYWxsb3dmdWxsc2NyZWVuJTNEJTIyJTIyJTIwYXJpYS1oaWRkZW4lM0QlMjJmYWxzZSUyMiUyMHRhYmluZGV4JTNEJTIyMCUyMiUzRSUzQyUyRmlmcmFtZSUzRQ==[\/vc_raw_html][vc_empty_space][\/vc_column][\/vc_row][vc_row][vc_column width=&#8221;1\/4&#8243;][\/vc_column][vc_column width=&#8221;1\/2&#8243;][vc_images_carousel images=&#8221;4929,4926&#8243; img_size=&#8221;full&#8221;][\/vc_column][vc_column width=&#8221;1\/4&#8243;][\/vc_column][\/vc_row][vc_row][vc_column][vc_column_text] Arrivo in traghetto o catamarano da Split (Spalato) Il viaggio in traghetto da Spalato dura 2 ore e 20 minuti. Catamarano SPLIT &#8211; MILNA (Isola di Bra\u010d) &#8211; HVAR &#8211; VIS e viceversa Il viaggio in catamarano da Spalato dura 1 ora e&#8230;<\/p>\n","protected":false},"author":1,"featured_media":0,"parent":0,"menu_order":0,"comment_status":"closed","ping_status":"closed","template":"","meta":{"footnotes":""},"class_list":["post-4788","page","type-page","status-publish","hentry"],"yoast_head":"<!-- This site is optimized with the Yoast SEO plugin v27.3 - https:\/\/yoast.com\/product\/yoast-seo-wordpress\/ -->\n<title>Come raggiungerci - Hotel Bi\u0161evo<\/title>\n<meta name=\"description\" content=\"Scopri il modo migliore per raggiungere l&#039;isola di Vis. Prenota la tua camera d&#039;albergo in riva al mare all&#039;Hotel Bi\u0161evo.\" \/>\n<meta name=\"robots\" content=\"index, follow, max-snippet:-1, max-image-preview:large, max-video-preview:-1\" \/>\n<link rel=\"canonical\" href=\"https:\/\/modra-spilja.hr\/it\/how-to-reach-us\/\" \/>\n<meta property=\"og:locale\" content=\"it_IT\" \/>\n<meta property=\"og:type\" content=\"article\" \/>\n<meta property=\"og:title\" content=\"Come raggiungerci - Hotel Bi\u0161evo\" \/>\n<meta property=\"og:description\" content=\"Scopri il modo migliore per raggiungere l&#039;isola di Vis. Prenota la tua camera d&#039;albergo in riva al mare all&#039;Hotel Bi\u0161evo.\" \/>\n<meta property=\"og:url\" content=\"https:\/\/modra-spilja.hr\/it\/how-to-reach-us\/\" \/>\n<meta property=\"og:site_name\" content=\"Hotel Bi\u0161evo\" \/>\n<meta property=\"article:publisher\" content=\"https:\/\/www.facebook.com\/bisevohotel\" \/>\n<meta property=\"article:modified_time\" content=\"2024-10-21T07:15:00+00:00\" \/>\n<meta name=\"twitter:card\" content=\"summary_large_image\" \/>\n<meta name=\"twitter:site\" content=\"@bisevo_hotel\" \/>\n<meta name=\"twitter:label1\" content=\"Tempo di lettura stimato\" \/>\n\t<meta name=\"twitter:data1\" content=\"3 minuti\" \/>\n<script type=\"application\/ld+json\" class=\"yoast-schema-graph\">{\"@context\":\"https:\\\/\\\/schema.org\",\"@graph\":[{\"@type\":\"WebPage\",\"@id\":\"https:\\\/\\\/modra-spilja.hr\\\/it\\\/how-to-reach-us\\\/\",\"url\":\"https:\\\/\\\/modra-spilja.hr\\\/it\\\/how-to-reach-us\\\/\",\"name\":\"Come raggiungerci - Hotel Bi\u0161evo\",\"isPartOf\":{\"@id\":\"https:\\\/\\\/modra-spilja.hr\\\/#website\"},\"datePublished\":\"2021-02-03T11:48:17+00:00\",\"dateModified\":\"2024-10-21T07:15:00+00:00\",\"description\":\"Scopri il modo migliore per raggiungere l'isola di Vis. Prenota la tua camera d'albergo in riva al mare all'Hotel Bi\u0161evo.\",\"breadcrumb\":{\"@id\":\"https:\\\/\\\/modra-spilja.hr\\\/it\\\/how-to-reach-us\\\/#breadcrumb\"},\"inLanguage\":\"it-IT\",\"potentialAction\":[{\"@type\":\"ReadAction\",\"target\":[\"https:\\\/\\\/modra-spilja.hr\\\/it\\\/how-to-reach-us\\\/\"]}]},{\"@type\":\"BreadcrumbList\",\"@id\":\"https:\\\/\\\/modra-spilja.hr\\\/it\\\/how-to-reach-us\\\/#breadcrumb\",\"itemListElement\":[{\"@type\":\"ListItem\",\"position\":1,\"name\":\"Home\",\"item\":\"https:\\\/\\\/modra-spilja.hr\\\/it\\\/\"},{\"@type\":\"ListItem\",\"position\":2,\"name\":\"Come raggiungerci\"}]},{\"@type\":\"WebSite\",\"@id\":\"https:\\\/\\\/modra-spilja.hr\\\/#website\",\"url\":\"https:\\\/\\\/modra-spilja.hr\\\/\",\"name\":\"Hotel Bi\u0161evo\",\"description\":\"Benvenuti a Hotel Bi\u0161evo\",\"publisher\":{\"@id\":\"https:\\\/\\\/modra-spilja.hr\\\/#organization\"},\"potentialAction\":[{\"@type\":\"SearchAction\",\"target\":{\"@type\":\"EntryPoint\",\"urlTemplate\":\"https:\\\/\\\/modra-spilja.hr\\\/?s={search_term_string}\"},\"query-input\":{\"@type\":\"PropertyValueSpecification\",\"valueRequired\":true,\"valueName\":\"search_term_string\"}}],\"inLanguage\":\"it-IT\"},{\"@type\":\"Organization\",\"@id\":\"https:\\\/\\\/modra-spilja.hr\\\/#organization\",\"name\":\"Modra Spilja d.d.\",\"url\":\"https:\\\/\\\/modra-spilja.hr\\\/\",\"logo\":{\"@type\":\"ImageObject\",\"inLanguage\":\"it-IT\",\"@id\":\"https:\\\/\\\/modra-spilja.hr\\\/#\\\/schema\\\/logo\\\/image\\\/\",\"url\":\"https:\\\/\\\/modra-spilja.hr\\\/wp-content\\\/uploads\\\/2021\\\/02\\\/bisevo.jpg\",\"contentUrl\":\"https:\\\/\\\/modra-spilja.hr\\\/wp-content\\\/uploads\\\/2021\\\/02\\\/bisevo.jpg\",\"width\":354,\"height\":354,\"caption\":\"Modra Spilja d.d.\"},\"image\":{\"@id\":\"https:\\\/\\\/modra-spilja.hr\\\/#\\\/schema\\\/logo\\\/image\\\/\"},\"sameAs\":[\"https:\\\/\\\/www.facebook.com\\\/bisevohotel\",\"https:\\\/\\\/x.com\\\/bisevo_hotel\",\"https:\\\/\\\/www.instagram.com\\\/komiza_vis\\\/\"]}]}<\/script>\n<!-- \/ Yoast SEO plugin. -->","yoast_head_json":{"title":"Come raggiungerci - Hotel Bi\u0161evo","description":"Scopri il modo migliore per raggiungere l'isola di Vis. Prenota la tua camera d'albergo in riva al mare all'Hotel Bi\u0161evo.","robots":{"index":"index","follow":"follow","max-snippet":"max-snippet:-1","max-image-preview":"max-image-preview:large","max-video-preview":"max-video-preview:-1"},"canonical":"https:\/\/modra-spilja.hr\/it\/how-to-reach-us\/","og_locale":"it_IT","og_type":"article","og_title":"Come raggiungerci - Hotel Bi\u0161evo","og_description":"Scopri il modo migliore per raggiungere l'isola di Vis. Prenota la tua camera d'albergo in riva al mare all'Hotel Bi\u0161evo.","og_url":"https:\/\/modra-spilja.hr\/it\/how-to-reach-us\/","og_site_name":"Hotel Bi\u0161evo","article_publisher":"https:\/\/www.facebook.com\/bisevohotel","article_modified_time":"2024-10-21T07:15:00+00:00","twitter_card":"summary_large_image","twitter_site":"@bisevo_hotel","twitter_misc":{"Tempo di lettura stimato":"3 minuti"},"schema":{"@context":"https:\/\/schema.org","@graph":[{"@type":"WebPage","@id":"https:\/\/modra-spilja.hr\/it\/how-to-reach-us\/","url":"https:\/\/modra-spilja.hr\/it\/how-to-reach-us\/","name":"Come raggiungerci - Hotel Bi\u0161evo","isPartOf":{"@id":"https:\/\/modra-spilja.hr\/#website"},"datePublished":"2021-02-03T11:48:17+00:00","dateModified":"2024-10-21T07:15:00+00:00","description":"Scopri il modo migliore per raggiungere l'isola di Vis. Prenota la tua camera d'albergo in riva al mare all'Hotel Bi\u0161evo.","breadcrumb":{"@id":"https:\/\/modra-spilja.hr\/it\/how-to-reach-us\/#breadcrumb"},"inLanguage":"it-IT","potentialAction":[{"@type":"ReadAction","target":["https:\/\/modra-spilja.hr\/it\/how-to-reach-us\/"]}]},{"@type":"BreadcrumbList","@id":"https:\/\/modra-spilja.hr\/it\/how-to-reach-us\/#breadcrumb","itemListElement":[{"@type":"ListItem","position":1,"name":"Home","item":"https:\/\/modra-spilja.hr\/it\/"},{"@type":"ListItem","position":2,"name":"Come raggiungerci"}]},{"@type":"WebSite","@id":"https:\/\/modra-spilja.hr\/#website","url":"https:\/\/modra-spilja.hr\/","name":"Hotel Bi\u0161evo","description":"Benvenuti a Hotel Bi\u0161evo","publisher":{"@id":"https:\/\/modra-spilja.hr\/#organization"},"potentialAction":[{"@type":"SearchAction","target":{"@type":"EntryPoint","urlTemplate":"https:\/\/modra-spilja.hr\/?s={search_term_string}"},"query-input":{"@type":"PropertyValueSpecification","valueRequired":true,"valueName":"search_term_string"}}],"inLanguage":"it-IT"},{"@type":"Organization","@id":"https:\/\/modra-spilja.hr\/#organization","name":"Modra Spilja d.d.","url":"https:\/\/modra-spilja.hr\/","logo":{"@type":"ImageObject","inLanguage":"it-IT","@id":"https:\/\/modra-spilja.hr\/#\/schema\/logo\/image\/","url":"https:\/\/modra-spilja.hr\/wp-content\/uploads\/2021\/02\/bisevo.jpg","contentUrl":"https:\/\/modra-spilja.hr\/wp-content\/uploads\/2021\/02\/bisevo.jpg","width":354,"height":354,"caption":"Modra Spilja d.d."},"image":{"@id":"https:\/\/modra-spilja.hr\/#\/schema\/logo\/image\/"},"sameAs":["https:\/\/www.facebook.com\/bisevohotel","https:\/\/x.com\/bisevo_hotel","https:\/\/www.instagram.com\/komiza_vis\/"]}]}},"_links":{"self":[{"href":"https:\/\/modra-spilja.hr\/it\/wp-json\/wp\/v2\/pages\/4788","targetHints":{"allow":["GET"]}}],"collection":[{"href":"https:\/\/modra-spilja.hr\/it\/wp-json\/wp\/v2\/pages"}],"about":[{"href":"https:\/\/modra-spilja.hr\/it\/wp-json\/wp\/v2\/types\/page"}],"author":[{"embeddable":true,"href":"https:\/\/modra-spilja.hr\/it\/wp-json\/wp\/v2\/users\/1"}],"replies":[{"embeddable":true,"href":"https:\/\/modra-spilja.hr\/it\/wp-json\/wp\/v2\/comments?post=4788"}],"version-history":[{"count":12,"href":"https:\/\/modra-spilja.hr\/it\/wp-json\/wp\/v2\/pages\/4788\/revisions"}],"predecessor-version":[{"id":5712,"href":"https:\/\/modra-spilja.hr\/it\/wp-json\/wp\/v2\/pages\/4788\/revisions\/5712"}],"wp:attachment":[{"href":"https:\/\/modra-spilja.hr\/it\/wp-json\/wp\/v2\/media?parent=4788"}],"curies":[{"name":"wp","href":"https:\/\/api.w.org\/{rel}","templated":true}]}}