{"id":4734,"date":"2021-02-03T16:43:23","date_gmt":"2021-02-03T16:43:23","guid":{"rendered":"http:\/\/modra-spilja.hr\/gastronomy\/"},"modified":"2021-05-27T14:26:24","modified_gmt":"2021-05-27T14:26:24","slug":"gastronomy","status":"publish","type":"page","link":"https:\/\/modra-spilja.hr\/it\/gastronomy\/","title":{"rendered":"Gastronomia"},"content":{"rendered":"<div class=\"wpb-content-wrapper\"><p>[vc_row][vc_column][vc_column_text]<\/p>\n<h2 style=\"text-align: center; font-weight: 400;\">La gastronomia della citt\u00e0 di Komi\u017ea e dell\u2019isola di Vis<\/h2>\n<p>Maurice Edmond Sailland &#8211; Curnonsky, un grande scrittore e critico epicureo e gastronomico della fine del XIX e dell&#8217;inizio del XX secolo, soprannominato &#8220;il principe di tutti i gastronomi&#8221;, sosteneva che l&#8217;apice della gastronomia si raggiunge usando ingredienti che non hanno perso l\u2019aspetto, il gusto e il profumo originali.<\/p>\n<p>Proprio per questo la cucina dell&#8217;Isola di Vis, che si basa sul sapore originale dei frutti di mare e della terra nella loro edizione migliore e pi\u00f9 naturale, sta vivendo oggi la sua rinascita. Tutti coloro che associano i profumi e i sapori della gastronomia di Vis in un&#8217;esperienza unica con il soggiorno in questa perla incontaminata del Mediterraneo, diventano amanti dell\u2019Isola che tornano anno dopo anno per ripristinare il piacere edonistico riscontrato.<\/p>\n<p>Il microclima unico, il ricco altopiano dell\u2019Isola e i campi fertili sono i presupposti ideali per raccolti fruttuosi di limoni, olive e uva. Oltre a questo conoscendo il fatto che le acque di Komi\u017ea sono ricche di pesce e i pescatori del posto sono abili innovatori nel mondo della pesca, possiamo facilmente concludere che molti vengono sull\u2019Isola di Vis per vivere una speciale esperienza gastronomica.<\/p>\n<p>Polpette di polpo o insalata, pesce essiccato, salato e affumicato, calamari in umido al vino con alloro, pesce in ceci, pasta e fagioli al brujet (zuppa di pesce) sono solo alcuni dei piatti che non troverete da nessun&#8217;altra parte sull&#8217;Adriatico.<\/p>\n<p>Uno dei modi pi\u00f9 conosciuti e apprezzati per preparare le prelibatezze a base di carne o pesce in Dalmazia \u00e8 sicuramente cuocendoli sotto \u201cla peka\u201d. La peka \u00e8 un piatto arrosto che si prepara con carne o pesce e verdura in una pentola o in un vassoio; la pentola si mette sulla brace nel caminetto. Per gustare uno di questi piatti tipici \u00e8 meglio prenotare in anticipo perch\u00e9 la preparazione\u00a0 \u00e8 tradizionale, richiede tempo e amore. Anche il brujet (zuppa di pesce), i piatti a base di pesce rospo e l\u2019aragosta sono specialit\u00e0 da non perdere. Quindi, per godersi la gastronomia unica dell\u2019Isola di Vis come si deve, una settimana \u00e8 un minimo di tempo indispensabile.<\/p>\n<p>Per prepararsi in tempo ai fuochi d&#8217;artificio per il palato, potete impastare una tradizionale focaccia salata di Comisa o la Komi\u0161ka poga\u010da, prima di partire per l\u2019Isola di Vis. Nella citt\u00e0 di Vis, dove gli abitanti erano principalmente dediti alla vinificazione e all&#8217;olivicoltura, questa focaccia si preparava senza pomodori. Tutt\u2019ora viene chiamata la focaccia salata di Lissa o Vi\u0161ka poga\u010da.<\/p>\n<p>Questa specialit\u00e0 autoctona locale contiene, tra l&#8217;altro, pesce sotto sale che si prepara dalla notte dei tempi in ogni paesino affacciato al litorale croato. Questo modo di conservare il pesce gli consente\u00a0 di mantenere intatte tutte le proprie propriet\u00e0 nutritive e d\u00e0 ai cibi a cui si aggiunge un carattere pi\u00f9 intenso.[\/vc_column_text][vc_empty_space height=&#8221;20px&#8221;][\/vc_column][\/vc_row][vc_row][vc_column width=&#8221;1\/3&#8243;][vc_single_image image=&#8221;4382&#8243; img_size=&#8221;full&#8221; alignment=&#8221;center&#8221;][vc_empty_space height=&#8221;20px&#8221;][\/vc_column][vc_column width=&#8221;2\/3&#8243;][vc_column_text]<strong>La Komi\u0161ka poga\u010da \u00e8 una focaccia salata e aromatica originaria del piccolo borgo di mare dell\u2019isola di Vis, ossia Komi\u017ea.<\/strong><\/p>\n<p>Divertitevi a impastare la pasta fatta di farina, lievito, acqua e due cucchiai di olio d&#8217;oliva. Aggiungete un pizzico di sale. \u00c8 un processo che pu\u00f2 essere usato anche come trattamento antistress!<\/p>\n<p>Mentre l&#8217;impasto riposa al caldo e raddoppia, soffriggete la cipolla tagliata a rondelle (cinque cipolle medie) in olio extra vergine d&#8217;oliva, quindi aggiungete pomodori pelati o pomodori maturi freschi schiacciati, sale e pepe. Per aggiungere gusto potete completare il tutto con un po&#8217; di prezzemolo tritato, capperi e origano.<\/p>\n<p>Dividete l&#8217;impasto in due parti, una pi\u00f9 grande, con cui rivestirete la teglia da forno, e l\u2019altra, pi\u00f9 piccola, che servir\u00e0 come coperchio. Stendetene la parte pi\u00f9 grande su una teglia unta d&#8217;olio, irrorate con olio d&#8217;oliva, unite il ripieno e adagiatevi sopra i filetti di acciughe o sarde salate.<\/p>\n<p>Chiudere il tutto con l&#8217;altra parte dell&#8217;impasto e premere i bordi per unirli. Il tutto va abbondantemente unto con olio d\u2019oliva.<\/p>\n<p>Dopo 40 minuti circa di pazienza, nei quali questa prelibatezza cuoce nel forno a 180\u2070, potrete godere dei sapori dell&#8217;isola di Vis.<\/p>\n<p>La Komi\u0161ka poga\u010da di solito si taglia a quadrati. Grazie ai suoi condimenti e al ripieno ricco e succoso, \u00e8 ottima come spuntino o merenda ma anche come piatto unico.<\/p>\n<p>Dobar tek![\/vc_column_text][vc_empty_space height=&#8221;50px&#8221;][\/vc_column][\/vc_row][vc_row][vc_column width=&#8221;1\/6&#8243;][\/vc_column][vc_column width=&#8221;2\/3&#8243;][vc_images_carousel images=&#8221;4318,4316&#8243; img_size=&#8221;full&#8221;][\/vc_column][vc_column width=&#8221;1\/6&#8243;][\/vc_column][\/vc_row][vc_row][vc_column][vc_column_text]<\/p>\n<h2 style=\"text-align: center;\"><span style=\"font-weight: 400;\">I prodotti del isola<\/span><\/h2>\n<p><strong>IL VINO<\/strong><\/p>\n<p>Vis \u00e8 una isola dove si vive rispettando la tradizione. Quindi, quando parliamo di gastronomia e di vini, dobbiamo attenerci al detto popolare:<\/p>\n<p>&#8220;Il pesce deve nuotare tre volte: nel mare, nell&#8217;olio d\u2019oliva e nel buon vino!&#8221;<\/p>\n<p>I vini buoni su quest&#8217;isola del mare Adriatico son i vini ottenuti da vitigni autoctoni.<\/p>\n<p>Il vino di Vis vi porter\u00e0 in viaggio attraverso la storia romantica del vino che risale al tempo in cui i Greci erano l&#8217;alfa e l&#8217;omega di questi mari. Sono loro che hanno piantato le prime viti e, poich\u00e9 essi stessi erano amanti di questo nettare paradisiaco, hanno goduto dei frutti del loro lavoro.<\/p>\n<p>I residenti diligenti dell&#8217;Isola di Vis anche oggi coltivano la tradizione della vinificazione. Qualunque azienda vinicola o enoteca vi inviti ad assaggiare i loro prodotti, non esitate a entrare.<\/p>\n<p>La parte interna dell\u2019isola \u00e8 ricoperta di vigne, principalmente il Plavac Mal\u00ec a bacca rossa, parente stretto del Primitivo di Manduria Italiano o Zinfandel Californiano.<\/p>\n<p>Il Vugava o Bugava \u00e8 il vino a bacca bianca, dalla sontuosa pienezza e dal sapore di miele, che \u00e8 coltivato quasi esclusivamente sull\u2019isola di Vis e ha origini molto antiche.<\/p>\n<p>Per gli amanti del vino a cui piace assaggiare e godere di tutto ci\u00f2 che quest&#8217;isola paradisiaca ha da offrire, ci sono le tour del vino.<\/p>\n<p><strong>I DOLCI<\/strong><\/p>\n<p>Quando la voglia di dolce \u00e8 irresistibile e vi trovate sull\u2019Isola di Vis, gli Cviti o le Hro\u0161tule sono la scelta giusta. Questi dolci tradizionali vi introdurranno nel mondo delle festivit\u00e0 dell\u2019isola sin dal primo morso, perch\u00e9 non c&#8217;\u00e8 matrimonio o celebrazione senza questi biscotti croccanti e dolcetti fritti spolverati di zucchero.<\/p>\n<p><strong>LA CARRUBA <\/strong><\/p>\n<p>I dolci fatti con farina di carrube sono una vera prelibatezza e non solo per il palato. La carruba \u00e8 ricca di fibre, di vitamine come la riboflavina (Vitamina B2), di minerali come calcio, rame, potassio e manganese. Questo frutto \u00e8 noto fin dall&#8217;antichit\u00e0 ed \u00e8 apprezzato oggi come allora. A Komi\u017ea viene coltivato e lavorato da pi\u00f9 di 50 anni. Sull\u2019Isola c\u2019\u00e8l\u2019unico mulino di carruba in Croazia.<\/p>\n<p>I frutti prodotti dalla carruba sono legumi che vengono utilizzati anche per la produzione della grappa aromatizzata &#8211; Roga\u010dica, il migliore dei souvenir. Le note calde di questa grappa vi riporterano alla bellezza naturale dell\u2019Isola di Vis ovunque vi troviate.<\/p>\n<p><strong>IL FICO<\/strong><\/p>\n<p>Il fico era un albero sacro per gli antichi popoli indoeuropei, associato a rituali di fertilit\u00e0 e iniziazione. Molte prelibatezze sono fatte con il suo delizioso frutto. Le abili mani dei abitanti dell\u2019Isola di Vis trasformano i fichi secchi in pane di fico. Questo pane viene preparato ancora oggi in modo tradizionale, ed \u00e8 noto come il hib di Vis (hib come hljeb che significa \u201cpane\u201d).<\/p>\n<p><strong>Il hib di Vis<\/strong> \u00e8 preparato con ingredienti ecologici: fichi secchi, semi di finocchio, mandorle, scorza d&#8217;arancia e grappa locale. Viene conservato in foglie essiccate di alloro e rosmarino, che gli conferiscono un aroma speciale.<\/p>\n<p>Questa focaccina aromatica \u00e8 una vera bomba energetica che i paesani dell&#8217;isola mangiavano lavorando nei campi per ripristinare le forze. Durante le feste di Natale il hib viene servito con un bicchierino di grappa alle erbe aromatiche o con il prosecco.<\/p>\n<p><strong>LIMONI E ARANCE<\/strong><\/p>\n<p>Scorze di limone e arancia essiccate e macinate, narancini (scorzette di arancia candite), limuncini (scorzette di limone candite), confettura di arance amare e confettura di limoni sono solo alcune delle prelibatezze che troverete dagli produttori tradizionali dell\u2019Isola di Vis.<\/p>\n<p>Inoltre, vari liquori, capperi e motar (finocchio marino) sott\u2019aceto e l\u2019olio d&#8217;oliva dal sapore delicato rendono l&#8217;offerta di prodotti autoctoni locali varia e irresistibile.[\/vc_column_text][\/vc_column][\/vc_row]<\/p>\n<\/div>","protected":false},"excerpt":{"rendered":"<p>[vc_row][vc_column][vc_column_text] La gastronomia della citt\u00e0 di Komi\u017ea e dell\u2019isola di Vis Maurice Edmond Sailland &#8211; Curnonsky, un grande scrittore e critico epicureo e gastronomico della fine del XIX e dell&#8217;inizio del XX secolo, soprannominato &#8220;il principe di tutti i gastronomi&#8221;, sosteneva che l&#8217;apice della gastronomia si raggiunge usando ingredienti che&#8230;<\/p>\n","protected":false},"author":1,"featured_media":0,"parent":0,"menu_order":0,"comment_status":"closed","ping_status":"closed","template":"","meta":{"footnotes":""},"class_list":["post-4734","page","type-page","status-publish","hentry"],"yoast_head":"<!-- This site is optimized with the Yoast SEO plugin v27.3 - https:\/\/yoast.com\/product\/yoast-seo-wordpress\/ -->\n<title>Gastronomia - Hotel Bi\u0161evo<\/title>\n<meta name=\"description\" content=\"L\u2019originale e semplice cucina dell&#039;isola di Vis vi delizier\u00e0. Dai un\u2019occhiata sui piatti tradizionali da provare durante la tua vacanza rilassante sull&#039;isola.\" \/>\n<meta name=\"robots\" content=\"index, follow, max-snippet:-1, max-image-preview:large, max-video-preview:-1\" \/>\n<link rel=\"canonical\" href=\"https:\/\/modra-spilja.hr\/it\/gastronomy\/\" \/>\n<meta property=\"og:locale\" content=\"it_IT\" \/>\n<meta property=\"og:type\" content=\"article\" \/>\n<meta property=\"og:title\" content=\"Gastronomia - Hotel Bi\u0161evo\" \/>\n<meta property=\"og:description\" content=\"L\u2019originale e semplice cucina dell&#039;isola di Vis vi delizier\u00e0. Dai un\u2019occhiata sui piatti tradizionali da provare durante la tua vacanza rilassante sull&#039;isola.\" \/>\n<meta property=\"og:url\" content=\"https:\/\/modra-spilja.hr\/it\/gastronomy\/\" \/>\n<meta property=\"og:site_name\" content=\"Hotel Bi\u0161evo\" \/>\n<meta property=\"article:publisher\" content=\"https:\/\/www.facebook.com\/bisevohotel\" \/>\n<meta property=\"article:modified_time\" content=\"2021-05-27T14:26:24+00:00\" \/>\n<meta name=\"twitter:card\" content=\"summary_large_image\" \/>\n<meta name=\"twitter:site\" content=\"@bisevo_hotel\" \/>\n<meta name=\"twitter:label1\" content=\"Tempo di lettura stimato\" \/>\n\t<meta name=\"twitter:data1\" content=\"7 minuti\" \/>\n<script type=\"application\/ld+json\" class=\"yoast-schema-graph\">{\"@context\":\"https:\\\/\\\/schema.org\",\"@graph\":[{\"@type\":\"WebPage\",\"@id\":\"https:\\\/\\\/modra-spilja.hr\\\/it\\\/gastronomy\\\/\",\"url\":\"https:\\\/\\\/modra-spilja.hr\\\/it\\\/gastronomy\\\/\",\"name\":\"Gastronomia - Hotel Bi\u0161evo\",\"isPartOf\":{\"@id\":\"https:\\\/\\\/modra-spilja.hr\\\/#website\"},\"datePublished\":\"2021-02-03T16:43:23+00:00\",\"dateModified\":\"2021-05-27T14:26:24+00:00\",\"description\":\"L\u2019originale e semplice cucina dell'isola di Vis vi delizier\u00e0. Dai un\u2019occhiata sui piatti tradizionali da provare durante la tua vacanza rilassante sull'isola.\",\"breadcrumb\":{\"@id\":\"https:\\\/\\\/modra-spilja.hr\\\/it\\\/gastronomy\\\/#breadcrumb\"},\"inLanguage\":\"it-IT\",\"potentialAction\":[{\"@type\":\"ReadAction\",\"target\":[\"https:\\\/\\\/modra-spilja.hr\\\/it\\\/gastronomy\\\/\"]}]},{\"@type\":\"BreadcrumbList\",\"@id\":\"https:\\\/\\\/modra-spilja.hr\\\/it\\\/gastronomy\\\/#breadcrumb\",\"itemListElement\":[{\"@type\":\"ListItem\",\"position\":1,\"name\":\"Home\",\"item\":\"https:\\\/\\\/modra-spilja.hr\\\/it\\\/\"},{\"@type\":\"ListItem\",\"position\":2,\"name\":\"Gastronomia\"}]},{\"@type\":\"WebSite\",\"@id\":\"https:\\\/\\\/modra-spilja.hr\\\/#website\",\"url\":\"https:\\\/\\\/modra-spilja.hr\\\/\",\"name\":\"Hotel Bi\u0161evo\",\"description\":\"Benvenuti a Hotel Bi\u0161evo\",\"publisher\":{\"@id\":\"https:\\\/\\\/modra-spilja.hr\\\/#organization\"},\"potentialAction\":[{\"@type\":\"SearchAction\",\"target\":{\"@type\":\"EntryPoint\",\"urlTemplate\":\"https:\\\/\\\/modra-spilja.hr\\\/?s={search_term_string}\"},\"query-input\":{\"@type\":\"PropertyValueSpecification\",\"valueRequired\":true,\"valueName\":\"search_term_string\"}}],\"inLanguage\":\"it-IT\"},{\"@type\":\"Organization\",\"@id\":\"https:\\\/\\\/modra-spilja.hr\\\/#organization\",\"name\":\"Modra Spilja d.d.\",\"url\":\"https:\\\/\\\/modra-spilja.hr\\\/\",\"logo\":{\"@type\":\"ImageObject\",\"inLanguage\":\"it-IT\",\"@id\":\"https:\\\/\\\/modra-spilja.hr\\\/#\\\/schema\\\/logo\\\/image\\\/\",\"url\":\"https:\\\/\\\/modra-spilja.hr\\\/wp-content\\\/uploads\\\/2021\\\/02\\\/bisevo.jpg\",\"contentUrl\":\"https:\\\/\\\/modra-spilja.hr\\\/wp-content\\\/uploads\\\/2021\\\/02\\\/bisevo.jpg\",\"width\":354,\"height\":354,\"caption\":\"Modra Spilja d.d.\"},\"image\":{\"@id\":\"https:\\\/\\\/modra-spilja.hr\\\/#\\\/schema\\\/logo\\\/image\\\/\"},\"sameAs\":[\"https:\\\/\\\/www.facebook.com\\\/bisevohotel\",\"https:\\\/\\\/x.com\\\/bisevo_hotel\",\"https:\\\/\\\/www.instagram.com\\\/komiza_vis\\\/\"]}]}<\/script>\n<!-- \/ Yoast SEO plugin. -->","yoast_head_json":{"title":"Gastronomia - Hotel Bi\u0161evo","description":"L\u2019originale e semplice cucina dell'isola di Vis vi delizier\u00e0. Dai un\u2019occhiata sui piatti tradizionali da provare durante la tua vacanza rilassante sull'isola.","robots":{"index":"index","follow":"follow","max-snippet":"max-snippet:-1","max-image-preview":"max-image-preview:large","max-video-preview":"max-video-preview:-1"},"canonical":"https:\/\/modra-spilja.hr\/it\/gastronomy\/","og_locale":"it_IT","og_type":"article","og_title":"Gastronomia - Hotel Bi\u0161evo","og_description":"L\u2019originale e semplice cucina dell'isola di Vis vi delizier\u00e0. Dai un\u2019occhiata sui piatti tradizionali da provare durante la tua vacanza rilassante sull'isola.","og_url":"https:\/\/modra-spilja.hr\/it\/gastronomy\/","og_site_name":"Hotel Bi\u0161evo","article_publisher":"https:\/\/www.facebook.com\/bisevohotel","article_modified_time":"2021-05-27T14:26:24+00:00","twitter_card":"summary_large_image","twitter_site":"@bisevo_hotel","twitter_misc":{"Tempo di lettura stimato":"7 minuti"},"schema":{"@context":"https:\/\/schema.org","@graph":[{"@type":"WebPage","@id":"https:\/\/modra-spilja.hr\/it\/gastronomy\/","url":"https:\/\/modra-spilja.hr\/it\/gastronomy\/","name":"Gastronomia - Hotel Bi\u0161evo","isPartOf":{"@id":"https:\/\/modra-spilja.hr\/#website"},"datePublished":"2021-02-03T16:43:23+00:00","dateModified":"2021-05-27T14:26:24+00:00","description":"L\u2019originale e semplice cucina dell'isola di Vis vi delizier\u00e0. Dai un\u2019occhiata sui piatti tradizionali da provare durante la tua vacanza rilassante sull'isola.","breadcrumb":{"@id":"https:\/\/modra-spilja.hr\/it\/gastronomy\/#breadcrumb"},"inLanguage":"it-IT","potentialAction":[{"@type":"ReadAction","target":["https:\/\/modra-spilja.hr\/it\/gastronomy\/"]}]},{"@type":"BreadcrumbList","@id":"https:\/\/modra-spilja.hr\/it\/gastronomy\/#breadcrumb","itemListElement":[{"@type":"ListItem","position":1,"name":"Home","item":"https:\/\/modra-spilja.hr\/it\/"},{"@type":"ListItem","position":2,"name":"Gastronomia"}]},{"@type":"WebSite","@id":"https:\/\/modra-spilja.hr\/#website","url":"https:\/\/modra-spilja.hr\/","name":"Hotel Bi\u0161evo","description":"Benvenuti a Hotel Bi\u0161evo","publisher":{"@id":"https:\/\/modra-spilja.hr\/#organization"},"potentialAction":[{"@type":"SearchAction","target":{"@type":"EntryPoint","urlTemplate":"https:\/\/modra-spilja.hr\/?s={search_term_string}"},"query-input":{"@type":"PropertyValueSpecification","valueRequired":true,"valueName":"search_term_string"}}],"inLanguage":"it-IT"},{"@type":"Organization","@id":"https:\/\/modra-spilja.hr\/#organization","name":"Modra Spilja d.d.","url":"https:\/\/modra-spilja.hr\/","logo":{"@type":"ImageObject","inLanguage":"it-IT","@id":"https:\/\/modra-spilja.hr\/#\/schema\/logo\/image\/","url":"https:\/\/modra-spilja.hr\/wp-content\/uploads\/2021\/02\/bisevo.jpg","contentUrl":"https:\/\/modra-spilja.hr\/wp-content\/uploads\/2021\/02\/bisevo.jpg","width":354,"height":354,"caption":"Modra Spilja d.d."},"image":{"@id":"https:\/\/modra-spilja.hr\/#\/schema\/logo\/image\/"},"sameAs":["https:\/\/www.facebook.com\/bisevohotel","https:\/\/x.com\/bisevo_hotel","https:\/\/www.instagram.com\/komiza_vis\/"]}]}},"_links":{"self":[{"href":"https:\/\/modra-spilja.hr\/it\/wp-json\/wp\/v2\/pages\/4734","targetHints":{"allow":["GET"]}}],"collection":[{"href":"https:\/\/modra-spilja.hr\/it\/wp-json\/wp\/v2\/pages"}],"about":[{"href":"https:\/\/modra-spilja.hr\/it\/wp-json\/wp\/v2\/types\/page"}],"author":[{"embeddable":true,"href":"https:\/\/modra-spilja.hr\/it\/wp-json\/wp\/v2\/users\/1"}],"replies":[{"embeddable":true,"href":"https:\/\/modra-spilja.hr\/it\/wp-json\/wp\/v2\/comments?post=4734"}],"version-history":[{"count":5,"href":"https:\/\/modra-spilja.hr\/it\/wp-json\/wp\/v2\/pages\/4734\/revisions"}],"predecessor-version":[{"id":4992,"href":"https:\/\/modra-spilja.hr\/it\/wp-json\/wp\/v2\/pages\/4734\/revisions\/4992"}],"wp:attachment":[{"href":"https:\/\/modra-spilja.hr\/it\/wp-json\/wp\/v2\/media?parent=4734"}],"curies":[{"name":"wp","href":"https:\/\/api.w.org\/{rel}","templated":true}]}}