{"id":4716,"date":"2021-02-03T16:51:08","date_gmt":"2021-02-03T16:51:08","guid":{"rendered":"http:\/\/modra-spilja.hr\/the-island-of-vis\/"},"modified":"2024-06-03T11:35:20","modified_gmt":"2024-06-03T11:35:20","slug":"the-island-of-vis","status":"publish","type":"page","link":"https:\/\/modra-spilja.hr\/it\/the-island-of-vis\/","title":{"rendered":"L&#8217;isola di Vis (Lissa)"},"content":{"rendered":"<div class=\"wpb-content-wrapper\"><p>[vc_row][vc_column width=&#8221;1\/6&#8243;][\/vc_column][vc_column width=&#8221;2\/3&#8243;][vc_images_carousel images=&#8221;4276,4278,4286,4290&#8243; img_size=&#8221;full&#8221;][\/vc_column][vc_column width=&#8221;1\/6&#8243;][\/vc_column][\/vc_row][vc_row][vc_column][vc_empty_space][vc_column_text]<\/p>\n<h2 style=\"text-align: center;\"><span style=\"font-weight: 400;\">Un po&#8217; di storia<\/span><\/h2>\n<p>Benuti sull&#8217;Isola di Vis, una piccola oasi di natura incontaminata nel verdazzurro mare Adriatico. Vis \u00e8 situata al largo di Spalato, tra le isole dell&#8217;Adriatico meridionale, il mare aperto e lo Stretto di Otranto. Assieme alle vicine isolette Bi\u0161evo (Busi), Jabuka (Pomo) e Svetac (Sant&#8217;Andrea in Pelago) forma il piccolo arcipelago omonimo.<\/p>\n<p>Grazie a questa eccezionale posizione geografica, qui la storia si \u00e8 intrecciata, spezzata ed \u00e8 riaffiorata dal periodo della preistoria in cui sono state scoperte le prime tracce dell&#8217;insediamento dell&#8217;isola, fino a oggi.<\/p>\n<p>Nel I millennio aC, qui vivevano i LIBURNI, una trib\u00f9 illirica, abili pirati. Ce lo raccontano molti siti archeologici scoperti sull\u2019isola.<\/p>\n<p><strong>IL PERIODO GRECO<\/strong><\/p>\n<p>La ricca storia dell&#8217;arcipelago di Vis pu\u00f2 essere raccontata anche attraverso i resti dell\u2019antica citt\u00e0 Issa, la pi\u00f9 importante colonia greca sul suolo croato, che si trovava nell&#8217;area dell&#8217;odierna citt\u00e0 di Vis (Lissa) (nella zona di Gradina e su la penisola di Prirovo). Il tiranno Dionisio I di Siracusa detto il Vecchio, decise di trasformare Issa nel centro di colonizzazione della costa adriatica orientale.<\/p>\n<p>Issa era organizzata autonomamente, secondo le proprie leggi e le proprie tradizioni. Coniavano la propria moneta, hanno sviluppato la loro flotta, producevano oggetti in ceramica, erano abili comercianti e coltivavano viti. La prima goccia di vino paradisiaco dell&#8217;Isola di Vis ha avuto origine proprio ai tempi degli antichi greci. I vini di Vis erano apprezzati fin dall&#8217;antichit\u00e0 e celebrati dallo storico Agatarchide di Cnido nel II secolo a.C.<\/p>\n<p><strong>ARRIVANO I ROMANI<\/strong><\/p>\n<p>Nel I secolo aC Issa &#8220;flirt\u00f2&#8221; con i romani, divenendone alleata sull&#8217;Adriatico. Questo dur\u00f2 fino al periodo del potente Cesare che sconfisse Pompeo nella Guerra Civile e trasform\u00f2 Issa in un suddito di Roma, politicamente dipendente dalla nuova colonia romana di Salona.<\/p>\n<p>A Issa per\u00f2c ontinuarono a parlare la lingua greca, a sviluppare il commercio, visitavano teatri e vivevano bene, come anche testimoniano i resti delle grandi terme di epoca romana. Tuttavia, ogni periodo prima o poi finisce e cos\u00ec, con l&#8217;indebolimento dell&#8217;Impero Romano, l&#8217;isola di Vis entr\u00f2 lentamente in un nuovo capitolo della storia, segnato dall&#8217;arrivo di nuovi coloni di origine slava nel VII secolo<strong>, I CROATI<\/strong>. I nuovi abitanti si sono inseriti perfettamente nella vita dell&#8217;isola acquisendo le capacit\u00e0 marittime degli indigeni e continuando a coltivare colture agricole mediterranee. Tra l\u2019altro erano abilissimi pirati. Alla fine del X secolo provocarono l&#8217;ira dei veneziani che attaccarono e distrussero Vis.<\/p>\n<p>La vita dell&#8217;isola si spost\u00f2 nell\u2019entroterra e Vis divenne un&#8217;oasi per l&#8217;aristocrazia dell\u2019isola di Hvar (Lesina), che vi costru\u00ec ville e sfrutt\u00f2 i suoi campi e gli abitanti.<\/p>\n<p>Segue un periodo storico turbolento in cuil\u2019isola viene attaccata dai catalani al servizio del re di Napoli, ed su di essa incombe il pericolo imminente di attacchi da parte di turchi e arabi. Gli abitanti dell\u2019isola costruirono per difendersi case fortificate. Cos\u00ec si formarono gli insediamenti di Kut e Luka, dai quali si \u00e8 successivamente sviluppata la citt\u00e0 di Vis.<\/p>\n<p>Nonostante tutto, Vis divenne un importante porto dell&#8217;Impero Veneziano e un punto d&#8217;incontro del Medio Oriente con l&#8217;Europa.<\/p>\n<p>Cos\u00ec, questa piccola isola in mezzo al mare Adriatico passa di mano in mano delle grandi potenze europee. Quando la Repubblica di Venezia croll\u00f2, Lissa pass\u00f2 sotto il dominio dell&#8217;Austria e poi, con l&#8217;arrivo di Napoleone, della Francia. Gli inglesi entrarono in gioco nel 1810 quando occuparono l\u2019isola e ne saccheggiarono le fortificazioni. Era il periodo di contrabbando di merci britanniche di cui era vietata l\u2019importazione e anche il periodo del cricket, il passatempo preferito dei nuovi arrivati \u200b\u200bbritannici.<\/p>\n<p>Dal 1815 Vis \u00e8 tornata a fiorire economicamente e culturalmente sotto il dominio austriaco. I suoi abitanti vengono apprezzati come abili pescatori e marinai, e il vino prodotto sull\u2019isola diventa famoso nelle societ\u00e0 pi\u00f9 eleganti di tutta l\u2019Europa.<\/p>\n<p>Sfortunatamente, all&#8217;inizio del XX secolo, una malattia della vite distrugge i raccolti e anche i redditi della maggior parte dei residenti che emigrano verso paesi d&#8217;oltremare.<\/p>\n<p><strong>La battaglia di Vis <\/strong><strong>del 20 luglio 1866<\/strong><\/p>\n<p>La battaglia di Vis fu uno scontro navale nell&#8217;ambito della terza guerra d&#8217;indipendenza italiana e si svolse il 20 luglio 1866 sul mar Adriatico, tra la Kriegsmarine, la Marina da Guerra dell&#8217;Impero austriaco e la Regia Marina del Regno d&#8217;Italia. Fu la prima grande battaglia navale tra navi a vapore corazzate. L&#8217;ammiraglio Tegetthoff guid\u00f2 la flotta austriaca nel canale di Vis per difendere l\u2019isola. La flotta, relativamente piccola e obsoleta, \u00e8 riuscita a sconfiggere le magnifiche e moderne navi da guerra italiane in una battaglia che dur\u00f2 quattro ore.<\/p>\n<p><strong>Il XX secolo<\/strong><\/p>\n<p>Vis fece parte dell&#8217;italiano Governatorato della Dalmazia dal 1941 al 1943, quando fu incorporata nella provincia di Spalato. Alla fine della seconda guerra mondiale l&#8217;isola serv\u00ec da rifugio a Tito e in seguito, per la sua posizione strategica, fu una base navale militare jugoslava con oltre trenta strutture militari, tra cui un ospedale militare sotterraneo e un tunnel per riparare le navi da guerra. Il turismo rimase estraneo all\u2019isola, nessuna visita di stranieri era consentita, niente costruzioni di grandi complessi alberghieri e oasi o villaggi turistici. Visa divento un&#8217;enclave militare, isolata, dalla quale i suoi abitanti migrano costantemente.<\/p>\n<p>Nel maggio 1992 l&#8217;esercito jugoslavo lasci\u00f2 l&#8217;isola e con quest&#8217;atto apr\u00ec lo spazio a nuove possibilit\u00e0 e direzioni di sviluppo. Fatto sta che Vis ha mantenuto il suo fascino d&#8217;isola arcaica al crocevia di periodi storici e di culture e paesi spazialmente e ideologicamente distanti proprio per il suo isolamento e per la mancata influenza di fattori esterni e investimenti in progetti di sviluppo.<\/p>\n<p>L\u2019Isola di Vis \u00e8 ora completamente aperta al futuro. E in futuro vedremo cosa le porter\u00e0.<\/p>\n<p>&nbsp;<\/p>\n<h2 style=\"text-align: center;\"><span style=\"font-weight: 400;\">Dove andare e cosa vedere<\/span><\/h2>\n<p>L\u2019Isola di Vis offre molto per tutti coloro che sono pronti a esplorare e abbandonarsi senza compromessi alle meraviglie di quest&#8217;isola. Chi ci ritorna, riscopre nuovamente il suo fascino.[\/vc_column_text][vc_empty_space][\/vc_column][\/vc_row][vc_row][vc_column width=&#8221;1\/6&#8243;][\/vc_column][vc_column width=&#8221;2\/3&#8243;][vc_images_carousel images=&#8221;4280,4282,4284,4288,4292,4294,4296&#8243; img_size=&#8221;full&#8221;][\/vc_column][vc_column width=&#8221;1\/6&#8243;][\/vc_column][\/vc_row][vc_row][vc_column][vc_column_text]<\/p>\n<h3><strong>L&#8217;entroterra<\/strong><\/h3>\n<p>Oltre alle citt\u00e0 di Komi\u017ea e Vis, che meritano sicuramente di essere esplorate, l&#8217;isola \u00e8 piena di baie, calette e spiagge e il suo interno \u00e8 densamente tratteggiato da strade e sentieri che si diramano dalla vecchia strada austriaca da Vis a Komi\u017ea.<\/p>\n<p>Vagando per gli splendidi paesaggi dell&#8217;entroterra, si scoprono luoghi incantevoli che ancora conservano tracce della storia e dello spirito tradizionale dell&#8217;isola.<\/p>\n<p>Vicino al villaggio di Podhumlje, in una pineta in cima alla collina, si trova Lokva, una piscina neolitica per la raccolta dell&#8217;argilla. Sebbene abbia diverse migliaia di anni, \u00e8 perfettamente conservata e vale la pena visitarla godendosi la natura tutt\u2019intorno. Attraverso il bosco si pu\u00f2 uscire al belvedere dove si intravedeil sito archeologico Vela Gomila noto come il &#8220;faro di Teuta&#8221; del IV secolo aC. Si ritiene che all&#8217;epoca fosse il pi\u00f9 grande faro in questa parte dell&#8217;Adriatico.<\/p>\n<p>Trovandovi gi\u00e0 nelle vicinanze, sarebbe un peccato non visitare l\u2019affascinante borgo di Tale\u017e, fondato tra il XVIII e il XIX secolo. Nel 2000 \u00e8 stato restaurato al suo aspetto originale.<\/p>\n<p><strong>Il vilaggio di Plisko polje e il cricket sull\u2019isola di Vis<\/strong><\/p>\n<p>Dal punto pi\u00f9 elevato dell&#8217;altopiano di Vis, la cima di Sveti Vid, si possono ammirare borghi e villaggi dell&#8217;isola, le meraviglie della natura e la pista dell&#8217;ex aeroporto delle forze alleate. Solo il piccolo villaggio di Plisko polje rimane nascosto ai piedi della collina.<\/p>\n<p>Cosa c&#8217;\u00e8 di cos\u00ec interessante in questo piccolo villaggio remoto? A Plisko polje, oltre a mangiare con gusto nella taverna locale e bere dell&#8217;ottimo vino di casa, si pu\u00f2 anche giocare a cricket.<\/p>\n<p>Diversi appassionati dell&#8217;isola hanno deciso di rinnovare una tradizione vecchia di circa 200 anni (portata sull&#8217;isola, ovviamente, dagli inglesi) e di fondare un club di cricket che porta il nome dell&#8217;ammiraglio Sir William Hoste. Cos\u00ec gi\u00e0 da quattordici anni giocatori provenienti dalla Gran Bretagna, Repubblica Ceca, Nuova Zelanda e Croazia vengono qui per \u201cfarsi una partita&#8221; di cricket e divertirsi.<\/p>\n<p>Nell\u2019entroterra dell&#8217;isola di Vis c&#8217;\u00e8 molto altro da scoprire. Per esempio: arrivare alla vetta pi\u00f9 alta dell&#8217;isola situata sul monte Colmo o San Giorgio (Hum, 585 m.), visitare la Grotta segreta di Tito, fare trekking o cycling. Lasciamo a voi la scelta!<\/p>\n<p>&nbsp;<\/p>\n<h3><strong>Spiagge, calette e baie<\/strong><\/h3>\n<p>L\u2019Isola di Vis \u00e8 una fonte inesauribile di sorprese da scoprire per chi approda la prima volta ma anche per tutti quelli che ci ritornano. C\u2019\u00e8 sempre qualcosa di nuovo da trovare, che sia una specialit\u00e0 gastronomica, i resti di edifici storici o un&#8217;isola del suo arcipelago.<\/p>\n<p>La bellezza abbagliante e sempre visibile che non smette mai di attrare sono le sue spiagge, calette e baie, il mare limpidissimo, le sorgenti sottomarine di acqua dolce, e l&#8217;abbondanza di ombra fornita da una florida vegetazione.<\/p>\n<p>Il profumo del mare, lo sciabordio delle sue onde, il fruscio della natura e il calore dei raggi del sole creano un&#8217;esperienza estiva da ricordare per molto tempo.<\/p>\n<p>&nbsp;<\/p>\n<p>La spiaggia pi\u00f9 popolare della citt\u00e0 di Vis \u00e8 <strong>Prirovo,<\/strong> che si trova sull\u2019omonima piccola penisola nel porto della citt\u00e0. Per i naturisti, l&#8217;ideale \u00e8 la spiaggia <strong>Punta od Biskupa<\/strong>, che si estende su lastre di pietra naturale in pendenza e rocce.<\/p>\n<p>Le spiagge di sabbia si trovano nelle baie di <strong>Milna<\/strong>, <strong>Brgujac<\/strong>, <strong>Parja<\/strong> e <strong>Ston\u010dica<\/strong>.Da non perdere \u00e8l&#8217;incantevole spiaggia di <strong>Zaglav<\/strong> con sabbia scintillante, una delle pi\u00f9 belle spiagge della costa adriatica.<\/p>\n<p>Per gli avventurieri, ci sono le immersioni lungo la spiaggia di <strong>Vela Smokova<\/strong>, dove potranno esplorare l&#8217;ala affondata di un aereo della seconda guerra mondiale.<\/p>\n<p><strong>Grandovec<\/strong>, <strong>Vela Svitnja<\/strong>, <strong>Bili Bok<\/strong> sono bellissime spiagge che vale sicuramente la pena esplorare. Tra queste spiccano <strong>Srebrna<\/strong>, che prende il nome dalla lucentezza argentea dei suoi grandi ciottoli al chiaro di luna, e <strong>Stiniva<\/strong>.<\/p>\n<p>La spiaggia di <strong>Stiniva<\/strong> \u00e8 stata dichiarata la spiaggia pi\u00f9 bella d&#8217;Europa nel 2006. Si pu\u00f2 raggiungere in barca oppure a piedi percorrendo un sentiero ripido. Molti troveranno qui il paradiso che hanno sempre cercato: mare cristallino, ciottoli bianchi e come sfondo scogliere mozzafiato.<\/p>\n<p>&nbsp;<\/p>\n<h3><strong>Mamma Mia! ci risiamo sull&#8217;isola di Vis<\/strong><\/h3>\n<p>Nell&#8217;estate del 2017, l\u2019isola di Vis si \u00e8 trasformata in un palcoscenico hollywoodiano. Per ventiquattro giorni le meraviglie della natura di quest&#8217;isola hanno fatto da sfondo alle riprese del sequel del leggendario film Mamma Mia! che si basa sull&#8217;omonimo musical con canzoni del gruppo musicale pop svedese ABBA.<\/p>\n<p>A quei tempi, il passante casuale poteva incontrare Pirce Brosnan, Amanda Seyfried o Colin Firth sulle spiagge e nei caff\u00e8 di Vis. Si viveva come in un film!<\/p>\n<p>Le location per le riprese erano principalmente le citt\u00e0 di Vis e Komi\u017ea e la spiaggia di Barjo\u0161ka.<\/p>\n<p>Alcune scene sono state girate nel porto di Vis, dove attracca il traghetto. A pochi passi si trova la pizzeria e la pensione Dioniso, le cui porte e scale vicine hanno fatto da sfondo al mercato in stile greco, che presentava generi alimentari importati dai mercati greci.<\/p>\n<p>A Komi\u017ea, il ristorante Jasto\u017eera \u00e8 stato trasformato in una taverna greca. Il ristorante \u00e8 molto conosciuto tra i diportisti. Per vivere un momento da film e godere della vista sulla spiaggia e il mare assaporando ottimi piatti locali come nel film Mamma Mia! Ci risiamo, si deve prenotare in anticipo.<\/p>\n<p>Per visitare la spiaggia di Barjo\u0161ka, \u200b\u200bdove sono state girate quasi tutte le scene in spiaggia, la migliore soluzione e arrivare dal mare. Appena approdate, cantate una canzone degli ABBA, immergetevi nel bellissimo mare cristallino e trasformatevi per un momento in uno degli attori famosi del film. A volte \u00e8 meraviglioso sentirsi liberi di essere quello che vogliamo!<\/p>\n<p>Oltre a Barjo\u0161ka, anche le spiagge di Stiniva e Srebrna hanno avuto il loro ruolo nel film.<\/p>\n<p>&nbsp;<\/p>\n<p>&nbsp;<\/p>\n<h2 style=\"text-align: center;\"><span style=\"font-weight: 400;\">Il consiglio in pi\u00f9<\/span><\/h2>\n<p>\u00c8 difficile esaurire tutte le possibilit\u00e0 che l&#8217;isola di Vis offre.<\/p>\n<p>Per un lungo periodo questa \u00e8 stata un\u2019area militare riservata e isolata dal turismo. Questo isolamento ha impedito di disturbare il fragile equilibrio tra natura e urbanizzazione. Oggi gli appassionati di storia possono visitare i labirinti dei tunnel sotterranei e le miniere dell&#8217;ex esercito JNA, la Grotta di Tito, esplorare i resti dell&#8217;aeroporto della II Guerra Mondiale e nel sottomarino dell\u2019isola scendere nei musei subacquei per scoprire aerei affondati, velieri, sottomarini e navi da guerra.<\/p>\n<p>E se questo non bastasse, ecco qualche altro sito da non perdere:<\/p>\n<ul>\n<li><strong>Il museo archeologico di Vis<\/strong> \u00e8 situato nella fortezza austriaca di Batarija. In esposizione si trova una delle pi\u00f9 grandi collezioni di anfore in Europa completamente conservate nonch\u00e9 una bella collezione di reperti appartenuti alla colonia greca di Issa. Uno degli oggetti esposti di maggio valore \u00e8 la testa bronzea della dea greca della caccia Artemide.<br \/>\nQui si possono ottenere tutte le informazioni sulla necropoli, le terme e gli altri reperti storici di Vis.<\/li>\n<\/ul>\n<ul>\n<li><strong>Gli antichi monumenti della citt\u00e0 di Vis<\/strong> &#8211; resti dell&#8217;antico insediamento greco di Issa, fondato nel IV secolo aC. I resti di Issa aspettano gli amanti della storia sulla collina Gradina vicino alla citt\u00e0 di Vis e nel parco archeologico Martvilo. Da visitarec&#8217;\u00e8 anche il monastero del XVI secolo sulla penisola di Prirovo, sorto sui resti del teatro antico.<\/li>\n<li><strong>Il Forte britannico di Fort George<\/strong> \u00e8 la pi\u00f9 grande fortezza sull&#8217;isola \u00e8 si trova all&#8217;ingresso occidentale del porto di Vis. Fu costruito dalla British Royal Navy nel 1813 quando gli Inglesi si stabilirono sull&#8217;isola dopo aver sconfitto la Francia. Il tramonto visto da qui \u00e8 favoloso ed \u00e8 per questo che vengono organizzati eventi estivi, concerti, spettacoli teatrali e matrimoni con vista spettacolare!<\/li>\n<\/ul>\n<p>E molto altro ancora\u2026[\/vc_column_text][\/vc_column][\/vc_row]<\/p>\n<\/div>","protected":false},"excerpt":{"rendered":"<p>[vc_row][vc_column width=&#8221;1\/6&#8243;][\/vc_column][vc_column width=&#8221;2\/3&#8243;][vc_images_carousel images=&#8221;4276,4278,4286,4290&#8243; img_size=&#8221;full&#8221;][\/vc_column][vc_column width=&#8221;1\/6&#8243;][\/vc_column][\/vc_row][vc_row][vc_column][vc_empty_space][vc_column_text] Un po&#8217; di storia Benuti sull&#8217;Isola di Vis, una piccola oasi di natura incontaminata nel verdazzurro mare Adriatico. Vis \u00e8 situata al largo di Spalato, tra le isole dell&#8217;Adriatico meridionale, il mare aperto e lo Stretto di Otranto. Assieme alle vicine isolette Bi\u0161evo (Busi),&#8230;<\/p>\n","protected":false},"author":1,"featured_media":0,"parent":0,"menu_order":0,"comment_status":"closed","ping_status":"closed","template":"","meta":{"footnotes":""},"class_list":["post-4716","page","type-page","status-publish","hentry"],"yoast_head":"<!-- This site is optimized with the Yoast SEO plugin v27.3 - https:\/\/yoast.com\/product\/yoast-seo-wordpress\/ -->\n<title>L&#039;isola di Vis (Lissa) - Hotel Bi\u0161evo<\/title>\n<meta name=\"description\" content=\"Organizza la tua vacanza ideale sull&#039;isola di Vis in Croazia. Una combinazione tra la bellezza della natura, la ricca storia e l&#039;eccellente gastronomia.\" \/>\n<meta name=\"robots\" content=\"index, follow, max-snippet:-1, max-image-preview:large, max-video-preview:-1\" \/>\n<link rel=\"canonical\" href=\"https:\/\/modra-spilja.hr\/it\/the-island-of-vis\/\" \/>\n<meta property=\"og:locale\" content=\"it_IT\" \/>\n<meta property=\"og:type\" content=\"article\" \/>\n<meta property=\"og:title\" content=\"L&#039;isola di Vis (Lissa) - Hotel Bi\u0161evo\" \/>\n<meta property=\"og:description\" content=\"Organizza la tua vacanza ideale sull&#039;isola di Vis in Croazia. Una combinazione tra la bellezza della natura, la ricca storia e l&#039;eccellente gastronomia.\" \/>\n<meta property=\"og:url\" content=\"https:\/\/modra-spilja.hr\/it\/the-island-of-vis\/\" \/>\n<meta property=\"og:site_name\" content=\"Hotel Bi\u0161evo\" \/>\n<meta property=\"article:publisher\" content=\"https:\/\/www.facebook.com\/bisevohotel\" \/>\n<meta property=\"article:modified_time\" content=\"2024-06-03T11:35:20+00:00\" \/>\n<meta name=\"twitter:card\" content=\"summary_large_image\" \/>\n<meta name=\"twitter:site\" content=\"@bisevo_hotel\" \/>\n<meta name=\"twitter:label1\" content=\"Tempo di lettura stimato\" \/>\n\t<meta name=\"twitter:data1\" content=\"11 minuti\" \/>\n<script type=\"application\/ld+json\" class=\"yoast-schema-graph\">{\"@context\":\"https:\\\/\\\/schema.org\",\"@graph\":[{\"@type\":\"WebPage\",\"@id\":\"https:\\\/\\\/modra-spilja.hr\\\/it\\\/the-island-of-vis\\\/\",\"url\":\"https:\\\/\\\/modra-spilja.hr\\\/it\\\/the-island-of-vis\\\/\",\"name\":\"L'isola di Vis (Lissa) - Hotel Bi\u0161evo\",\"isPartOf\":{\"@id\":\"https:\\\/\\\/modra-spilja.hr\\\/#website\"},\"datePublished\":\"2021-02-03T16:51:08+00:00\",\"dateModified\":\"2024-06-03T11:35:20+00:00\",\"description\":\"Organizza la tua vacanza ideale sull'isola di Vis in Croazia. Una combinazione tra la bellezza della natura, la ricca storia e l'eccellente gastronomia.\",\"breadcrumb\":{\"@id\":\"https:\\\/\\\/modra-spilja.hr\\\/it\\\/the-island-of-vis\\\/#breadcrumb\"},\"inLanguage\":\"it-IT\",\"potentialAction\":[{\"@type\":\"ReadAction\",\"target\":[\"https:\\\/\\\/modra-spilja.hr\\\/it\\\/the-island-of-vis\\\/\"]}]},{\"@type\":\"BreadcrumbList\",\"@id\":\"https:\\\/\\\/modra-spilja.hr\\\/it\\\/the-island-of-vis\\\/#breadcrumb\",\"itemListElement\":[{\"@type\":\"ListItem\",\"position\":1,\"name\":\"Home\",\"item\":\"https:\\\/\\\/modra-spilja.hr\\\/it\\\/\"},{\"@type\":\"ListItem\",\"position\":2,\"name\":\"L&#8217;isola di Vis (Lissa)\"}]},{\"@type\":\"WebSite\",\"@id\":\"https:\\\/\\\/modra-spilja.hr\\\/#website\",\"url\":\"https:\\\/\\\/modra-spilja.hr\\\/\",\"name\":\"Hotel Bi\u0161evo\",\"description\":\"Benvenuti a Hotel Bi\u0161evo\",\"publisher\":{\"@id\":\"https:\\\/\\\/modra-spilja.hr\\\/#organization\"},\"potentialAction\":[{\"@type\":\"SearchAction\",\"target\":{\"@type\":\"EntryPoint\",\"urlTemplate\":\"https:\\\/\\\/modra-spilja.hr\\\/?s={search_term_string}\"},\"query-input\":{\"@type\":\"PropertyValueSpecification\",\"valueRequired\":true,\"valueName\":\"search_term_string\"}}],\"inLanguage\":\"it-IT\"},{\"@type\":\"Organization\",\"@id\":\"https:\\\/\\\/modra-spilja.hr\\\/#organization\",\"name\":\"Modra Spilja d.d.\",\"url\":\"https:\\\/\\\/modra-spilja.hr\\\/\",\"logo\":{\"@type\":\"ImageObject\",\"inLanguage\":\"it-IT\",\"@id\":\"https:\\\/\\\/modra-spilja.hr\\\/#\\\/schema\\\/logo\\\/image\\\/\",\"url\":\"https:\\\/\\\/modra-spilja.hr\\\/wp-content\\\/uploads\\\/2021\\\/02\\\/bisevo.jpg\",\"contentUrl\":\"https:\\\/\\\/modra-spilja.hr\\\/wp-content\\\/uploads\\\/2021\\\/02\\\/bisevo.jpg\",\"width\":354,\"height\":354,\"caption\":\"Modra Spilja d.d.\"},\"image\":{\"@id\":\"https:\\\/\\\/modra-spilja.hr\\\/#\\\/schema\\\/logo\\\/image\\\/\"},\"sameAs\":[\"https:\\\/\\\/www.facebook.com\\\/bisevohotel\",\"https:\\\/\\\/x.com\\\/bisevo_hotel\",\"https:\\\/\\\/www.instagram.com\\\/komiza_vis\\\/\"]}]}<\/script>\n<!-- \/ Yoast SEO plugin. -->","yoast_head_json":{"title":"L'isola di Vis (Lissa) - Hotel Bi\u0161evo","description":"Organizza la tua vacanza ideale sull'isola di Vis in Croazia. Una combinazione tra la bellezza della natura, la ricca storia e l'eccellente gastronomia.","robots":{"index":"index","follow":"follow","max-snippet":"max-snippet:-1","max-image-preview":"max-image-preview:large","max-video-preview":"max-video-preview:-1"},"canonical":"https:\/\/modra-spilja.hr\/it\/the-island-of-vis\/","og_locale":"it_IT","og_type":"article","og_title":"L'isola di Vis (Lissa) - Hotel Bi\u0161evo","og_description":"Organizza la tua vacanza ideale sull'isola di Vis in Croazia. Una combinazione tra la bellezza della natura, la ricca storia e l'eccellente gastronomia.","og_url":"https:\/\/modra-spilja.hr\/it\/the-island-of-vis\/","og_site_name":"Hotel Bi\u0161evo","article_publisher":"https:\/\/www.facebook.com\/bisevohotel","article_modified_time":"2024-06-03T11:35:20+00:00","twitter_card":"summary_large_image","twitter_site":"@bisevo_hotel","twitter_misc":{"Tempo di lettura stimato":"11 minuti"},"schema":{"@context":"https:\/\/schema.org","@graph":[{"@type":"WebPage","@id":"https:\/\/modra-spilja.hr\/it\/the-island-of-vis\/","url":"https:\/\/modra-spilja.hr\/it\/the-island-of-vis\/","name":"L'isola di Vis (Lissa) - Hotel Bi\u0161evo","isPartOf":{"@id":"https:\/\/modra-spilja.hr\/#website"},"datePublished":"2021-02-03T16:51:08+00:00","dateModified":"2024-06-03T11:35:20+00:00","description":"Organizza la tua vacanza ideale sull'isola di Vis in Croazia. Una combinazione tra la bellezza della natura, la ricca storia e l'eccellente gastronomia.","breadcrumb":{"@id":"https:\/\/modra-spilja.hr\/it\/the-island-of-vis\/#breadcrumb"},"inLanguage":"it-IT","potentialAction":[{"@type":"ReadAction","target":["https:\/\/modra-spilja.hr\/it\/the-island-of-vis\/"]}]},{"@type":"BreadcrumbList","@id":"https:\/\/modra-spilja.hr\/it\/the-island-of-vis\/#breadcrumb","itemListElement":[{"@type":"ListItem","position":1,"name":"Home","item":"https:\/\/modra-spilja.hr\/it\/"},{"@type":"ListItem","position":2,"name":"L&#8217;isola di Vis (Lissa)"}]},{"@type":"WebSite","@id":"https:\/\/modra-spilja.hr\/#website","url":"https:\/\/modra-spilja.hr\/","name":"Hotel Bi\u0161evo","description":"Benvenuti a Hotel Bi\u0161evo","publisher":{"@id":"https:\/\/modra-spilja.hr\/#organization"},"potentialAction":[{"@type":"SearchAction","target":{"@type":"EntryPoint","urlTemplate":"https:\/\/modra-spilja.hr\/?s={search_term_string}"},"query-input":{"@type":"PropertyValueSpecification","valueRequired":true,"valueName":"search_term_string"}}],"inLanguage":"it-IT"},{"@type":"Organization","@id":"https:\/\/modra-spilja.hr\/#organization","name":"Modra Spilja d.d.","url":"https:\/\/modra-spilja.hr\/","logo":{"@type":"ImageObject","inLanguage":"it-IT","@id":"https:\/\/modra-spilja.hr\/#\/schema\/logo\/image\/","url":"https:\/\/modra-spilja.hr\/wp-content\/uploads\/2021\/02\/bisevo.jpg","contentUrl":"https:\/\/modra-spilja.hr\/wp-content\/uploads\/2021\/02\/bisevo.jpg","width":354,"height":354,"caption":"Modra Spilja d.d."},"image":{"@id":"https:\/\/modra-spilja.hr\/#\/schema\/logo\/image\/"},"sameAs":["https:\/\/www.facebook.com\/bisevohotel","https:\/\/x.com\/bisevo_hotel","https:\/\/www.instagram.com\/komiza_vis\/"]}]}},"_links":{"self":[{"href":"https:\/\/modra-spilja.hr\/it\/wp-json\/wp\/v2\/pages\/4716","targetHints":{"allow":["GET"]}}],"collection":[{"href":"https:\/\/modra-spilja.hr\/it\/wp-json\/wp\/v2\/pages"}],"about":[{"href":"https:\/\/modra-spilja.hr\/it\/wp-json\/wp\/v2\/types\/page"}],"author":[{"embeddable":true,"href":"https:\/\/modra-spilja.hr\/it\/wp-json\/wp\/v2\/users\/1"}],"replies":[{"embeddable":true,"href":"https:\/\/modra-spilja.hr\/it\/wp-json\/wp\/v2\/comments?post=4716"}],"version-history":[{"count":6,"href":"https:\/\/modra-spilja.hr\/it\/wp-json\/wp\/v2\/pages\/4716\/revisions"}],"predecessor-version":[{"id":4997,"href":"https:\/\/modra-spilja.hr\/it\/wp-json\/wp\/v2\/pages\/4716\/revisions\/4997"}],"wp:attachment":[{"href":"https:\/\/modra-spilja.hr\/it\/wp-json\/wp\/v2\/media?parent=4716"}],"curies":[{"name":"wp","href":"https:\/\/api.w.org\/{rel}","templated":true}]}}