{"id":4705,"date":"2021-02-03T16:37:38","date_gmt":"2021-02-03T16:37:38","guid":{"rendered":"http:\/\/modra-spilja.hr\/the-island-of-bisevo\/"},"modified":"2024-06-03T11:34:06","modified_gmt":"2024-06-03T11:34:06","slug":"the-island-of-bisevo","status":"publish","type":"page","link":"https:\/\/modra-spilja.hr\/it\/the-island-of-bisevo\/","title":{"rendered":"L&#8217;isola di Bi\u0161evo (Isola di Busi)"},"content":{"rendered":"<div class=\"wpb-content-wrapper\"><p>[vc_row][vc_column width=&#8221;1\/6&#8243;][\/vc_column][vc_column width=&#8221;2\/3&#8243;][vc_images_carousel images=&#8221;4300,4302,4304,4306&#8243; img_size=&#8221;full&#8221; hide_pagination_control=&#8221;yes&#8221;][\/vc_column][vc_column width=&#8221;1\/6&#8243;][\/vc_column][\/vc_row][vc_row][vc_column][vc_empty_space][vc_column_text]Qual \u00e8 la vostra isola preferita? Ci avete mai pensato?<\/p>\n<p>Bi\u0161evo, una piccola perla di terra al largo della costa croata, potrebbe meritarsi questo titolo. L&#8217;isolotto misura sei km quadrati circa ed \u00e8 una destinazione perfetta da esplorare in kayak dalla citt\u00e0 di Komi\u017ea perch\u00e9 separati da sole cinque miglia nautiche.<\/p>\n<p>Il ritmo di vita leggero, pi\u00f9 a portata d\u2019uomo dell\u2019isola di Bi\u0161evo, catapulta i suoi visitatori in una altra dimensione, ai tempi dei nostri antenati. Qui Il tempo \u00e8 un elemento relativo. Dal momento in cui si mette piede sull&#8217;isola, la frenetica vita quotidiana assume una forma completamente diversa.<\/p>\n<p>Diciannove residenti hanno trovato qui il proprio angolo di paradiso e contribuiscono al clima di ospitalit\u00e0 e semplicit\u00e0 dell\u2019isola. Bi\u0161evo \u00e8 un mondo a s\u00e9 apprezzato da chi cerca pace e tranquillit\u00e0, ma anche bellissimi panorami naturali.<\/p>\n<p>Sull\u2019Isola di Bi\u0161evo ci sono diversi insediamenti: Mezuporat, Porat, Poje, Velo Gora, Nevaja, Potok e Gornja e Donja Salbunara, quasi deserti durante l&#8217;inverno. Nella chiesa di San Silvestro del XVI secolo, la vigilia di Capodanno, il 31 dicembre, si tiene la messa. Accanto alla chiesa, viene acceso un fuoco attorno al quale si riuniscono gli abitanti locali e i loro ospiti, e poi, con canti, balli e ottimo cibo, si saluta il Vecchio anno e si d\u00e0 il benvenuto a quello Nuovo.<\/p>\n<p>Aggiungendo a tutto ci\u00f2 la suggestiva bellezza delle grotte dell\u2019isola tra cui spiccano la Grotta Azzurra e la Grotta Medvidina, il terreno fertile per le viti di Plavac Mali, le incantevoli spiagge sabbiose come quella di Porat, Bi\u0161evo ha tutte le carte in regola per diventera la vostra isola preferita.<\/p>\n<p>Le bellissime grotte marine sono sicuramente i luoghi pi\u00f9 visitati dell&#8217;isola.<\/p>\n<p>Web: <a href=\"https:\/\/bisevo.hr\/\" target=\"_blank\" rel=\"noopener\">bisevo.hr<\/a><\/p>\n<p>&nbsp;<\/p>\n<h2 style=\"text-align: center;\"><span style=\"font-weight: 400;\">Le grotte<\/span><\/h2>\n<p><strong>La Grotta Azzurra (Modra \u0161pilja)<\/strong> \u00e8 uno sfondo teatrale in cui la natura gioca con forme e colori formando effetti di straordinaria bellezza che non lascia indifferente. Situata nella baia di Balun, sul lato est dell&#8217;isola, era nota gi\u00e0 agli abili pescatori di Komi\u017ea fin dall&#8217;antichit\u00e0. Nel 1884 il barone Eugen von Ransonet la descrisse e dipinse, e seguendo il suo consiglio l&#8217;entrata nella grotta fu allargata e cos\u00ec divent\u00f2 accessibile a tutto il mondo.<\/p>\n<p>La grotta azzurra deve il suo nome ai riflessi dei raggi del sole che verso mezzogiorno penetrano attraverso l&#8217;apertura sottomarina nella grotta, riflettendosi sul fondale e dandogli un colore blu fiabesco.<\/p>\n<p>La grotta non \u00e8 molto profonda, dai tre ai venti metri, e la sua tipica forma carsica, che comprende fessure sottomarine, \u00e8 molto interessante per i subacquei.<\/p>\n<p>Molte persone visitano la grotta facendo parte di gruppi organizzati: \u00e8 possibile prenotare un tour della Grotta Azzurra online o presso un\u2019agenzia di viaggi.<\/p>\n<p>L\u2019altra opzione \u00e8 quella di visitare la grotta da soli. In tal caso \u00e8 necessario raggiungere il porto di Bi\u0161evo chiamato Mezuporat, dove si vendono i biglietti per visitare la Grotta Azzurra.<\/p>\n<p>Per motivi di sicurezza e conservazione della bellezza naturale \u00e8 vietato entrare nella grotta in barca privata.<\/p>\n<p>Molti concordano sul fatto che la visita migliore \u00e8 tra le 11 di mattina e le 14 del pomeriggio durante le giornate di sole. Arrivando alla grotta prima delle 10, la luce non \u00e8 cos\u00ec intensa. Durante l\u2019alta stagione si deve spesso aspettare in fila, ma ci sono caff\u00e8 e snack bar che rendono pi\u00f9 facile l&#8217;attesa.<\/p>\n<p>&nbsp;<\/p>\n<p><strong>La Grotta Medvidina o Grotta della foca monaca, <\/strong> \u00e8 una grotta misteriosa situata nella baia di Tre\u0161javac, nella parte meridionale dell&#8217;isola ed \u00e8 una delle grotte marine pi\u00f9 lunghe dell&#8217;Adriatico. Prende il nome dalla foca monaca mediterranea, uno dei mammiferi a maggior rischio di estinzione, che abitava la grotta. La foca monaca \u00e8 chiamata anche &#8220;l\u2019uomo di mare&#8221; dai pescatori locali. &#8220;L\u2019uomo di mare&#8221; \u00e8 scomparso dall\u2019Adriatico negli anni Sessanta ma, di recente, \u00e8 stato avvistato in pi\u00f9 occasioni, specialmente sulle coste dell\u2019Istria.<\/p>\n<p>&nbsp;<\/p>\n<p>A Bi\u0161evo ci sono ancora otto grotte grandi e piccole, sulla costa dell&#8217;isola. Questo conferisce all&#8217;isola una certa nota mistica e ispira chi ha spirito di avventura. Dopotutto, Bi\u0161evo ha preso il nome proprio dalle grotte &#8211; L&#8217;\u00edsola dei busi (o isola dei buchi).<\/p>\n<p>&nbsp;<\/p>\n<h2 style=\"text-align: center;\"><span style=\"font-weight: 400;\">Spiagge e baie<\/span><\/h2>\n<p><strong>Mesoporat (Mezuporat) <\/strong>\u00e8 una baia situata sul lato est dell&#8217;isola. La baia ha una bellissima spiaggia di ciottoli ed \u00e8 il punto di partenza per le escursioni alla Grotta Azzurra.<\/p>\n<p><strong>La baia di Porat <\/strong>\u00e8 situata nella parte meridionale dell&#8217;isola. La sua spiaggia sabbiosa, una delle pi\u00f9 belle dell&#8217;isola, \u00e8 nascosta sotto le scogliere ei pini. Nei suoi ristoranti si pu\u00f2 gustare il Plavac Mali, un vino rosso locale ampiamente noto per i suoi sapori armonici dominati da aromi fruttati di ciliegie e prugne.<\/p>\n<p><strong>Salbunara (Sarbunora)<\/strong> Una caletta romantica e una piccola spiaggia sabbiosa, abbastanza ombra e un mare cristallino. Creata per il godimento.[\/vc_column_text][vc_empty_space][\/vc_column][\/vc_row][vc_row][vc_column width=&#8221;1\/6&#8243;][\/vc_column][vc_column width=&#8221;2\/3&#8243;][vc_images_carousel images=&#8221;4978,4975,4981,4972&#8243; img_size=&#8221;full&#8221; hide_pagination_control=&#8221;yes&#8221;][\/vc_column][vc_column width=&#8221;1\/6&#8243;][\/vc_column][\/vc_row][vc_row][vc_column][vc_column_text]<\/p>\n<h2 style=\"text-align: center;\">Dove mangiare<\/h2>\n<ul>\n<li><a href=\"https:\/\/hr-hr.facebook.com\/tomic.bisevo\" target=\"_blank\" rel=\"noopener\">taverna Tomi\u0107<\/a>, Porat 4, Bi\u0161evo, +385 98 950 7485<\/li>\n<li><a href=\"https:\/\/www.facebook.com\/Restoran-Jak%C5%A1a-Bi%C5%A1evo-329392467082217\/\" target=\"_blank\" rel=\"noopener\">ristorante Kod Jak\u0161e<\/a>, Uvala Porat, Bi\u0161evo,+ 385 21 713 454<\/li>\n<\/ul>\n<p>&nbsp;<\/p>\n<h2 style=\"text-align: center;\"><span style=\"font-weight: 400;\">Cosa fare<\/span><\/h2>\n<p><strong>IL TREKING<\/strong><\/p>\n<p>Un trekking leggero per l\u2019isola \u00e8 un&#8217;attivit\u00e0 ideale a chi piace ammirare la natura, in un&#8217;eccellente combinazione di esercizio del corpo ritrovando la pace dello spirito. Camminando dal porto per una ventina di minuti si raggiunge la collina di Bi\u0161evac e il piccolo borgo di Polje. Da visitare c&#8217;\u00e8 la chiesetta di San Silvestro, l&#8217;unica chiesa sull&#8217;isola, una vecchia scuola e diverse case in pietra.<\/p>\n<p>Potete salire sulla vetta pi\u00f9 alta dell&#8217;isola, Stra\u017ebenica a 240 metri, e rilassarvi godendovi la vista di Palagru\u017ea, le piccole isole di Svetac, Brusnik e Jabuka.<\/p>\n<p>Qualunque strada decidiate di prendere per la discesa, completate la perfezione di questo magico percorso di trekking nuotando e rinfrescandovi nel mare.<\/p>\n<p>&nbsp;<\/p>\n<p><strong>L&#8217;ASTROTURISMO<\/strong><\/p>\n<p>Nonostante il fatto che l&#8217;isola di Bi\u0161evo non abbia ancora ottenuto lo status di Parco internazionale del cielo buio, preservando la tradizione e la natura dell&#8217;isola, il cielo sopra Bi\u0161evo rimane estremamente scuro e le sue stelle sono particolarmente luminose. Sull\u2019isola non c&#8217;\u00e8 inquinamento luminoso e la conservazione del cielo notturno \u00e8 attivamente promossa per tutte le generazioni che ci sono gi\u00e0 e che devono ancora venire.<\/p>\n<p>L&#8217;obiettivo \u00e8 sicuramente quello di popolarizzare la conoscenza dell&#8217;astronomia, ma anche romantiche passeggiate sotto il cielo stellato.<\/p>\n<p>&nbsp;<\/p>\n<h2 style=\"text-align: center;\">Informazioni<\/h2>\n<p>L\u2019Isola di Bi\u0161evo \u00e8 collegata con la citt\u00e0 di Komi\u017ea da una linea regolare di traghetti e nei mesi estivi ci sono diverse linee escursionistiche.<\/p>\n<p>&nbsp;<\/p>\n<p>A Komi\u017ea ci sono varie agenzie turistiche che offrono escursioni sull&#8217;isola di Bi\u0161evo. \u00c8 possibile raggiungere la baia di Mezoporat da dove si parte per visitare la Grotta Azzurra in barca veloce o in motoscafo in 15 minuti. Sul lungomare di Komi\u017ea ci sono sportelli informativi dove si possono ottenere tutte le informazioni relative alle escursioni.<\/p>\n<p>Sull&#8217;isola di Bi\u0161evo sono disponibili anche alloggi privati.[\/vc_column_text][\/vc_column][\/vc_row]<\/p>\n<\/div>","protected":false},"excerpt":{"rendered":"<p>[vc_row][vc_column width=&#8221;1\/6&#8243;][\/vc_column][vc_column width=&#8221;2\/3&#8243;][vc_images_carousel images=&#8221;4300,4302,4304,4306&#8243; img_size=&#8221;full&#8221; hide_pagination_control=&#8221;yes&#8221;][\/vc_column][vc_column width=&#8221;1\/6&#8243;][\/vc_column][\/vc_row][vc_row][vc_column][vc_empty_space][vc_column_text]Qual \u00e8 la vostra isola preferita? Ci avete mai pensato? Bi\u0161evo, una piccola perla di terra al largo della costa croata, potrebbe meritarsi questo titolo. L&#8217;isolotto misura sei km quadrati circa ed \u00e8 una destinazione perfetta da esplorare in kayak dalla citt\u00e0 di Komi\u017ea&#8230;<\/p>\n","protected":false},"author":1,"featured_media":0,"parent":0,"menu_order":0,"comment_status":"closed","ping_status":"closed","template":"","meta":{"footnotes":""},"class_list":["post-4705","page","type-page","status-publish","hentry"],"yoast_head":"<!-- This site is optimized with the Yoast SEO plugin v27.3 - https:\/\/yoast.com\/product\/yoast-seo-wordpress\/ -->\n<title>L&#039;isola di Bi\u0161evo (Isola di Busi) - Hotel Bi\u0161evo<\/title>\n<meta name=\"description\" content=\"Scopri la bellezza dell&#039;isola di Bi\u0161evo, la sua Grotta Azzurra e le spiagge di ciottoli. Raggiungete l&#039;isola con la barca da escursione da Komi\u017ea...\" \/>\n<meta name=\"robots\" content=\"index, follow, max-snippet:-1, max-image-preview:large, max-video-preview:-1\" \/>\n<link rel=\"canonical\" href=\"https:\/\/modra-spilja.hr\/it\/the-island-of-bisevo\/\" \/>\n<meta property=\"og:locale\" content=\"it_IT\" \/>\n<meta property=\"og:type\" content=\"article\" \/>\n<meta property=\"og:title\" content=\"L&#039;isola di Bi\u0161evo (Isola di Busi) - Hotel Bi\u0161evo\" \/>\n<meta property=\"og:description\" content=\"Scopri la bellezza dell&#039;isola di Bi\u0161evo, la sua Grotta Azzurra e le spiagge di ciottoli. Raggiungete l&#039;isola con la barca da escursione da Komi\u017ea...\" \/>\n<meta property=\"og:url\" content=\"https:\/\/modra-spilja.hr\/it\/the-island-of-bisevo\/\" \/>\n<meta property=\"og:site_name\" content=\"Hotel Bi\u0161evo\" \/>\n<meta property=\"article:publisher\" content=\"https:\/\/www.facebook.com\/bisevohotel\" \/>\n<meta property=\"article:modified_time\" content=\"2024-06-03T11:34:06+00:00\" \/>\n<meta name=\"twitter:card\" content=\"summary_large_image\" \/>\n<meta name=\"twitter:site\" content=\"@bisevo_hotel\" \/>\n<meta name=\"twitter:label1\" content=\"Tempo di lettura stimato\" \/>\n\t<meta name=\"twitter:data1\" content=\"6 minuti\" \/>\n<script type=\"application\/ld+json\" class=\"yoast-schema-graph\">{\"@context\":\"https:\\\/\\\/schema.org\",\"@graph\":[{\"@type\":\"WebPage\",\"@id\":\"https:\\\/\\\/modra-spilja.hr\\\/it\\\/the-island-of-bisevo\\\/\",\"url\":\"https:\\\/\\\/modra-spilja.hr\\\/it\\\/the-island-of-bisevo\\\/\",\"name\":\"L'isola di Bi\u0161evo (Isola di Busi) - Hotel Bi\u0161evo\",\"isPartOf\":{\"@id\":\"https:\\\/\\\/modra-spilja.hr\\\/#website\"},\"datePublished\":\"2021-02-03T16:37:38+00:00\",\"dateModified\":\"2024-06-03T11:34:06+00:00\",\"description\":\"Scopri la bellezza dell'isola di Bi\u0161evo, la sua Grotta Azzurra e le spiagge di ciottoli. Raggiungete l'isola con la barca da escursione da Komi\u017ea...\",\"breadcrumb\":{\"@id\":\"https:\\\/\\\/modra-spilja.hr\\\/it\\\/the-island-of-bisevo\\\/#breadcrumb\"},\"inLanguage\":\"it-IT\",\"potentialAction\":[{\"@type\":\"ReadAction\",\"target\":[\"https:\\\/\\\/modra-spilja.hr\\\/it\\\/the-island-of-bisevo\\\/\"]}]},{\"@type\":\"BreadcrumbList\",\"@id\":\"https:\\\/\\\/modra-spilja.hr\\\/it\\\/the-island-of-bisevo\\\/#breadcrumb\",\"itemListElement\":[{\"@type\":\"ListItem\",\"position\":1,\"name\":\"Home\",\"item\":\"https:\\\/\\\/modra-spilja.hr\\\/it\\\/\"},{\"@type\":\"ListItem\",\"position\":2,\"name\":\"L&#8217;isola di Bi\u0161evo (Isola di Busi)\"}]},{\"@type\":\"WebSite\",\"@id\":\"https:\\\/\\\/modra-spilja.hr\\\/#website\",\"url\":\"https:\\\/\\\/modra-spilja.hr\\\/\",\"name\":\"Hotel Bi\u0161evo\",\"description\":\"Benvenuti a Hotel Bi\u0161evo\",\"publisher\":{\"@id\":\"https:\\\/\\\/modra-spilja.hr\\\/#organization\"},\"potentialAction\":[{\"@type\":\"SearchAction\",\"target\":{\"@type\":\"EntryPoint\",\"urlTemplate\":\"https:\\\/\\\/modra-spilja.hr\\\/?s={search_term_string}\"},\"query-input\":{\"@type\":\"PropertyValueSpecification\",\"valueRequired\":true,\"valueName\":\"search_term_string\"}}],\"inLanguage\":\"it-IT\"},{\"@type\":\"Organization\",\"@id\":\"https:\\\/\\\/modra-spilja.hr\\\/#organization\",\"name\":\"Modra Spilja d.d.\",\"url\":\"https:\\\/\\\/modra-spilja.hr\\\/\",\"logo\":{\"@type\":\"ImageObject\",\"inLanguage\":\"it-IT\",\"@id\":\"https:\\\/\\\/modra-spilja.hr\\\/#\\\/schema\\\/logo\\\/image\\\/\",\"url\":\"https:\\\/\\\/modra-spilja.hr\\\/wp-content\\\/uploads\\\/2021\\\/02\\\/bisevo.jpg\",\"contentUrl\":\"https:\\\/\\\/modra-spilja.hr\\\/wp-content\\\/uploads\\\/2021\\\/02\\\/bisevo.jpg\",\"width\":354,\"height\":354,\"caption\":\"Modra Spilja d.d.\"},\"image\":{\"@id\":\"https:\\\/\\\/modra-spilja.hr\\\/#\\\/schema\\\/logo\\\/image\\\/\"},\"sameAs\":[\"https:\\\/\\\/www.facebook.com\\\/bisevohotel\",\"https:\\\/\\\/x.com\\\/bisevo_hotel\",\"https:\\\/\\\/www.instagram.com\\\/komiza_vis\\\/\"]}]}<\/script>\n<!-- \/ Yoast SEO plugin. -->","yoast_head_json":{"title":"L'isola di Bi\u0161evo (Isola di Busi) - Hotel Bi\u0161evo","description":"Scopri la bellezza dell'isola di Bi\u0161evo, la sua Grotta Azzurra e le spiagge di ciottoli. Raggiungete l'isola con la barca da escursione da Komi\u017ea...","robots":{"index":"index","follow":"follow","max-snippet":"max-snippet:-1","max-image-preview":"max-image-preview:large","max-video-preview":"max-video-preview:-1"},"canonical":"https:\/\/modra-spilja.hr\/it\/the-island-of-bisevo\/","og_locale":"it_IT","og_type":"article","og_title":"L'isola di Bi\u0161evo (Isola di Busi) - Hotel Bi\u0161evo","og_description":"Scopri la bellezza dell'isola di Bi\u0161evo, la sua Grotta Azzurra e le spiagge di ciottoli. Raggiungete l'isola con la barca da escursione da Komi\u017ea...","og_url":"https:\/\/modra-spilja.hr\/it\/the-island-of-bisevo\/","og_site_name":"Hotel Bi\u0161evo","article_publisher":"https:\/\/www.facebook.com\/bisevohotel","article_modified_time":"2024-06-03T11:34:06+00:00","twitter_card":"summary_large_image","twitter_site":"@bisevo_hotel","twitter_misc":{"Tempo di lettura stimato":"6 minuti"},"schema":{"@context":"https:\/\/schema.org","@graph":[{"@type":"WebPage","@id":"https:\/\/modra-spilja.hr\/it\/the-island-of-bisevo\/","url":"https:\/\/modra-spilja.hr\/it\/the-island-of-bisevo\/","name":"L'isola di Bi\u0161evo (Isola di Busi) - Hotel Bi\u0161evo","isPartOf":{"@id":"https:\/\/modra-spilja.hr\/#website"},"datePublished":"2021-02-03T16:37:38+00:00","dateModified":"2024-06-03T11:34:06+00:00","description":"Scopri la bellezza dell'isola di Bi\u0161evo, la sua Grotta Azzurra e le spiagge di ciottoli. Raggiungete l'isola con la barca da escursione da Komi\u017ea...","breadcrumb":{"@id":"https:\/\/modra-spilja.hr\/it\/the-island-of-bisevo\/#breadcrumb"},"inLanguage":"it-IT","potentialAction":[{"@type":"ReadAction","target":["https:\/\/modra-spilja.hr\/it\/the-island-of-bisevo\/"]}]},{"@type":"BreadcrumbList","@id":"https:\/\/modra-spilja.hr\/it\/the-island-of-bisevo\/#breadcrumb","itemListElement":[{"@type":"ListItem","position":1,"name":"Home","item":"https:\/\/modra-spilja.hr\/it\/"},{"@type":"ListItem","position":2,"name":"L&#8217;isola di Bi\u0161evo (Isola di Busi)"}]},{"@type":"WebSite","@id":"https:\/\/modra-spilja.hr\/#website","url":"https:\/\/modra-spilja.hr\/","name":"Hotel Bi\u0161evo","description":"Benvenuti a Hotel Bi\u0161evo","publisher":{"@id":"https:\/\/modra-spilja.hr\/#organization"},"potentialAction":[{"@type":"SearchAction","target":{"@type":"EntryPoint","urlTemplate":"https:\/\/modra-spilja.hr\/?s={search_term_string}"},"query-input":{"@type":"PropertyValueSpecification","valueRequired":true,"valueName":"search_term_string"}}],"inLanguage":"it-IT"},{"@type":"Organization","@id":"https:\/\/modra-spilja.hr\/#organization","name":"Modra Spilja d.d.","url":"https:\/\/modra-spilja.hr\/","logo":{"@type":"ImageObject","inLanguage":"it-IT","@id":"https:\/\/modra-spilja.hr\/#\/schema\/logo\/image\/","url":"https:\/\/modra-spilja.hr\/wp-content\/uploads\/2021\/02\/bisevo.jpg","contentUrl":"https:\/\/modra-spilja.hr\/wp-content\/uploads\/2021\/02\/bisevo.jpg","width":354,"height":354,"caption":"Modra Spilja d.d."},"image":{"@id":"https:\/\/modra-spilja.hr\/#\/schema\/logo\/image\/"},"sameAs":["https:\/\/www.facebook.com\/bisevohotel","https:\/\/x.com\/bisevo_hotel","https:\/\/www.instagram.com\/komiza_vis\/"]}]}},"_links":{"self":[{"href":"https:\/\/modra-spilja.hr\/it\/wp-json\/wp\/v2\/pages\/4705","targetHints":{"allow":["GET"]}}],"collection":[{"href":"https:\/\/modra-spilja.hr\/it\/wp-json\/wp\/v2\/pages"}],"about":[{"href":"https:\/\/modra-spilja.hr\/it\/wp-json\/wp\/v2\/types\/page"}],"author":[{"embeddable":true,"href":"https:\/\/modra-spilja.hr\/it\/wp-json\/wp\/v2\/users\/1"}],"replies":[{"embeddable":true,"href":"https:\/\/modra-spilja.hr\/it\/wp-json\/wp\/v2\/comments?post=4705"}],"version-history":[{"count":5,"href":"https:\/\/modra-spilja.hr\/it\/wp-json\/wp\/v2\/pages\/4705\/revisions"}],"predecessor-version":[{"id":4996,"href":"https:\/\/modra-spilja.hr\/it\/wp-json\/wp\/v2\/pages\/4705\/revisions\/4996"}],"wp:attachment":[{"href":"https:\/\/modra-spilja.hr\/it\/wp-json\/wp\/v2\/media?parent=4705"}],"curies":[{"name":"wp","href":"https:\/\/api.w.org\/{rel}","templated":true}]}}