{"id":4696,"date":"2021-02-03T16:47:27","date_gmt":"2021-02-03T16:47:27","guid":{"rendered":"http:\/\/modra-spilja.hr\/the-town-of-komiza\/"},"modified":"2024-06-03T11:18:58","modified_gmt":"2024-06-03T11:18:58","slug":"the-town-of-komiza","status":"publish","type":"page","link":"https:\/\/modra-spilja.hr\/it\/the-town-of-komiza\/","title":{"rendered":"La citt\u00e0 di Komi\u017ea (Comisa)"},"content":{"rendered":"<div class=\"wpb-content-wrapper\"><p>[vc_row][vc_column width=&#8221;1\/6&#8243;][\/vc_column][vc_column width=&#8221;2\/3&#8243;][vc_images_carousel images=&#8221;4175,4173,4163,4159,4165,4004,4171,4169,4167,4152&#8243; img_size=&#8221;full&#8221; hide_pagination_control=&#8221;yes&#8221;][\/vc_column][vc_column width=&#8221;1\/6&#8243;][\/vc_column][\/vc_row][vc_row][vc_column][vc_column_text]<\/p>\n<h2 style=\"text-align: center;\"><span style=\"font-weight: 400;\">La citt\u00e0 <\/span><\/h2>\n<p>La citt\u00e0 di Komi\u017ea giace beata nella baia pi\u00f9 grande dell&#8217;isola di Vis, che si affaccia sul mare aperto e oltre, verso l&#8217;Italia. Situata ai piedi del monte Colmo o San Giorgio (Hum, 585 m.), Komi\u017ea \u00e8 nascosta dal resto dell&#8217;isola.<\/p>\n<p>Per la prima volta nella storia viene menzionata come villaggio, &#8220;villa Comisae&#8221;, nel 1542 quando gli abitanti iniziarono a spostarsi dalla parte interna dell\u2019isola verso la costa.<\/p>\n<p>Komi\u017ea \u00e8 un piccolo borgo (circa 1700 abitanti) di cui ci si innamora gi\u00e0 alla prima passeggiata tra le sue ripide viuzze strette attorno al porto. Il fascino di un\u2019atmosfera fuori dal tempo si vive nelle taverne e ristoranti con specialit\u00e0 di pesce, assaggiando il vino da vitigni locali, un tempo molto apprezzato in tutte le corti d&#8217;Europa, Vugava e Plavac Mali.<\/p>\n<p>Oltre alla viticoltura, gli abitanti di Comisa sono sempre stati abili ed esperti pescatori. Qui la pesca \u00e8 un&#8217;arte, frutto di una lunga tradizione che racconta storie di pescatori eccezionali, innovatori, conosciuti in tutto il Mediterraneo ed oltre. Nel Museo della Pescasi percorrete il sentiero della storia attraverso gli attrezzi da pesca l\u00ec esposti. Da ammirare \u00e8 senz\u2019altro la gajeta Falku\u0161a, una barca veloce e agile che veniva costruita proprio per le esigenze della pericolosa pesca d&#8217;altura. Durante la festa dedicata a San Nicola (Sveti Mikula), protettore dei viaggiatori, marinai e pescatori, nonch\u00e9 del borgo di Komi\u017ea, si da fuoco ad una barca sacrificale in onore ed a salvezza di tutte le imbarcazioni che sono in mare, davanti alla chiesa parrocchiale omonima.<\/p>\n<p>Ma se ci\u00f2 che vi attira su quest&#8217;isola \u00e8 il nuoto spensierato in un mare azzurro e cristallino, la bellezza delle spiagge e delle baie di Komi\u017ea saranno lo sfondo ideale per questo scenario. Alcune delle spiagge di ciottoli vicino all&#8217;Hotel Bi\u0161evo hanno anche fonti di acqua potabile. Si potrebbe dire che qui c\u2019\u00e8 una spiaggia su misura per ciascuno. Da scoprire sono i luoghi isolati ideali per la contemplazione e la riscoperta di pace e tranquillit\u00e0, cosi come le spiagge dove ci si pu\u00f2 divertire fino alle prime luci dell&#8217;alba, ballando accanto al mare ondeggiante e sotto un cielo stellato.<\/p>\n<p>Se tutto questo non bastasse, durante &#8220;L\u2019estate culturale di Komi\u017ea&#8221; tutto il borgo \u00e8 all&#8217;insegna di eventi musicali e teatrali.<\/p>\n<p>Il consiglio in pi\u00f9:<\/p>\n<p>Se arrivate a Komi\u017ea in barca, ormeggiate nel porto, scendete a terra, ammirate il borgo e trascorrete la notte nel nostro hotel, visitate agriturismi e taverne e godete di un tempo che trascorre pi\u00f9 moderato, come ai tempi dei nostri nonni.<\/p>\n<p>Appena giunti sull&#8217;Isola sarete catapultati da un\u2019invisibile macchina del tempo chiamata atmosfera del borgo di Komi\u017ea in un mondo fatto a misura d\u2019uomo.<\/p>\n<p>&nbsp;<\/p>\n<h2 style=\"text-align: center;\"><span style=\"font-weight: 400;\">Dove andare e cosa vedere <\/span><\/h2>\n<h3><strong>Il museo della pesca<\/strong><\/h3>\n<p>Il museo si trova nella fortezza veneziana del XVI secolo comunemente chiamata Komuna, sul lungomare di Komi\u017ea. Gli appassionati di pesca saranno soddisffati della collezione di oggetti originali dalle barce da pesca e dell\u2019attrezzatura dei abili pescatori di Komi\u017ea, i migliori e pi\u00f9 famosi pescatori dell&#8217;Adriatico da secoli. Una particolare attenzione va sicuramente prestata alla replicha della gajeta falku\u0161a, una barca veloce e agile che i pescatori di Komi\u017ea usavano per la pericolosa caccia in alto mare.[\/vc_column_text][vc_empty_space][vc_empty_space][\/vc_column][\/vc_row][vc_row][vc_column width=&#8221;1\/6&#8243;][\/vc_column][vc_column width=&#8221;2\/3&#8243;][vc_images_carousel images=&#8221;4964,4961,4957,4954,4951,4948,4945&#8243; img_size=&#8221;full&#8221; hide_pagination_control=&#8221;yes&#8221;][\/vc_column][vc_column width=&#8221;1\/6&#8243;][\/vc_column][\/vc_row][vc_row][vc_column][vc_column_text]<\/p>\n<h3><strong>Il geoparco dell&#8217;arcipelago di Vis<\/strong><\/h3>\n<p>Il Geoparco dell&#8217;arcipelago di Vis \u00e8 un&#8217;area nella parte centrale del mare Adriatico che ha subito specifiche trasformazioni geologiche, portando alla creazione d&#8217;imponenti strutture e fenomeni geomorfologici. \u00c8 stato ufficialmente inserito nella rete mondiale dei Geoparchi dell&#8217;UNESCO i cui principali obiettivi sono l&#8217;educazione, la protezione e lo sviluppo della geodiversit\u00e0.<\/p>\n<p>L&#8217;arcipelago di Vis, formatosi circa 220 milioni di anni fa, \u00e8 costituito dall&#8217;omonima isola e dalle isolette di Busi (Bisevo, Sant&#8217;Andrea (Svetac), Pomo (Jabuka), Pelagosa (Palagruza) e Meliselo (Brusnik), nonch\u00e9 da una lunga serie di scogli, formando un territorio di una bellezza impareggiabile. Sette sono le aree in regime di tutela da parte della legge sulla salvaguardia ambientale: la Grotta azzurra (Modra \u0161pilja), la Grotta della foca monaca (Medvidina \u0161pilja), gli isolotti di Pomo e Meliselo, l&#8217;isoletta di Piano (Ravnik) e la sua groppa e l&#8217;insenatura Stiniva, definita a ragione una tra le pi\u00f9 belle spiagge nel Mediterraneo.<\/p>\n<p>Ci sono tre sentieri geo-ambientali da visitare con una guida esperta, soprattutto per gli amanti della natura e delle sue opere d&#8217;arte: il sentiero di Komi\u017ea, il sentiero dell\u2019isola di Bi\u0161evo e il sentiero Vis -Rukavac.<\/p>\n<p>Grazie all\u2019unicit\u00e0 dell\u2019ambiente naturale, al patrimonio culturale e ai fatti storici, nel 2003 il WWF ha dichiarato l&#8217;arcipelago di Vis una delle ultime dieci &#8220;oasi paradisiache del Mediterraneo&#8221;.<\/p>\n<p>Il centro visitatori del Geoparco dell&#8217;arcipelago di Vis si trova nel borgo di Komi\u017ea. L&#8217;edificio che ospita il centro \u00e8 opera del famoso architetto croato del dopoguerra Ivan Viti\u0107.<\/p>\n<p>&nbsp;<\/p>\n<h3><strong>Hum<\/strong><\/h3>\n<p>L\u2019isola Vis ha le dimensioni perfette per essere girata tutta in bicicletta. Assolutamente da non perdere \u00e8 il punto pi\u00f9 alto dell\u2019isola sul monte Colmo o San Giorgio (Hum) che si trova a 587 m sul livello del mare. \u00a0A Hum c\u2019\u00e8 anche una piccola cappella.<\/p>\n<p>In bicicletta o a piedi, lo spettacolo del mare tutto intorno da vedere \u00e8 incredibile.<\/p>\n<p>&nbsp;<\/p>\n<h3><strong>La grotta di Tito<\/strong><\/h3>\n<p>Per gli spiriti avventurosi ed amanti della storia, la Grotta del Generale Tito nascosta sulle pendici del monte Hum, \u00e8 un \u201cmust visit\u201d. Per arrivare alla grotta, si attraversa un sentiero di 275 gradini.<\/p>\n<p>Josip Broz Tito si rifugi\u00f2 qui nel 1944, dopo il \u201craid su Drvar\u201d, e vi instalo i suoi quartieri generali. Dalla grotta coordinava le azioni militari e diplomatiche con le forze alleate.<\/p>\n<p>La Grotta di Tito pu\u00f2 essere visitata autonomamente.<\/p>\n<p>&nbsp;<\/p>\n<h3><strong>Escursioni<\/strong><\/h3>\n<p>Nel caso vi rimanesse ancora un po&#8217; di tempo, la scelta delle escursioni con partenza da Komi\u017ea \u00e8 varia: visitate l&#8217;isola di Bi\u0161evo e la sua Grotta Azzurra, navigate verso le isole Svetac e Brusnik, entusiasmatevi visitando la legendaria isola Palagru\u017ea o la vulcanica Jabuka, l\u2019isola croata pi\u00f9 remota.<\/p>\n<p>&nbsp;<\/p>\n<p>&nbsp;<\/p>\n<p>&nbsp;<\/p>\n<h3><strong>Ristoranti e taverne<\/strong><\/h3>\n<p>Sul lungomare di Komi\u017ea ci sono ristoranti, snack bar e taverne dove si pu\u00f2 gustare la cucina mediterranea e le specialit\u00e0 locali pi\u00f9 famose. Esplorate anche i dintorni, inventando un proprio percorso culinario che parte attraverso il borgo e si estende all&#8217;interno dell&#8217;isola dove sono da scoprire agriturismi che offrono piatti tradizionali tutti da gustare in un atmosfera della Vis di un tempo. Sorprendetevi con sapori e aromi che non avete mai provato prima.<\/p>\n<p>Ogni cucina di Komi\u017ea va orgogliosa delle proprie ricette tradizionali segrete tramandate da generazioni di buongustai. La particolarit\u00e0 dell\u2019isola e l&#8217;ospitalit\u00e0 dei proprietari. Quindi, con il buon cibo e un goccio di vino di produzione locale, vi aspettanotanti racconti interessanti.[\/vc_column_text][vc_empty_space][vc_empty_space][\/vc_column][\/vc_row][vc_row][vc_column width=&#8221;1\/6&#8243;][\/vc_column][vc_column width=&#8221;2\/3&#8243;][vc_images_carousel images=&#8221;4448,4446,4452,4450,4456,4454&#8243; img_size=&#8221;full&#8221; hide_pagination_control=&#8221;yes&#8221;][\/vc_column][vc_column width=&#8221;1\/6&#8243;][\/vc_column][\/vc_row][vc_row][vc_column][vc_column_text]<\/p>\n<h2 style=\"text-align: center;\">Spiaggie, calette e baie<\/h2>\n<p>La baia di Komi\u017ea brulica di bellissime spiagge. Partendo di primo mattino dall&#8217;hotel Bi\u0161evo, si pu\u00f2 raggiungere una nuova spiaggia ogni giorno dove godere del sole caldo e del mare azzurro e cristallino. Il mare vicino la costa di Vis \u00e8 particolarmente bello e rinfrescante grazie alle correnti marine che portano costantemente nuova acqua dal mare aperto.<\/p>\n<p>Su ogni spiaggia scoprirete nuove meraviglie della natura che creano cornici di ombre, nascondigli naturali dal sole estivo. Molte di queste spiagge hanno anche sorgenti di acqua potabile.<\/p>\n<p>Se siete in cerca di un paradiso proprio sulla costa adriatica per fare una nuotata romantica, o se preferite una spiaggia adatta ai bambini dove si possono divertire mentre voi vi godete spensieratamente il sole, troverete il tutto nelle spiagge di Komi\u017ea.<\/p>\n<p>La spiaggia pi\u00f9 grande e frequentata \u00e8 quella situata sotto l&#8217;Hotel Bi\u0161evo.<\/p>\n<p><strong>GUSARICA<\/strong><\/p>\n<p>La spiaggia di Gusarica prende il nome dalla Chiesa di Santa Maria (nota anche come &#8220;Gospa Gusarica&#8221; che tradotto in italiano significa &#8220;La nostra Signora pirata&#8221;) situata sopra di essa. La leggenda narra che molto tempo fa i pirati, allora temuti in tutti i mari, rapinarono la chiesa e rubarono il ritratto della Madonna. Quando salparono, la loro nave cadde in una grande tempesta e affond\u00f2, e le onde riportarono il ritratto sulla spiaggia, di fronte alla chiesa.<\/p>\n<p>La spiaggia di Gusarica \u00e8 ricoperta di morbida ghiaia. L\u2019ingresso in mare \u00e8 graduale e ci\u00f2 la rende ideale per i bambini che possono giocare spensieratamente nei punti poco profondi e imparare a nuotare. Gusarica \u00e8 circondata da maestosi pini, tamerici e carrubi, che offrono ombra per ripararsi dal calore del sole.<\/p>\n<p>La spiaggia dispone di accesso per disabili, docce e spogliatoi. Ci sono anche diversi caff\u00e8 e snack bar.<\/p>\n<p>Nel borgo di Komi\u017ea ci sono diverse spiagge. La spiaggia <strong>LU\u010cICA <\/strong>\u00e8 nascosta\u00a0 dietro un grande frangiflutti che protegge il porto cittadino, ed \u00e8 dotata di docce e spogliatoi e di un grazioso, piccolo bar. Quando arriva la bassa marea, \u00e8 possibile raggiungere altre spiagge attraversando il fondale poco profondo.<\/p>\n<p>La spiaggia di <strong>KAMENICE<\/strong> \u00e8 un popolare luogo di ritrovo per i giovani. Kamenice hanno tutto: ciottoli caldi per piedi nudi, mare azzurro per il nuoto spensierato, una fonte di acqua potabile per rinfrescarsi, tamerici e pini che fanno ombra. Come se questo non bastasse, ci sono anche tramonti magici, i pi\u00f9 belli dell&#8217;isola perch\u00e9 la spiaggia \u00e8 esposta a ovest. Quando il sole tramonta e mette in scena il suo spettacolo serale, il caff\u00e8 bar si trasforma in un club dove \u00e8 possibile ascoltare musica ballando incontro all\u2019alba nelle caldi notti d&#8217;estate.<\/p>\n<p>Per chi va in vacanza con l&#8217;amico a quattro zampe, c\u2019\u00e8la spiaggia di <strong>VARTALAC <\/strong>che \u00e8 intesa proprio per i nostril amici animali. \u00c8 circondata da una vegetazione lussureggiante e da rocce di origine vulcanica. Anche qui il mare \u00e8 cristallino.<\/p>\n<p><strong>PIZDICA <\/strong>e <strong>VELU \u017dOLO<\/strong> sono spiagge per tutti coloro che cercano pace e tranquillit\u00e0. Non sono mai troppo affollate. Entrambe le spiagge sono fatte di ciottoli, ricche di sorgenti d&#8217;acqua dolce e il mare pullula di una ricca vita sottomarina. Il relax qui \u00e8 d\u2019obbligo e va a braccetto con la musica dei grilli e il mormorio del mare.<\/p>\n<p>Il paradiso naturista \u00e8 composto da due spiagge pi\u00f9 grandi e altre piccole spiagge di ghiaia, tutte una pi\u00f9 bella dell\u2019altra. Sono luoghi isolati, immersi nella natura, eppure vicini alla citt\u00e0 di Komi\u017ea.<\/p>\n<p>Discendendo lungo un ripido sentiero circondato dal verde della natura si arriva alla spiaggia <strong>NOVO PO\u0160TA<\/strong>. Godetevi la camminata a piedi nudi sulla superficie di ghiaia morbida e fine di questa spiaggia circondata dall&#8217;ombra di tamerici e pini.<\/p>\n<p>La spiaggia di <strong>TEMPLU\u017d<\/strong> \u00e8 una perla nascosta che pu\u00f2 essere raggiunta principalmente via mare. \u00c8 un punto quasi segreto dove nascondersi dalla vita di tutti i giorni e, a volte, da se stessi!<\/p>\n<p>La spiaggia di <strong>STORO PO\u0160TA<\/strong> \u00e8 l&#8217;ideale per quelli di voi che amano sdraiarsi sugli scogli assolati vicino a suggestive spiaggette fatte di ciottoli.<\/p>\n<p>La spiaggia di <strong>BALUNCI\u0106 <\/strong>\u00e8 accessibile solo via mare. \u00c8 nascosta da occhi indiscreti, circondata da una natura meravigliosa. Un spiaggia creata su misura per due.<\/p>\n<p>Ma non \u00e8 tutto. Iniziate a esplorare tutto ci\u00f2 che la costa dell\u2019isola di Vis ha da offrirvi e ammirate anche altre bellissime spiagge: <strong>BILE STINE<\/strong>, <strong>BJA\u017dI\u0106OVO<\/strong>, <strong>\u017dANI\u0106OVO<\/strong>, <strong>\u0160PORKA \u017dOLO<\/strong>, <strong>JURKOVICA<\/strong> e <strong>MLIN<\/strong>.[\/vc_column_text][\/vc_column][\/vc_row]<\/p>\n<\/div>","protected":false},"excerpt":{"rendered":"<p>[vc_row][vc_column width=&#8221;1\/6&#8243;][\/vc_column][vc_column width=&#8221;2\/3&#8243;][vc_images_carousel images=&#8221;4175,4173,4163,4159,4165,4004,4171,4169,4167,4152&#8243; img_size=&#8221;full&#8221; hide_pagination_control=&#8221;yes&#8221;][\/vc_column][vc_column width=&#8221;1\/6&#8243;][\/vc_column][\/vc_row][vc_row][vc_column][vc_column_text] La citt\u00e0 La citt\u00e0 di Komi\u017ea giace beata nella baia pi\u00f9 grande dell&#8217;isola di Vis, che si affaccia sul mare aperto e oltre, verso l&#8217;Italia. Situata ai piedi del monte Colmo o San Giorgio (Hum, 585 m.), Komi\u017ea \u00e8 nascosta dal resto dell&#8217;isola&#8230;.<\/p>\n","protected":false},"author":1,"featured_media":0,"parent":0,"menu_order":0,"comment_status":"closed","ping_status":"closed","template":"","meta":{"footnotes":""},"class_list":["post-4696","page","type-page","status-publish","hentry"],"yoast_head":"<!-- This site is optimized with the Yoast SEO plugin v27.3 - https:\/\/yoast.com\/product\/yoast-seo-wordpress\/ -->\n<title>La citt\u00e0 di Komi\u017ea (Comisa) - Hotel Bi\u0161evo<\/title>\n<meta name=\"description\" content=\"Scopri la bellezza di Komi\u017ea, un piccolo villaggio di pescatori sull&#039;isola di Vis. Prenotate la vostra camera in riva al mare nell&#039;hotel Bi\u0161evo.\" \/>\n<meta name=\"robots\" content=\"index, follow, max-snippet:-1, max-image-preview:large, max-video-preview:-1\" \/>\n<link rel=\"canonical\" href=\"https:\/\/modra-spilja.hr\/it\/the-town-of-komiza\/\" \/>\n<meta property=\"og:locale\" content=\"it_IT\" \/>\n<meta property=\"og:type\" content=\"article\" \/>\n<meta property=\"og:title\" content=\"La citt\u00e0 di Komi\u017ea (Comisa) - Hotel Bi\u0161evo\" \/>\n<meta property=\"og:description\" content=\"Scopri la bellezza di Komi\u017ea, un piccolo villaggio di pescatori sull&#039;isola di Vis. Prenotate la vostra camera in riva al mare nell&#039;hotel Bi\u0161evo.\" \/>\n<meta property=\"og:url\" content=\"https:\/\/modra-spilja.hr\/it\/the-town-of-komiza\/\" \/>\n<meta property=\"og:site_name\" content=\"Hotel Bi\u0161evo\" \/>\n<meta property=\"article:publisher\" content=\"https:\/\/www.facebook.com\/bisevohotel\" \/>\n<meta property=\"article:modified_time\" content=\"2024-06-03T11:18:58+00:00\" \/>\n<meta name=\"twitter:card\" content=\"summary_large_image\" \/>\n<meta name=\"twitter:site\" content=\"@bisevo_hotel\" \/>\n<meta name=\"twitter:label1\" content=\"Tempo di lettura stimato\" \/>\n\t<meta name=\"twitter:data1\" content=\"10 minuti\" \/>\n<script type=\"application\/ld+json\" class=\"yoast-schema-graph\">{\"@context\":\"https:\\\/\\\/schema.org\",\"@graph\":[{\"@type\":\"WebPage\",\"@id\":\"https:\\\/\\\/modra-spilja.hr\\\/it\\\/the-town-of-komiza\\\/\",\"url\":\"https:\\\/\\\/modra-spilja.hr\\\/it\\\/the-town-of-komiza\\\/\",\"name\":\"La citt\u00e0 di Komi\u017ea (Comisa) - Hotel Bi\u0161evo\",\"isPartOf\":{\"@id\":\"https:\\\/\\\/modra-spilja.hr\\\/#website\"},\"datePublished\":\"2021-02-03T16:47:27+00:00\",\"dateModified\":\"2024-06-03T11:18:58+00:00\",\"description\":\"Scopri la bellezza di Komi\u017ea, un piccolo villaggio di pescatori sull'isola di Vis. Prenotate la vostra camera in riva al mare nell'hotel Bi\u0161evo.\",\"breadcrumb\":{\"@id\":\"https:\\\/\\\/modra-spilja.hr\\\/it\\\/the-town-of-komiza\\\/#breadcrumb\"},\"inLanguage\":\"it-IT\",\"potentialAction\":[{\"@type\":\"ReadAction\",\"target\":[\"https:\\\/\\\/modra-spilja.hr\\\/it\\\/the-town-of-komiza\\\/\"]}]},{\"@type\":\"BreadcrumbList\",\"@id\":\"https:\\\/\\\/modra-spilja.hr\\\/it\\\/the-town-of-komiza\\\/#breadcrumb\",\"itemListElement\":[{\"@type\":\"ListItem\",\"position\":1,\"name\":\"Home\",\"item\":\"https:\\\/\\\/modra-spilja.hr\\\/it\\\/\"},{\"@type\":\"ListItem\",\"position\":2,\"name\":\"La citt\u00e0 di Komi\u017ea (Comisa)\"}]},{\"@type\":\"WebSite\",\"@id\":\"https:\\\/\\\/modra-spilja.hr\\\/#website\",\"url\":\"https:\\\/\\\/modra-spilja.hr\\\/\",\"name\":\"Hotel Bi\u0161evo\",\"description\":\"Benvenuti a Hotel Bi\u0161evo\",\"publisher\":{\"@id\":\"https:\\\/\\\/modra-spilja.hr\\\/#organization\"},\"potentialAction\":[{\"@type\":\"SearchAction\",\"target\":{\"@type\":\"EntryPoint\",\"urlTemplate\":\"https:\\\/\\\/modra-spilja.hr\\\/?s={search_term_string}\"},\"query-input\":{\"@type\":\"PropertyValueSpecification\",\"valueRequired\":true,\"valueName\":\"search_term_string\"}}],\"inLanguage\":\"it-IT\"},{\"@type\":\"Organization\",\"@id\":\"https:\\\/\\\/modra-spilja.hr\\\/#organization\",\"name\":\"Modra Spilja d.d.\",\"url\":\"https:\\\/\\\/modra-spilja.hr\\\/\",\"logo\":{\"@type\":\"ImageObject\",\"inLanguage\":\"it-IT\",\"@id\":\"https:\\\/\\\/modra-spilja.hr\\\/#\\\/schema\\\/logo\\\/image\\\/\",\"url\":\"https:\\\/\\\/modra-spilja.hr\\\/wp-content\\\/uploads\\\/2021\\\/02\\\/bisevo.jpg\",\"contentUrl\":\"https:\\\/\\\/modra-spilja.hr\\\/wp-content\\\/uploads\\\/2021\\\/02\\\/bisevo.jpg\",\"width\":354,\"height\":354,\"caption\":\"Modra Spilja d.d.\"},\"image\":{\"@id\":\"https:\\\/\\\/modra-spilja.hr\\\/#\\\/schema\\\/logo\\\/image\\\/\"},\"sameAs\":[\"https:\\\/\\\/www.facebook.com\\\/bisevohotel\",\"https:\\\/\\\/x.com\\\/bisevo_hotel\",\"https:\\\/\\\/www.instagram.com\\\/komiza_vis\\\/\"]}]}<\/script>\n<!-- \/ Yoast SEO plugin. -->","yoast_head_json":{"title":"La citt\u00e0 di Komi\u017ea (Comisa) - Hotel Bi\u0161evo","description":"Scopri la bellezza di Komi\u017ea, un piccolo villaggio di pescatori sull'isola di Vis. Prenotate la vostra camera in riva al mare nell'hotel Bi\u0161evo.","robots":{"index":"index","follow":"follow","max-snippet":"max-snippet:-1","max-image-preview":"max-image-preview:large","max-video-preview":"max-video-preview:-1"},"canonical":"https:\/\/modra-spilja.hr\/it\/the-town-of-komiza\/","og_locale":"it_IT","og_type":"article","og_title":"La citt\u00e0 di Komi\u017ea (Comisa) - Hotel Bi\u0161evo","og_description":"Scopri la bellezza di Komi\u017ea, un piccolo villaggio di pescatori sull'isola di Vis. Prenotate la vostra camera in riva al mare nell'hotel Bi\u0161evo.","og_url":"https:\/\/modra-spilja.hr\/it\/the-town-of-komiza\/","og_site_name":"Hotel Bi\u0161evo","article_publisher":"https:\/\/www.facebook.com\/bisevohotel","article_modified_time":"2024-06-03T11:18:58+00:00","twitter_card":"summary_large_image","twitter_site":"@bisevo_hotel","twitter_misc":{"Tempo di lettura stimato":"10 minuti"},"schema":{"@context":"https:\/\/schema.org","@graph":[{"@type":"WebPage","@id":"https:\/\/modra-spilja.hr\/it\/the-town-of-komiza\/","url":"https:\/\/modra-spilja.hr\/it\/the-town-of-komiza\/","name":"La citt\u00e0 di Komi\u017ea (Comisa) - Hotel Bi\u0161evo","isPartOf":{"@id":"https:\/\/modra-spilja.hr\/#website"},"datePublished":"2021-02-03T16:47:27+00:00","dateModified":"2024-06-03T11:18:58+00:00","description":"Scopri la bellezza di Komi\u017ea, un piccolo villaggio di pescatori sull'isola di Vis. Prenotate la vostra camera in riva al mare nell'hotel Bi\u0161evo.","breadcrumb":{"@id":"https:\/\/modra-spilja.hr\/it\/the-town-of-komiza\/#breadcrumb"},"inLanguage":"it-IT","potentialAction":[{"@type":"ReadAction","target":["https:\/\/modra-spilja.hr\/it\/the-town-of-komiza\/"]}]},{"@type":"BreadcrumbList","@id":"https:\/\/modra-spilja.hr\/it\/the-town-of-komiza\/#breadcrumb","itemListElement":[{"@type":"ListItem","position":1,"name":"Home","item":"https:\/\/modra-spilja.hr\/it\/"},{"@type":"ListItem","position":2,"name":"La citt\u00e0 di Komi\u017ea (Comisa)"}]},{"@type":"WebSite","@id":"https:\/\/modra-spilja.hr\/#website","url":"https:\/\/modra-spilja.hr\/","name":"Hotel Bi\u0161evo","description":"Benvenuti a Hotel Bi\u0161evo","publisher":{"@id":"https:\/\/modra-spilja.hr\/#organization"},"potentialAction":[{"@type":"SearchAction","target":{"@type":"EntryPoint","urlTemplate":"https:\/\/modra-spilja.hr\/?s={search_term_string}"},"query-input":{"@type":"PropertyValueSpecification","valueRequired":true,"valueName":"search_term_string"}}],"inLanguage":"it-IT"},{"@type":"Organization","@id":"https:\/\/modra-spilja.hr\/#organization","name":"Modra Spilja d.d.","url":"https:\/\/modra-spilja.hr\/","logo":{"@type":"ImageObject","inLanguage":"it-IT","@id":"https:\/\/modra-spilja.hr\/#\/schema\/logo\/image\/","url":"https:\/\/modra-spilja.hr\/wp-content\/uploads\/2021\/02\/bisevo.jpg","contentUrl":"https:\/\/modra-spilja.hr\/wp-content\/uploads\/2021\/02\/bisevo.jpg","width":354,"height":354,"caption":"Modra Spilja d.d."},"image":{"@id":"https:\/\/modra-spilja.hr\/#\/schema\/logo\/image\/"},"sameAs":["https:\/\/www.facebook.com\/bisevohotel","https:\/\/x.com\/bisevo_hotel","https:\/\/www.instagram.com\/komiza_vis\/"]}]}},"_links":{"self":[{"href":"https:\/\/modra-spilja.hr\/it\/wp-json\/wp\/v2\/pages\/4696","targetHints":{"allow":["GET"]}}],"collection":[{"href":"https:\/\/modra-spilja.hr\/it\/wp-json\/wp\/v2\/pages"}],"about":[{"href":"https:\/\/modra-spilja.hr\/it\/wp-json\/wp\/v2\/types\/page"}],"author":[{"embeddable":true,"href":"https:\/\/modra-spilja.hr\/it\/wp-json\/wp\/v2\/users\/1"}],"replies":[{"embeddable":true,"href":"https:\/\/modra-spilja.hr\/it\/wp-json\/wp\/v2\/comments?post=4696"}],"version-history":[{"count":7,"href":"https:\/\/modra-spilja.hr\/it\/wp-json\/wp\/v2\/pages\/4696\/revisions"}],"predecessor-version":[{"id":4998,"href":"https:\/\/modra-spilja.hr\/it\/wp-json\/wp\/v2\/pages\/4696\/revisions\/4998"}],"wp:attachment":[{"href":"https:\/\/modra-spilja.hr\/it\/wp-json\/wp\/v2\/media?parent=4696"}],"curies":[{"name":"wp","href":"https:\/\/api.w.org\/{rel}","templated":true}]}}