{"id":4687,"date":"2016-09-28T09:08:55","date_gmt":"2016-09-28T02:08:55","guid":{"rendered":"http:\/\/modra-spilja.hr\/home\/"},"modified":"2026-04-01T08:35:19","modified_gmt":"2026-04-01T08:35:19","slug":"home","status":"publish","type":"page","link":"https:\/\/modra-spilja.hr\/it\/","title":{"rendered":"Home"},"content":{"rendered":"<div class=\"wpb-content-wrapper\"><p>[vc_row full_width=&#8221;stretch_row_content_no_spaces&#8221; el_class=&#8221;home3-slider&#8221;][vc_column][rev_slider_vc alias=&#8221;home-en-1&#8243;][\/vc_column][\/vc_row][vc_row full_width=&#8221;stretch_row_content&#8221; disable_element=&#8221;yes&#8221; el_class=&#8221;home3-slider&#8221; css=&#8221;.vc_custom_1775032516743{background-color: #efefef !important;}&#8221;][vc_column][vc_column_text css=&#8221;&#8221;]<\/p>\n<h3 style=\"text-align: center;\">Nel periodo dal 22.12.2025. al 11.01.2026. l&#8217;hotel rester\u00e0 chiuso.<br \/>\nIl nuovo anno e la nuova stagione inizieranno il 12.01.2026.<\/h3>\n<h2 style=\"text-align: center;\">Auguriamo a tutti i nostri ospiti e partner commerciali il meglio per le prossime festivit\u00e0.<\/h2>\n<p>[\/vc_column_text][\/vc_column][\/vc_row][vc_row full_width=&#8221;stretch_row&#8221; disable_element=&#8221;yes&#8221; css=&#8221;.vc_custom_1612351344942{background-color: #f6f6f6 !important;}&#8221; el_class=&#8221;home3-search&#8221;][vc_column css=&#8221;.vc_custom_1491451461634{margin-top: -72px !important;padding-top: 0px !important;}&#8221;]<div class=\"thim-sc-hb-rooms-search special  \"><div id=\"hotel-booking-search-69e0f770f0a17\" class=\"hotel-booking-search layout-special\" data-lang=\"eng-gb\"><form name=\"hb-search-form\" action=\"https:\/\/modra-spilja.hr\/en\/hotel-rooms\/\" class=\"hb-search-form-69e0f770f0a15\"><ul class=\"hb-form-table\"><input type=\"text\" id=\"multidate\" class=\"multidate\" value=\"16 April 2026\" readonly \/><li class=\"hb-form-field hb-form-check-in\"><div class=\"label\">Check-In<\/div><div class=\"hb-form-field-input hb_input_field\"><input type=\"text\" id=\"day\" class=\"day\" value=\"16\" readonly \/><input id=\"month\" class=\"month\" readonly type=\"text\" value=\"Apr. 2026\" \/><input type=\"hidden\" name=\"check_in_date\" id=\"check_in_date_69e0f770f0a15\" class=\"check-date\" value=\"16 April 2026\" readonly \/><\/div><\/li><li class=\"hb-form-field hb-form-check-out\"><div class=\"label\">Check-Out<\/div><div class=\"hb-form-field-input hb_input_field\"><input type=\"text\" id=\"day2\" class=\"day\" value=\"17\" readonly \/><input id=\"month2\" class=\"month\" readonly  type=\"text\" value=\"Apr. 2026\" \/><input type=\"hidden\" name=\"check_out_date\" id=\"check_out_date_69e0f770f0a15\" class=\"check-date\" value=\"17 April 2026\" readonly\/><\/div><\/li><li class=\"hb-form-field hb-form-number\"><div class=\"label\">Number<\/div><div id=\"guests\" class=\"hb-form-field-input hb_input_field\"><input type=\"text\" id=\"number\" class=\"day\" value=\"01\" readonly \/><input class=\"month\" readonly  type=\"text\" value=\"Guests\" \/><\/div><div class=\"hb-form-field-list\"><div class=\"hb-form-field-input hb-guest-field\"><select name=\"adults_capacity\" ><option value=\"1\" selected=\"selected\">1<\/option><option value=\"2\">2<\/option><option value=\"3\">3<\/option><option value=\"4\">4<\/option><option value=\"5\">5<\/option><option value=\"6\">6<\/option><option value=\"7\">7<\/option><option value=\"8\">8<\/option><option value=\"9\">9<\/option><option value=\"10\">10<\/option><option value=\"11\">11<\/option><option value=\"12\">12<\/option><option value=\"13\">13<\/option><option value=\"14\">14<\/option><option value=\"15\">15<\/option><option value=\"16\">16<\/option><option value=\"17\">17<\/option><option value=\"18\">18<\/option><option value=\"19\">19<\/option><option value=\"20\">20<\/option><\/select> <span class=\"name\">Guests<\/span><span class=\"number-icons goUp\"><i class=\"ion-ios-remove\"><\/i><\/span><span class=\"number-icons goDown\"><i class=\"ion-ios-add\"><\/i><\/span><\/div><\/div><\/li><\/ul><input type=\"hidden\" id=\"nonce\" name=\"nonce\" value=\"22f0017c2a\" \/><input type=\"hidden\" name=\"_wp_http_referer\" value=\"\/it\/wp-json\/wp\/v2\/pages\/4687\" \/><input type=\"hidden\" name=\"hotel-booking\" value=\"results\" \/><input type=\"hidden\" name=\"widget-search\" value=\"1\"\/><input type=\"hidden\" name=\"action\" value=\"hotel_booking_parse_search_params\" \/><p class=\"hb-submit\"><span class=\"contact-info\">Need Help: (+12) 34-567-89<\/span><button type=\"submit\">Check Availability<\/button><\/p><\/form><\/div><\/div>[vc_empty_space height=&#8221;75px&#8221;][\/vc_column][\/vc_row][vc_row full_width=&#8221;stretch_row&#8221; parallax=&#8221;content-moving&#8221; overlay_color=&#8221;rgba(255,255,255,0.9)&#8221; el_class=&#8221;row-post-event&#8221; css=&#8221;.vc_custom_1615286370799{padding-top: 35px !important;padding-bottom: 55px !important;}&#8221;][vc_column][vc_single_image image=&#8221;5027&#8243; img_size=&#8221;large&#8221; alignment=&#8221;center&#8221;][vc_custom_heading text=&#8221;Hotel Bi\u0161evo&#8221; font_container=&#8221;tag:h1|text_align:center&#8221; use_theme_fonts=&#8221;yes&#8221; css=&#8221;.vc_custom_1627027311885{margin-bottom: -10px !important;}&#8221;][vc_icon icon_fontawesome=&#8221;fas fa-angle-down&#8221; size=&#8221;sm&#8221; align=&#8221;center&#8221; css=&#8221;.vc_custom_1612529605233{margin-top: 0px !important;margin-bottom: 0px !important;padding-top: 0px !important;padding-bottom: 0px !important;}&#8221;][vc_column_text]<\/p>\n<p style=\"text-align: center;\">La piccola isola di Bi\u0161evo, famosa per le sue grotte, i vigneti di Plavac Mali, spiagge e baie meravigliose, \u00e8 stata l\u2019ispirazione per il nome dell\u2019hotel che si affaccia sull\u2019isola stessa e sul bellissimo mare cristallino.<\/p>\n<p>[\/vc_column_text][vc_empty_space height=&#8221;22px&#8221;][vc_btn title=&#8221;Per saperne di pi\u00f9&#8221; style=&#8221;flat&#8221; shape=&#8221;square&#8221; align=&#8221;center&#8221; link=&#8221;url:%2Fit%2Fhotel-bisevo%2F&#8221;][vc_empty_space height=&#8221;42px&#8221;]<div class=\"thim-sc-list-icon-box\">\n\t<div class=\"list-icon-box-wrapper container\">\n\t\t<ul class=\"list-icon-box owl-carousel owl-theme\"><li class=\"box-item\"><i class = \"fas fa-umbrella-beach \" ><\/i><h5 class=\"box-title\">SPIAGGIA<\/h5><p class=\"description\">Una delle pi\u00f9 belle spiagge di ciottoli di Komi\u017ea si trova proprio di fronte all\u2019Hotel Bi\u0161evo...<\/p><a  style=\"display: inline-block ;\" href=\"\/it\/hotel-bisevo\/#beach\" title=\"Hotel Bi\u0161evo\">Per saperne di pi\u00f9<\/a><\/li><li class=\"box-item\"><i class = \"fas fa-users \" ><\/i><h5 class=\"box-title\">SALA CONFERENZE<\/h5><p class=\"description\">L\u2019Hotel Bi\u0161evo mette a disposizione un\u2019ampia sala per riunioni aziendali ed eventi privati...<\/p><a  style=\"display: inline-block ;\" href=\"\/it\/hotel-bisevo\/#beach\" title=\"Hotel Bi\u0161evo\">Per saperne di pi\u00f9<\/a><\/li><li class=\"box-item\"><i class = \"fas fa-utensils \" ><\/i><h5 class=\"box-title\">RISTORANTE<\/h5><p class=\"description\">Il ristorante dell\u2019Hotel propone una selezione di piatti ispirati alla gastronomia locale...<\/p><a  style=\"display: inline-block ;\" href=\"\/it\/hotel-bisevo\/#beach\" title=\"Island of Bi\u0161evo\">Per saperne di pi\u00f9<\/a><\/li><li class=\"box-item\"><i class = \"fas fa-oil-can \" ><\/i><h5 class=\"box-title\">WELLNESS<\/h5><p class=\"description\">Per trovare l\u2019equilibrio e rilassare il corpo, la mentee lo spirito visitalo studio di aromaterapia, massaggi...<\/p><a  style=\"display: inline-block ;\" href=\"\/it\/hotel-bisevo\/#beach\" title=\"Island of Bi\u0161evo\">Per saperne di pi\u00f9<\/a><\/li><\/ul>\t<\/div>\n<\/div>[\/vc_column][\/vc_row][vc_row full_width=&#8221;stretch_row_content&#8221; disable_element=&#8221;yes&#8221; css=&#8221;.vc_custom_1618212194159{padding-top: 130px !important;padding-bottom: 130px !important;background: #111e4e url(https:\/\/modra-spilja.hr\/wp-content\/uploads\/2021\/03\/DSC_4318_HOTEL_BISEVO_KOMIZA_-y.jpg?id=5077) !important;background-position: center !important;background-repeat: no-repeat !important;background-size: cover !important;}&#8221;][vc_column]\n\t<div class=\"thim-sc-heading  akcije\" style = text-align:center; >\n\t\t<div class=\"article_heading \">\n\t\t\t<p class=\"heading_primary\"  >Offerte speciali<\/p>\n\t\t\t<h3 style=\"color: #ffffff;font-size: 42px;\" class=\"heading_secondary\">Primavera a Komi\u017ea<\/h3>\n\t\t\t<div class=\"heading-des\">\u2022 dal 5 al 11 Aprile 2021<br \/>\n\u2022 mezza pensione a persona \/ per giorno a 190,00 HRK<br \/>\n\u2022 bambini fino a 12 anni GRATIS<\/div> \n\t\t\t<div class=\"heading-button\"><a href=\"\/it\/special-offers\/\"><i class=\"icomoon icon-up\"><\/i>Scopri di pi\u00f9<\/a><\/div>\n\t\t<\/div>\n\t<\/div>[\/vc_column][\/vc_row][vc_row full_width=&#8221;stretch_row&#8221; parallax=&#8221;content-moving&#8221; overlay_color=&#8221;rgba(255,255,255,0.9)&#8221; el_class=&#8221;row-post-event&#8221; css=&#8221;.vc_custom_1612514961057{padding-top: 65px !important;padding-bottom: 75px !important;background-image: url(http:\/\/modra-spilja.hr\/wp-content\/uploads\/2021\/02\/DVD-542-BOX-4_DSC1364.jpg?id=4004) !important;}&#8221;][vc_column][vc_custom_heading text=&#8221;Camere&#8221; font_container=&#8221;tag:h2|text_align:center&#8221; use_theme_fonts=&#8221;yes&#8221; css=&#8221;.vc_custom_1615883766875{margin-bottom: -10px !important;}&#8221;][vc_icon icon_fontawesome=&#8221;fas fa-angle-down&#8221; size=&#8221;sm&#8221; align=&#8221;center&#8221; css=&#8221;.vc_custom_1612529605233{margin-top: 0px !important;margin-bottom: 0px !important;padding-top: 0px !important;padding-bottom: 0px !important;}&#8221;][vc_column_text]<\/p>\n<p style=\"text-align: center;\">L\u2019Hotel Bi\u0161evo dispone di 131 camere confortevoli e silenziose di diverse tipologie e ampiezza: 124 camere doppie o matrimoniali, due singole e cinque camere familiari o mini suite per godere di uno spazio pi\u00f9 ampio per tutta la famiglia.<\/p>\n<p>[\/vc_column_text][vc_empty_space height=&#8221;22px&#8221;][vc_btn title=&#8221;Per saperne di pi\u00f9&#8221; style=&#8221;flat&#8221; shape=&#8221;square&#8221; color=&#8221;white&#8221; align=&#8221;center&#8221; link=&#8221;url:%2Fit%2Fhotel-bisevo%2F&#8221;][vc_empty_space height=&#8221;42px&#8221;][vc_row_inner][vc_column_inner width=&#8221;1\/4&#8243;][vc_single_image image=&#8221;4652&#8243; img_size=&#8221;large&#8221; alignment=&#8221;center&#8221; onclick=&#8221;custom_link&#8221; link=&#8221;\/it\/hotel-bisevo\/&#8221;][vc_custom_heading text=&#8221;Camera doppia con balcone e vista mare&#8221; font_container=&#8221;tag:h3|font_size:18px|text_align:center&#8221; use_theme_fonts=&#8221;yes&#8221; css=&#8221;.vc_custom_1615453753965{margin-top: 0px !important;padding-top: 0px !important;padding-right: 20px !important;padding-bottom: 20px !important;padding-left: 20px !important;}&#8221; link=&#8221;url:%2Fit%2Fhotel-bisevo%2F|title:Hotel%20Bi%C5%A1evo&#8221;][\/vc_column_inner][vc_column_inner width=&#8221;1\/4&#8243;][vc_single_image image=&#8221;4654&#8243; img_size=&#8221;large&#8221; alignment=&#8221;center&#8221; onclick=&#8221;custom_link&#8221; link=&#8221;\/it\/hotel-bisevo\/&#8221;][vc_custom_heading text=&#8221;Camera doppia con balcone e vista sul parco&#8221; font_container=&#8221;tag:h3|font_size:18px|text_align:center&#8221; use_theme_fonts=&#8221;yes&#8221; css=&#8221;.vc_custom_1615453774901{margin-top: 0px !important;padding-top: 0px !important;padding-right: 20px !important;padding-bottom: 20px !important;padding-left: 20px !important;}&#8221; link=&#8221;url:%2Fit%2Fhotel-bisevo%2F|title:Hotel%20Bi%C5%A1evo&#8221;][\/vc_column_inner][vc_column_inner width=&#8221;1\/4&#8243;][vc_single_image image=&#8221;4660&#8243; img_size=&#8221;large&#8221; alignment=&#8221;center&#8221; onclick=&#8221;custom_link&#8221; link=&#8221;\/it\/hotel-bisevo\/&#8221;][vc_custom_heading text=&#8221;Camera doppia senza balcone e con vista sul parco&#8221; font_container=&#8221;tag:h3|font_size:18px|text_align:center&#8221; use_theme_fonts=&#8221;yes&#8221; css=&#8221;.vc_custom_1615453793500{margin-top: 0px !important;padding-top: 0px !important;padding-right: 20px !important;padding-bottom: 20px !important;padding-left: 20px !important;}&#8221; link=&#8221;url:%2Fit%2Fhotel-bisevo%2F|title:Hotel%20Bi%C5%A1evo&#8221;][\/vc_column_inner][vc_column_inner width=&#8221;1\/4&#8243;][vc_single_image image=&#8221;4667&#8243; img_size=&#8221;large&#8221; alignment=&#8221;center&#8221; onclick=&#8221;custom_link&#8221; link=&#8221;\/it\/hotel-bisevo\/&#8221;][vc_custom_heading text=&#8221;Appartamento (camera famiglia 2 + 2) con balcone e vista mare&#8221; font_container=&#8221;tag:h3|font_size:18px|text_align:center&#8221; use_theme_fonts=&#8221;yes&#8221; css=&#8221;.vc_custom_1615453813189{margin-top: 0px !important;padding-top: 0px !important;padding-right: 20px !important;padding-bottom: 20px !important;padding-left: 20px !important;}&#8221; link=&#8221;url:%2Fit%2Fhotel-bisevo%2F|title:Hotel%20Bi%C5%A1evo&#8221;][\/vc_column_inner][\/vc_row_inner][\/vc_column][\/vc_row][vc_row full_width=&#8221;stretch_row&#8221; parallax=&#8221;content-moving&#8221; overlay_color=&#8221;rgba(11,16,33,0.5)&#8221; el_class=&#8221;home3-save-up thim-rectangle-overlay\u010d\u010d\u010d&#8221; css=&#8221;.vc_custom_1612783066690{padding-top: 160px !important;padding-bottom: 156px !important;background-image: url(http:\/\/modra-spilja.hr\/wp-content\/uploads\/2021\/02\/DVD-517-BOX-4_DSC8017-Veli-i-mali-Budikovac-i-hrid-Sanac.jpg?id=4006) !important;}&#8221;][vc_column css=&#8221;.vc_custom_1491450738919{padding-top: 0px !important;}&#8221;]\n\t<div class=\"thim-sc-heading  thim-sc-heading2\" style = text-align:center; >\n\t\t<div class=\"article_heading \">\n\t\t\t<p class=\"heading_primary\" style=\"color: #ffffff;font-size: 52px;\" >Testimonianze<\/p>\n\t\t\t\n\t\t\t<div class=\"heading-des\">Cosa dicono i nostri ospiti<\/div> \n\t\t\t\n\t\t<\/div>\n\t<\/div>\n\t<div class=\"thim-sc-testimonial center \" data-animation=\"no\" data-auto=\"true\">\n\t\t<h4 class=\"block-title\"><\/h4>\n\t\t\t\t\t<div class=\"owl-carousel owl-theme testimonial-slider-center\">\n\t\t\t\t\t\t\t\t\t<div class=\"testimonial-item\">\n\t\t\t\t\t\t<div class=\"testimonial-content\">\u201c <span id=\"m_4267891455316586386m_-8662424256474442503gmail-reviews\">Amazing view to the sea, polite staff, tasty meals. Hotel is on the beach, total relax.\r\nValue for money is excellent.\r\nIt was so good that we prolonged our stay in hotel.\r\nWe are coming back next summer for sure<\/span> \u201c<\/div>\n\t\t\t\t\t\t<p class=\"testimonial-rating\"><\/p>\n\t\t\t\t\t\t<h5 class=\"testimonial-name\"> 9Maja777 &#8211; Zagreb, Croatia <\/h5>\n\t\t\t\t\t<\/div>\n\t\t\t\t\t\t\t\t\t<div class=\"testimonial-item\">\n\t\t\t\t\t\t<div class=\"testimonial-content\">\u201c <span id=\"m_4267891455316586386m_-8662424256474442503gmail-reviews\">This hotel is an absolute gem and rare find. Safe, clean but admittedly basic - but hey, it beats camping :). However, you cannot beat the views from the balcony....and the price - amazing!!!! Travelled in June to Komiza and it was perfection - beach is right in front of the hotel and super beautiful especially in the afternoon with the setting sun. Agreed that food is basic, but portions are adequate and the serving staff are very kind. Save your money, stay here and explore Komiza and Vis!!!! Would come again and again!!!!<\/span> \u201c<\/div>\n\t\t\t\t\t\t<p class=\"testimonial-rating\"><\/p>\n\t\t\t\t\t\t<h5 class=\"testimonial-name\"> 2003_MB &#8211; Tornonto, Canada <\/h5>\n\t\t\t\t\t<\/div>\n\t\t\t\t\t\t\t\t\t<div class=\"testimonial-item\">\n\t\t\t\t\t\t<div class=\"testimonial-content\">\u201c <span id=\"m_4267891455316586386m_-8662424256474442503gmail-reviews\">Every year I was there three days, tidy hotel, great staff and lovely, the food excellent. Perfect location, beach is in front hotel. Recommendation to visit the island Bisevo and Mordra \u0161pilja. Love this place.<\/span> \u201c<\/div>\n\t\t\t\t\t\t<p class=\"testimonial-rating\"><\/p>\n\t\t\t\t\t\t<h5 class=\"testimonial-name\"> Natasaskitnica &#8211; London, United Kingdom <\/h5>\n\t\t\t\t\t<\/div>\n\t\t\t\t\t\t\t\t\t\t\t<\/div>\n\t\t\t<\/div>\n\n[\/vc_column][\/vc_row]<\/p>\n<\/div>","protected":false},"excerpt":{"rendered":"<p>[vc_row full_width=&#8221;stretch_row_content_no_spaces&#8221; el_class=&#8221;home3-slider&#8221;][vc_column][rev_slider_vc alias=&#8221;home-en-1&#8243;][\/vc_column][\/vc_row][vc_row full_width=&#8221;stretch_row_content&#8221; disable_element=&#8221;yes&#8221; el_class=&#8221;home3-slider&#8221; css=&#8221;.vc_custom_1775032516743{background-color: #efefef !important;}&#8221;][vc_column][vc_column_text css=&#8221;&#8221;] Nel periodo dal 22.12.2025. al 11.01.2026. l&#8217;hotel rester\u00e0 chiuso. Il nuovo anno e la nuova stagione inizieranno il 12.01.2026. Auguriamo a tutti i nostri ospiti e partner commerciali il meglio per le prossime festivit\u00e0. [\/vc_column_text][\/vc_column][\/vc_row][vc_row full_width=&#8221;stretch_row&#8221; disable_element=&#8221;yes&#8221; css=&#8221;.vc_custom_1612351344942{background-color: #f6f6f6&#8230;<\/p>\n","protected":false},"author":1,"featured_media":0,"parent":0,"menu_order":0,"comment_status":"closed","ping_status":"closed","template":"templates\/home-page.php","meta":{"footnotes":""},"class_list":["post-4687","page","type-page","status-publish","hentry"],"yoast_head":"<!-- This site is optimized with the Yoast SEO plugin v27.3 - https:\/\/yoast.com\/product\/yoast-seo-wordpress\/ -->\n<title>Hotel Bi\u0161evo - la oasi di pace, riposo e contemplazione<\/title>\n<meta name=\"description\" content=\"Prenota la tua camera all&#039;Hotel Bi\u0161evo e goditi il mare cristallino e le numerose spiagge e calette dell&#039;isola di Lissa.\" \/>\n<meta name=\"robots\" content=\"index, follow, max-snippet:-1, max-image-preview:large, max-video-preview:-1\" \/>\n<link rel=\"canonical\" href=\"https:\/\/modra-spilja.hr\/it\/\" \/>\n<meta property=\"og:locale\" content=\"it_IT\" \/>\n<meta property=\"og:type\" content=\"article\" \/>\n<meta property=\"og:title\" content=\"Hotel Bi\u0161evo - la oasi di pace, riposo e contemplazione\" \/>\n<meta property=\"og:description\" content=\"Prenota la tua camera all&#039;Hotel Bi\u0161evo e goditi il mare cristallino e le numerose spiagge e calette dell&#039;isola di Lissa.\" \/>\n<meta property=\"og:url\" content=\"https:\/\/modra-spilja.hr\/it\/\" \/>\n<meta property=\"og:site_name\" content=\"Hotel Bi\u0161evo\" \/>\n<meta property=\"article:publisher\" content=\"https:\/\/www.facebook.com\/bisevohotel\" \/>\n<meta property=\"article:modified_time\" content=\"2026-04-01T08:35:19+00:00\" \/>\n<meta name=\"twitter:card\" content=\"summary_large_image\" \/>\n<meta name=\"twitter:site\" content=\"@bisevo_hotel\" \/>\n<meta name=\"twitter:label1\" content=\"Tempo di lettura stimato\" \/>\n\t<meta name=\"twitter:data1\" content=\"2 minuti\" \/>\n<script type=\"application\/ld+json\" class=\"yoast-schema-graph\">{\"@context\":\"https:\\\/\\\/schema.org\",\"@graph\":[{\"@type\":\"WebPage\",\"@id\":\"https:\\\/\\\/modra-spilja.hr\\\/it\\\/\",\"url\":\"https:\\\/\\\/modra-spilja.hr\\\/it\\\/\",\"name\":\"Hotel Bi\u0161evo - la oasi di pace, riposo e contemplazione\",\"isPartOf\":{\"@id\":\"https:\\\/\\\/modra-spilja.hr\\\/#website\"},\"datePublished\":\"2016-09-28T02:08:55+00:00\",\"dateModified\":\"2026-04-01T08:35:19+00:00\",\"description\":\"Prenota la tua camera all'Hotel Bi\u0161evo e goditi il mare cristallino e le numerose spiagge e calette dell'isola di Lissa.\",\"breadcrumb\":{\"@id\":\"https:\\\/\\\/modra-spilja.hr\\\/it\\\/#breadcrumb\"},\"inLanguage\":\"it-IT\",\"potentialAction\":[{\"@type\":\"ReadAction\",\"target\":[\"https:\\\/\\\/modra-spilja.hr\\\/it\\\/\"]}]},{\"@type\":\"BreadcrumbList\",\"@id\":\"https:\\\/\\\/modra-spilja.hr\\\/it\\\/#breadcrumb\",\"itemListElement\":[{\"@type\":\"ListItem\",\"position\":1,\"name\":\"Home\",\"item\":\"https:\\\/\\\/modra-spilja.hr\\\/it\\\/\"},{\"@type\":\"ListItem\",\"position\":2,\"name\":\"Home\"}]},{\"@type\":\"WebSite\",\"@id\":\"https:\\\/\\\/modra-spilja.hr\\\/#website\",\"url\":\"https:\\\/\\\/modra-spilja.hr\\\/\",\"name\":\"Hotel Bi\u0161evo\",\"description\":\"Benvenuti a Hotel Bi\u0161evo\",\"publisher\":{\"@id\":\"https:\\\/\\\/modra-spilja.hr\\\/#organization\"},\"potentialAction\":[{\"@type\":\"SearchAction\",\"target\":{\"@type\":\"EntryPoint\",\"urlTemplate\":\"https:\\\/\\\/modra-spilja.hr\\\/?s={search_term_string}\"},\"query-input\":{\"@type\":\"PropertyValueSpecification\",\"valueRequired\":true,\"valueName\":\"search_term_string\"}}],\"inLanguage\":\"it-IT\"},{\"@type\":\"Organization\",\"@id\":\"https:\\\/\\\/modra-spilja.hr\\\/#organization\",\"name\":\"Modra Spilja d.d.\",\"url\":\"https:\\\/\\\/modra-spilja.hr\\\/\",\"logo\":{\"@type\":\"ImageObject\",\"inLanguage\":\"it-IT\",\"@id\":\"https:\\\/\\\/modra-spilja.hr\\\/#\\\/schema\\\/logo\\\/image\\\/\",\"url\":\"https:\\\/\\\/modra-spilja.hr\\\/wp-content\\\/uploads\\\/2021\\\/02\\\/bisevo.jpg\",\"contentUrl\":\"https:\\\/\\\/modra-spilja.hr\\\/wp-content\\\/uploads\\\/2021\\\/02\\\/bisevo.jpg\",\"width\":354,\"height\":354,\"caption\":\"Modra Spilja d.d.\"},\"image\":{\"@id\":\"https:\\\/\\\/modra-spilja.hr\\\/#\\\/schema\\\/logo\\\/image\\\/\"},\"sameAs\":[\"https:\\\/\\\/www.facebook.com\\\/bisevohotel\",\"https:\\\/\\\/x.com\\\/bisevo_hotel\",\"https:\\\/\\\/www.instagram.com\\\/komiza_vis\\\/\"]}]}<\/script>\n<!-- \/ Yoast SEO plugin. -->","yoast_head_json":{"title":"Hotel Bi\u0161evo - la oasi di pace, riposo e contemplazione","description":"Prenota la tua camera all'Hotel Bi\u0161evo e goditi il mare cristallino e le numerose spiagge e calette dell'isola di Lissa.","robots":{"index":"index","follow":"follow","max-snippet":"max-snippet:-1","max-image-preview":"max-image-preview:large","max-video-preview":"max-video-preview:-1"},"canonical":"https:\/\/modra-spilja.hr\/it\/","og_locale":"it_IT","og_type":"article","og_title":"Hotel Bi\u0161evo - la oasi di pace, riposo e contemplazione","og_description":"Prenota la tua camera all'Hotel Bi\u0161evo e goditi il mare cristallino e le numerose spiagge e calette dell'isola di Lissa.","og_url":"https:\/\/modra-spilja.hr\/it\/","og_site_name":"Hotel Bi\u0161evo","article_publisher":"https:\/\/www.facebook.com\/bisevohotel","article_modified_time":"2026-04-01T08:35:19+00:00","twitter_card":"summary_large_image","twitter_site":"@bisevo_hotel","twitter_misc":{"Tempo di lettura stimato":"2 minuti"},"schema":{"@context":"https:\/\/schema.org","@graph":[{"@type":"WebPage","@id":"https:\/\/modra-spilja.hr\/it\/","url":"https:\/\/modra-spilja.hr\/it\/","name":"Hotel Bi\u0161evo - la oasi di pace, riposo e contemplazione","isPartOf":{"@id":"https:\/\/modra-spilja.hr\/#website"},"datePublished":"2016-09-28T02:08:55+00:00","dateModified":"2026-04-01T08:35:19+00:00","description":"Prenota la tua camera all'Hotel Bi\u0161evo e goditi il mare cristallino e le numerose spiagge e calette dell'isola di Lissa.","breadcrumb":{"@id":"https:\/\/modra-spilja.hr\/it\/#breadcrumb"},"inLanguage":"it-IT","potentialAction":[{"@type":"ReadAction","target":["https:\/\/modra-spilja.hr\/it\/"]}]},{"@type":"BreadcrumbList","@id":"https:\/\/modra-spilja.hr\/it\/#breadcrumb","itemListElement":[{"@type":"ListItem","position":1,"name":"Home","item":"https:\/\/modra-spilja.hr\/it\/"},{"@type":"ListItem","position":2,"name":"Home"}]},{"@type":"WebSite","@id":"https:\/\/modra-spilja.hr\/#website","url":"https:\/\/modra-spilja.hr\/","name":"Hotel Bi\u0161evo","description":"Benvenuti a Hotel Bi\u0161evo","publisher":{"@id":"https:\/\/modra-spilja.hr\/#organization"},"potentialAction":[{"@type":"SearchAction","target":{"@type":"EntryPoint","urlTemplate":"https:\/\/modra-spilja.hr\/?s={search_term_string}"},"query-input":{"@type":"PropertyValueSpecification","valueRequired":true,"valueName":"search_term_string"}}],"inLanguage":"it-IT"},{"@type":"Organization","@id":"https:\/\/modra-spilja.hr\/#organization","name":"Modra Spilja d.d.","url":"https:\/\/modra-spilja.hr\/","logo":{"@type":"ImageObject","inLanguage":"it-IT","@id":"https:\/\/modra-spilja.hr\/#\/schema\/logo\/image\/","url":"https:\/\/modra-spilja.hr\/wp-content\/uploads\/2021\/02\/bisevo.jpg","contentUrl":"https:\/\/modra-spilja.hr\/wp-content\/uploads\/2021\/02\/bisevo.jpg","width":354,"height":354,"caption":"Modra Spilja d.d."},"image":{"@id":"https:\/\/modra-spilja.hr\/#\/schema\/logo\/image\/"},"sameAs":["https:\/\/www.facebook.com\/bisevohotel","https:\/\/x.com\/bisevo_hotel","https:\/\/www.instagram.com\/komiza_vis\/"]}]}},"_links":{"self":[{"href":"https:\/\/modra-spilja.hr\/it\/wp-json\/wp\/v2\/pages\/4687","targetHints":{"allow":["GET"]}}],"collection":[{"href":"https:\/\/modra-spilja.hr\/it\/wp-json\/wp\/v2\/pages"}],"about":[{"href":"https:\/\/modra-spilja.hr\/it\/wp-json\/wp\/v2\/types\/page"}],"author":[{"embeddable":true,"href":"https:\/\/modra-spilja.hr\/it\/wp-json\/wp\/v2\/users\/1"}],"replies":[{"embeddable":true,"href":"https:\/\/modra-spilja.hr\/it\/wp-json\/wp\/v2\/comments?post=4687"}],"version-history":[{"count":32,"href":"https:\/\/modra-spilja.hr\/it\/wp-json\/wp\/v2\/pages\/4687\/revisions"}],"predecessor-version":[{"id":5838,"href":"https:\/\/modra-spilja.hr\/it\/wp-json\/wp\/v2\/pages\/4687\/revisions\/5838"}],"wp:attachment":[{"href":"https:\/\/modra-spilja.hr\/it\/wp-json\/wp\/v2\/media?parent=4687"}],"curies":[{"name":"wp","href":"https:\/\/api.w.org\/{rel}","templated":true}]}}