{"id":4624,"date":"2021-02-03T12:07:16","date_gmt":"2021-02-03T12:07:16","guid":{"rendered":"http:\/\/modra-spilja.hr\/hotel-bisevo\/"},"modified":"2021-05-27T14:33:15","modified_gmt":"2021-05-27T14:33:15","slug":"hotel-bisevo","status":"publish","type":"page","link":"https:\/\/modra-spilja.hr\/it\/hotel-bisevo\/","title":{"rendered":"Hotel Bi\u0161evo"},"content":{"rendered":"<div class=\"wpb-content-wrapper\"><p>[vc_row][vc_column width=&#8221;1\/2&#8243;][vc_column_text]La piccola isola di Bi\u0161evo, famosa per le sue grotte, i vigneti di Plavac Mali, spiagge e baie meravigliose, \u00e8 stata l&#8217;ispirazione per il nome dell&#8217;hotel che si affaccia sull&#8217;isola stessa e sul bellissimo mare cristallino.<\/p>\n<p>L&#8217;HOTEL BI\u0160EVO diventer\u00e0 la vostra oasi di pace, un luogo di riposo e contemplazione e un punto di partenza da cui scoprire il fascino della citt\u00e0 di Komi\u017ea (Comisa), le sue viuzze strette, le spiagge di ciottoli e le caratteristiche naturali e storiche dell&#8217;isola di Vis (Lissa). L&#8217;ombra dei pini che lo circondano offre riparo dal calore del sole estivo. Di fronte all\u2019Hotel c&#8217;\u00e8 la spiaggia di ciottoli Gusarica, una delle bellissime spiagge dell&#8217;isola.<\/p>\n<p>S\u00ec, \u00e8 vero, tutto \u00e8 a portata di mano, anche l&#8217;isola di Bi\u0161evo (Isola di Busi) e tutte le meraviglie naturali su di essa.[\/vc_column_text][vc_empty_space][\/vc_column][vc_column width=&#8221;1\/2&#8243;][vc_images_carousel images=&#8221;4438,4446,4444,4458,4464,4440,4558,4556,4442,4462&#8243; img_size=&#8221;full&#8221; autoplay=&#8221;yes&#8221; hide_pagination_control=&#8221;yes&#8221; wrap=&#8221;yes&#8221;][vc_empty_space][\/vc_column][\/vc_row][vc_row full_width=&#8221;stretch_row&#8221; css=&#8221;.vc_custom_1615282867781{background-color: #f7f7f7 !important;}&#8221;][vc_column][vc_column_text]<\/p>\n<h2 style=\"text-align: center;\">Le camere<\/h2>\n<p>L&#8217;Hotel Bi\u0161evo dispone di 131 camere confortevoli e silenziose di diverse tipologie e ampiezza: 124 camere doppie o matrimoniali, due singole e cinque camere familiari o mini suite per godere di uno spazio pi\u00f9 ampio per tutta la famiglia.<\/p>\n<p>Al mattino, mentre la brezza marina fa ondeggiare dolcemente le tende, tutti i sensi traspirano i profumi e i colori del panorama mediterraneo che si estende davanti a voi. L&#8217;Hotel Bi\u0161evo si affaccia sull&#8217;omonimo isolotto. Una parte delle camere sono rivolte verso la pineta, che fornisce all&#8217;intero complesso un&#8217;ombra rinfrescante.<\/p>\n<p>Tutte le camere sono dotate di aria condizionata, telefono, TV satellitare e frigorifero.<\/p>\n<p>La connessione Wi-Fi \u00e8 disponibile a un costo aggiuntivo.[\/vc_column_text][\/vc_column][\/vc_row][vc_row full_width=&#8221;stretch_row&#8221; el_class=&#8221;sobe&#8221; css=&#8221;.vc_custom_1615282878782{background-color: #f7f7f7 !important;}&#8221;][vc_column width=&#8221;1\/2&#8243;][vc_images_carousel images=&#8221;4486,4480,4482,4478,4484&#8243; img_size=&#8221;full&#8221; autoplay=&#8221;yes&#8221; hide_pagination_control=&#8221;yes&#8221; wrap=&#8221;yes&#8221;][vc_custom_heading text=&#8221;Camera doppia con balcone e vista mare&#8221; font_container=&#8221;tag:h3|font_size:18px|text_align:center&#8221; use_theme_fonts=&#8221;yes&#8221;][vc_empty_space][\/vc_column][vc_column width=&#8221;1\/2&#8243;][vc_images_carousel images=&#8221;4490,4492,4494,4488,4496&#8243; img_size=&#8221;full&#8221; autoplay=&#8221;yes&#8221; hide_pagination_control=&#8221;yes&#8221; wrap=&#8221;yes&#8221;][vc_custom_heading text=&#8221;Camera doppia con balcone e vista sul parco&#8221; font_container=&#8221;tag:h3|font_size:18px|text_align:center&#8221; use_theme_fonts=&#8221;yes&#8221;][vc_empty_space][\/vc_column][\/vc_row][vc_row full_width=&#8221;stretch_row&#8221; el_class=&#8221;sobe&#8221; css=&#8221;.vc_custom_1615282888125{background-color: #f7f7f7 !important;}&#8221;][vc_column width=&#8221;1\/2&#8243;][vc_images_carousel images=&#8221;4502,4498,4504,4500,4506&#8243; img_size=&#8221;full&#8221; autoplay=&#8221;yes&#8221; hide_pagination_control=&#8221;yes&#8221; wrap=&#8221;yes&#8221;][vc_custom_heading text=&#8221;Camera doppia senza balcone e con vista sul parco&#8221; font_container=&#8221;tag:h3|font_size:18px|text_align:center&#8221; use_theme_fonts=&#8221;yes&#8221;][vc_empty_space][\/vc_column][vc_column width=&#8221;1\/2&#8243;][vc_images_carousel images=&#8221;4510,4512,4514,4516,4518,4534,4508,4520,4522,4524,4526,4528,4530,4532&#8243; img_size=&#8221;full&#8221; autoplay=&#8221;yes&#8221; hide_pagination_control=&#8221;yes&#8221; wrap=&#8221;yes&#8221;][vc_custom_heading text=&#8221;Appartamento (camera famiglia 2 + 2) con balcone e vista mare&#8221; font_container=&#8221;tag:h3|font_size:18px|text_align:center&#8221; use_theme_fonts=&#8221;yes&#8221;][vc_empty_space][\/vc_column][\/vc_row][vc_row el_id=&#8221;beach&#8221;][vc_column][vc_empty_space][vc_column_text]<\/p>\n<h2 style=\"text-align: center;\">I servizi<\/h2>\n<p>[\/vc_column_text][\/vc_column][\/vc_row][vc_row el_class=&#8221;sobe&#8221;][vc_column width=&#8221;1\/2&#8243;][vc_images_carousel images=&#8221;4448,4450,4452,4454,4456,4460&#8243; img_size=&#8221;full&#8221; autoplay=&#8221;yes&#8221; hide_pagination_control=&#8221;yes&#8221; wrap=&#8221;yes&#8221;][vc_empty_space][\/vc_column][vc_column width=&#8221;1\/2&#8243;][vc_column_text]<\/p>\n<h3 style=\"margin-top: 0;\">La spiaggia<\/h3>\n<p>Una delle pi\u00f9 belle spiagge di ciottoli di Komi\u017ea si trova proprio di fronte all&#8217;Hotel Bi\u0161evo. La spiaggia di Gusarica, che prende il nome dalla Chiesa di Santa Maria (nota anche come &#8220;Gospa Gusarica&#8221; che tradotto in italiano significa &#8220;La nostra Signora pirata&#8221;) situata sopra di essa, \u00e8 la spiaggia giusta per tutti. Potete scendere per una nuotata veloce o passarci tutto il giorno divertendovi con la famiglia. L\u2019ingresso poco profondo \u00e8 ideale per i bambini ed \u00e8 circondata da pini, tamerici e alberi di carrubo.<\/p>\n<p>La spiaggia dispone di accesso per disabili, docce e spogliatoi. \u00c8 possibile noleggiare sedie a sdraio e ombrelloni e rinfrescarsi con una bibita in uno dei caff\u00e8 e snack bar vicini.[\/vc_column_text][vc_empty_space][\/vc_column][\/vc_row][vc_row][vc_column][vc_column_text]<\/p>\n<h3>Mini golf<\/h3>\n<p>Il minigolf \u00e8 uno sport di precisione che stimola l\u2019agilit\u00e0 fisica e mentale ma \u00e8 anche lo svago per tutta la famiglia, un ottimo team building ed uno sport agonistico serio. Quindi, mazza da golf in mano, posizionate la pallina e partite alla scoperta del campo da minigolf dell\u2019Hotel Bi\u0161evo. Passate una allegra giornata all\u2019aperto assieme alla famiglia o agli amici.[\/vc_column_text][vc_empty_space][\/vc_column][\/vc_row][vc_row el_class=&#8221;sobe&#8221;][vc_column width=&#8221;1\/2&#8243;][vc_images_carousel images=&#8221;4562,4560&#8243; img_size=&#8221;full&#8221; autoplay=&#8221;yes&#8221; hide_pagination_control=&#8221;yes&#8221; wrap=&#8221;yes&#8221;][vc_empty_space][\/vc_column][vc_column width=&#8221;1\/2&#8243;][vc_column_text]<\/p>\n<h3 style=\"margin-top: 0;\">La sala conferenze<\/h3>\n<p>L&#8217;Hotel Bi\u0161evo mette a disposizione un\u2019ampia sala per riunioni aziendali ed eventi privati. La sala meeting consente di ospitare riunioni aziendali, manifestazioni scientifiche, economiche e culturali a diversi livelli nell&#8217;ambiente fiabesco dell&#8217;isola di Vis e della citt\u00e0 di Komi\u017ea. L\u2019unicit\u00e0 dello scenario e garanzia che la manifestazione sar\u00e0 ricordata per lungo tempo da tutti i partecipanti.<\/p>\n<p>Dimensioni: 75 m<sup>2<\/sup><\/p>\n<p>Capacit\u00e0: circa 100 partecipanti<\/p>\n<p>Servizi su richiesta: catering, aperitivo di benvenuto, coffee break<\/p>\n<p>L&#8217;attrezzatura audiovisiva \u00e8 gratuita se i partecipanti sono ospiti dell&#8217;hotel.[\/vc_column_text][vc_empty_space][\/vc_column][\/vc_row][vc_row el_class=&#8221;sobe&#8221;][vc_column width=&#8221;1\/2&#8243;][vc_images_carousel images=&#8221;4554,4552,4550,4548&#8243; img_size=&#8221;full&#8221; autoplay=&#8221;yes&#8221; hide_pagination_control=&#8221;yes&#8221; wrap=&#8221;yes&#8221;][vc_empty_space][\/vc_column][vc_column width=&#8221;1\/2&#8243;][vc_column_text]<\/p>\n<h3 style=\"margin-top: 0;\">Il ristorante<\/h3>\n<p>Il ristorante dell&#8217;Hotel propone una selezione di piatti ispirati alla gastronomia locale. A disposizione dei nostri ospiti <em>c&#8217;\u00e8<\/em> un ricco e variegato buffet per la colazione con abbinamenti di pietanze calde e fredde.<\/p>\n<p>Per la cena \u00e8 possibile scegliere tra tre diversi men\u00f9 compilati dal nostro chef. Uno dei tre men\u00f9 \u00e8 composto da specialit\u00e0 di pesce locale.<\/p>\n<p>Per finire una bellissima storia gastronomica in dolcezza, ci sono il flan, le cr\u00eapes e il gelato.<\/p>\n<p>Tra tutte queste prelibatezze, un bicchiere di vino completa sicuramente l&#8217;esperienza. Scegliendo vini locali come Vugava e Plavac Mali, non sbaglierete di certo, ma la scelta varia tra pregiati Sauvignon, il Dinga\u010d o la Malvasia, vini da dessert pi\u00f9 dolci o i frizzanti![\/vc_column_text][vc_empty_space][\/vc_column][\/vc_row][vc_row][vc_column][vc_column_text]<\/p>\n<h3>La pizzeria<\/h3>\n<p>L\u2019Hotel Bi\u0161evo al suo interno dispone di una pizzeria con una stupenda terrazza da dove si gode della vista sulla spiaggia e sul mare azzurro. Dopo un tuffo in mare e un po &#8216;di sole, si ripristinano le forze con una deliziosa pizza o uno spuntino di pasta. Qualche piatto all\u2019Italiana completa l\u2019atmosfera considerando che l&#8217;Italia, se si \u00e8 rivolti verso il mare, \u00e8 proprio di fronte a voi![\/vc_column_text][vc_empty_space][\/vc_column][\/vc_row][vc_row][vc_column][vc_column_text]<\/p>\n<h3><strong>Wellness\u00a0<\/strong><\/h3>\n<p>Per trovare l\u2019equilibrio e rilassare il corpo, la mente e lo spirito visita lo studio di aromaterapia, massaggi e cura del corpo LAKSHMI VITALIS situato all&#8217;interno dell&#8217;Hotel Bi\u0161evo.<\/p>\n<p>Lo studio LAKSHMI VITALIS, attraverso il suo approccio olistico, \u00e8 in sintonia con l\u2019uomo moderno che aspira ad antiche tecniche di rilassamento.<\/p>\n<p>L&#8217;approccio globale dei terapisti LAKSHMI VITALIS da una sensazione di profondo rilassamento e benessere, e gli effetti curativi delle erbe medicinali usate come la lavanda, l\u2019immortelle e il rosmarino continueranno a rilassare la mente e il corpo per molto tempo dopo il trattamento.<\/p>\n<p>Per i trattamenti vengono utilizzati solo cosmetici naturali, sieri oleosi e creme a base di oli essenziali, estremamente nutrienti per rigenerare la pelle dopo l&#8217;esposizione al sole. Tutti i preparati naturali hanno un effetto benefico, rilassante ed energizzante sul corpo e sullo spirito.<\/p>\n<p>Nello studio LAKSHMI VITALIS si pu\u00f2 scegliere:<\/p>\n<p><strong>L\u2019 aromaterapia \u2013 trattamenti curativi<\/strong><\/p>\n<p>L&#8217;aromaterapia \u00e8 una pratica che si inserisce nell&#8217;ambito della fitoterapia che utilizza gli oli essenziali per mantenere il benessere psicofisico o curare malattie e disturbi che affliggono il corpo e la mente.<\/p>\n<p>Gli oli essenziali sono selezionati individualmente per l\u2019introduzione nel mondo del massaggio aromatico, apprezzato in tutto il mondo perch\u00e9 nutre la pelle, la rende pi\u00f9 morbida e luminosa, stimolala circolazione, allevia lo stress, rimuove la stanchezza, il dolore e la rigidit\u00e0 muscolare, stimola il rilascio di serotonina od ormoni della felicit\u00e0 e migliora l&#8217;umore e le condizioni generali dell&#8217;organismo.<\/p>\n<p><strong>Massaggi e trattamenti per la rigenerazione del viso e del corpo <\/strong><\/p>\n<p>Massaggio antistress, Madero terapia, riflessologia plantare, massaggio recupero energetico, rinforzamento immunitario con oli antivirali e immunostimolanti.[\/vc_column_text][vc_empty_space][\/vc_column][\/vc_row][vc_row][vc_column][vc_column_text]<\/p>\n<h3>Il Parcheggio<\/h3>\n<p>Un ampio parcheggio \u00e8 situato nella parte posteriore dell&#8217;Hotel. Il parcheggio \u00e8 all\u2019aperto, videosorvegliato e non \u00e8 necessaria la prenotazione.<\/p>\n<p>Per gli ospiti dell&#8217;Hotel Bi\u0161evo il parcheggio \u00e8 gratuito.[\/vc_column_text][vc_empty_space][\/vc_column][\/vc_row]<\/p>\n<\/div>","protected":false},"excerpt":{"rendered":"<p>[vc_row][vc_column width=&#8221;1\/2&#8243;][vc_column_text]La piccola isola di Bi\u0161evo, famosa per le sue grotte, i vigneti di Plavac Mali, spiagge e baie meravigliose, \u00e8 stata l&#8217;ispirazione per il nome dell&#8217;hotel che si affaccia sull&#8217;isola stessa e sul bellissimo mare cristallino. L&#8217;HOTEL BI\u0160EVO diventer\u00e0 la vostra oasi di pace, un luogo di riposo e&#8230;<\/p>\n","protected":false},"author":1,"featured_media":0,"parent":0,"menu_order":0,"comment_status":"closed","ping_status":"closed","template":"","meta":{"footnotes":""},"class_list":["post-4624","page","type-page","status-publish","hentry"],"yoast_head":"<!-- This site is optimized with the Yoast SEO plugin v27.3 - https:\/\/yoast.com\/product\/yoast-seo-wordpress\/ -->\n<title>Hotel Bi\u0161evo - Hotel Bi\u0161evo<\/title>\n<meta name=\"description\" content=\"Prenota le tue vacanze da sogno in Croazia. Goditi il mare cristallino e le splendide spiagge di ciottoli dell&#039;isola di Lissa.\" \/>\n<meta name=\"robots\" content=\"index, follow, max-snippet:-1, max-image-preview:large, max-video-preview:-1\" \/>\n<link rel=\"canonical\" href=\"https:\/\/modra-spilja.hr\/it\/hotel-bisevo\/\" \/>\n<meta property=\"og:locale\" content=\"it_IT\" \/>\n<meta property=\"og:type\" content=\"article\" \/>\n<meta property=\"og:title\" content=\"Hotel Bi\u0161evo - Hotel Bi\u0161evo\" \/>\n<meta property=\"og:description\" content=\"Prenota le tue vacanze da sogno in Croazia. Goditi il mare cristallino e le splendide spiagge di ciottoli dell&#039;isola di Lissa.\" \/>\n<meta property=\"og:url\" content=\"https:\/\/modra-spilja.hr\/it\/hotel-bisevo\/\" \/>\n<meta property=\"og:site_name\" content=\"Hotel Bi\u0161evo\" \/>\n<meta property=\"article:publisher\" content=\"https:\/\/www.facebook.com\/bisevohotel\" \/>\n<meta property=\"article:modified_time\" content=\"2021-05-27T14:33:15+00:00\" \/>\n<meta name=\"twitter:card\" content=\"summary_large_image\" \/>\n<meta name=\"twitter:site\" content=\"@bisevo_hotel\" \/>\n<meta name=\"twitter:label1\" content=\"Tempo di lettura stimato\" \/>\n\t<meta name=\"twitter:data1\" content=\"8 minuti\" \/>\n<script type=\"application\/ld+json\" class=\"yoast-schema-graph\">{\"@context\":\"https:\\\/\\\/schema.org\",\"@graph\":[{\"@type\":\"WebPage\",\"@id\":\"https:\\\/\\\/modra-spilja.hr\\\/it\\\/hotel-bisevo\\\/\",\"url\":\"https:\\\/\\\/modra-spilja.hr\\\/it\\\/hotel-bisevo\\\/\",\"name\":\"Hotel Bi\u0161evo - Hotel Bi\u0161evo\",\"isPartOf\":{\"@id\":\"https:\\\/\\\/modra-spilja.hr\\\/#website\"},\"datePublished\":\"2021-02-03T12:07:16+00:00\",\"dateModified\":\"2021-05-27T14:33:15+00:00\",\"description\":\"Prenota le tue vacanze da sogno in Croazia. Goditi il mare cristallino e le splendide spiagge di ciottoli dell'isola di Lissa.\",\"breadcrumb\":{\"@id\":\"https:\\\/\\\/modra-spilja.hr\\\/it\\\/hotel-bisevo\\\/#breadcrumb\"},\"inLanguage\":\"it-IT\",\"potentialAction\":[{\"@type\":\"ReadAction\",\"target\":[\"https:\\\/\\\/modra-spilja.hr\\\/it\\\/hotel-bisevo\\\/\"]}]},{\"@type\":\"BreadcrumbList\",\"@id\":\"https:\\\/\\\/modra-spilja.hr\\\/it\\\/hotel-bisevo\\\/#breadcrumb\",\"itemListElement\":[{\"@type\":\"ListItem\",\"position\":1,\"name\":\"Home\",\"item\":\"https:\\\/\\\/modra-spilja.hr\\\/it\\\/\"},{\"@type\":\"ListItem\",\"position\":2,\"name\":\"Hotel Bi\u0161evo\"}]},{\"@type\":\"WebSite\",\"@id\":\"https:\\\/\\\/modra-spilja.hr\\\/#website\",\"url\":\"https:\\\/\\\/modra-spilja.hr\\\/\",\"name\":\"Hotel Bi\u0161evo\",\"description\":\"Benvenuti a Hotel Bi\u0161evo\",\"publisher\":{\"@id\":\"https:\\\/\\\/modra-spilja.hr\\\/#organization\"},\"potentialAction\":[{\"@type\":\"SearchAction\",\"target\":{\"@type\":\"EntryPoint\",\"urlTemplate\":\"https:\\\/\\\/modra-spilja.hr\\\/?s={search_term_string}\"},\"query-input\":{\"@type\":\"PropertyValueSpecification\",\"valueRequired\":true,\"valueName\":\"search_term_string\"}}],\"inLanguage\":\"it-IT\"},{\"@type\":\"Organization\",\"@id\":\"https:\\\/\\\/modra-spilja.hr\\\/#organization\",\"name\":\"Modra Spilja d.d.\",\"url\":\"https:\\\/\\\/modra-spilja.hr\\\/\",\"logo\":{\"@type\":\"ImageObject\",\"inLanguage\":\"it-IT\",\"@id\":\"https:\\\/\\\/modra-spilja.hr\\\/#\\\/schema\\\/logo\\\/image\\\/\",\"url\":\"https:\\\/\\\/modra-spilja.hr\\\/wp-content\\\/uploads\\\/2021\\\/02\\\/bisevo.jpg\",\"contentUrl\":\"https:\\\/\\\/modra-spilja.hr\\\/wp-content\\\/uploads\\\/2021\\\/02\\\/bisevo.jpg\",\"width\":354,\"height\":354,\"caption\":\"Modra Spilja d.d.\"},\"image\":{\"@id\":\"https:\\\/\\\/modra-spilja.hr\\\/#\\\/schema\\\/logo\\\/image\\\/\"},\"sameAs\":[\"https:\\\/\\\/www.facebook.com\\\/bisevohotel\",\"https:\\\/\\\/x.com\\\/bisevo_hotel\",\"https:\\\/\\\/www.instagram.com\\\/komiza_vis\\\/\"]}]}<\/script>\n<!-- \/ Yoast SEO plugin. -->","yoast_head_json":{"title":"Hotel Bi\u0161evo - Hotel Bi\u0161evo","description":"Prenota le tue vacanze da sogno in Croazia. Goditi il mare cristallino e le splendide spiagge di ciottoli dell'isola di Lissa.","robots":{"index":"index","follow":"follow","max-snippet":"max-snippet:-1","max-image-preview":"max-image-preview:large","max-video-preview":"max-video-preview:-1"},"canonical":"https:\/\/modra-spilja.hr\/it\/hotel-bisevo\/","og_locale":"it_IT","og_type":"article","og_title":"Hotel Bi\u0161evo - Hotel Bi\u0161evo","og_description":"Prenota le tue vacanze da sogno in Croazia. Goditi il mare cristallino e le splendide spiagge di ciottoli dell'isola di Lissa.","og_url":"https:\/\/modra-spilja.hr\/it\/hotel-bisevo\/","og_site_name":"Hotel Bi\u0161evo","article_publisher":"https:\/\/www.facebook.com\/bisevohotel","article_modified_time":"2021-05-27T14:33:15+00:00","twitter_card":"summary_large_image","twitter_site":"@bisevo_hotel","twitter_misc":{"Tempo di lettura stimato":"8 minuti"},"schema":{"@context":"https:\/\/schema.org","@graph":[{"@type":"WebPage","@id":"https:\/\/modra-spilja.hr\/it\/hotel-bisevo\/","url":"https:\/\/modra-spilja.hr\/it\/hotel-bisevo\/","name":"Hotel Bi\u0161evo - Hotel Bi\u0161evo","isPartOf":{"@id":"https:\/\/modra-spilja.hr\/#website"},"datePublished":"2021-02-03T12:07:16+00:00","dateModified":"2021-05-27T14:33:15+00:00","description":"Prenota le tue vacanze da sogno in Croazia. Goditi il mare cristallino e le splendide spiagge di ciottoli dell'isola di Lissa.","breadcrumb":{"@id":"https:\/\/modra-spilja.hr\/it\/hotel-bisevo\/#breadcrumb"},"inLanguage":"it-IT","potentialAction":[{"@type":"ReadAction","target":["https:\/\/modra-spilja.hr\/it\/hotel-bisevo\/"]}]},{"@type":"BreadcrumbList","@id":"https:\/\/modra-spilja.hr\/it\/hotel-bisevo\/#breadcrumb","itemListElement":[{"@type":"ListItem","position":1,"name":"Home","item":"https:\/\/modra-spilja.hr\/it\/"},{"@type":"ListItem","position":2,"name":"Hotel Bi\u0161evo"}]},{"@type":"WebSite","@id":"https:\/\/modra-spilja.hr\/#website","url":"https:\/\/modra-spilja.hr\/","name":"Hotel Bi\u0161evo","description":"Benvenuti a Hotel Bi\u0161evo","publisher":{"@id":"https:\/\/modra-spilja.hr\/#organization"},"potentialAction":[{"@type":"SearchAction","target":{"@type":"EntryPoint","urlTemplate":"https:\/\/modra-spilja.hr\/?s={search_term_string}"},"query-input":{"@type":"PropertyValueSpecification","valueRequired":true,"valueName":"search_term_string"}}],"inLanguage":"it-IT"},{"@type":"Organization","@id":"https:\/\/modra-spilja.hr\/#organization","name":"Modra Spilja d.d.","url":"https:\/\/modra-spilja.hr\/","logo":{"@type":"ImageObject","inLanguage":"it-IT","@id":"https:\/\/modra-spilja.hr\/#\/schema\/logo\/image\/","url":"https:\/\/modra-spilja.hr\/wp-content\/uploads\/2021\/02\/bisevo.jpg","contentUrl":"https:\/\/modra-spilja.hr\/wp-content\/uploads\/2021\/02\/bisevo.jpg","width":354,"height":354,"caption":"Modra Spilja d.d."},"image":{"@id":"https:\/\/modra-spilja.hr\/#\/schema\/logo\/image\/"},"sameAs":["https:\/\/www.facebook.com\/bisevohotel","https:\/\/x.com\/bisevo_hotel","https:\/\/www.instagram.com\/komiza_vis\/"]}]}},"_links":{"self":[{"href":"https:\/\/modra-spilja.hr\/it\/wp-json\/wp\/v2\/pages\/4624","targetHints":{"allow":["GET"]}}],"collection":[{"href":"https:\/\/modra-spilja.hr\/it\/wp-json\/wp\/v2\/pages"}],"about":[{"href":"https:\/\/modra-spilja.hr\/it\/wp-json\/wp\/v2\/types\/page"}],"author":[{"embeddable":true,"href":"https:\/\/modra-spilja.hr\/it\/wp-json\/wp\/v2\/users\/1"}],"replies":[{"embeddable":true,"href":"https:\/\/modra-spilja.hr\/it\/wp-json\/wp\/v2\/comments?post=4624"}],"version-history":[{"count":7,"href":"https:\/\/modra-spilja.hr\/it\/wp-json\/wp\/v2\/pages\/4624\/revisions"}],"predecessor-version":[{"id":5049,"href":"https:\/\/modra-spilja.hr\/it\/wp-json\/wp\/v2\/pages\/4624\/revisions\/5049"}],"wp:attachment":[{"href":"https:\/\/modra-spilja.hr\/it\/wp-json\/wp\/v2\/media?parent=4624"}],"curies":[{"name":"wp","href":"https:\/\/api.w.org\/{rel}","templated":true}]}}