{"id":4599,"date":"2021-02-05T14:15:01","date_gmt":"2021-02-05T14:15:01","guid":{"rendered":"http:\/\/modra-spilja.hr\/special-offers\/"},"modified":"2024-06-03T11:36:24","modified_gmt":"2024-06-03T11:36:24","slug":"special-offers","status":"publish","type":"page","link":"https:\/\/modra-spilja.hr\/it\/special-offers\/","title":{"rendered":"Offerte speciali"},"content":{"rendered":"<div class=\"wpb-content-wrapper\"><p>[vc_row disable_element=&#8221;yes&#8221;][vc_column][vc_column_text]<\/p>\n<h1>Pacchetti famiglia:<\/h1>\n<p>&nbsp;<\/p>\n<p><strong>Due adulti con un bambino fino a 12 anni:<\/strong><\/p>\n<p>Il bambino soggiorna gratuitamente.<\/p>\n<p>&nbsp;<\/p>\n<p><strong>Due adulti con due bambini fino a 12 anni:<\/strong><\/p>\n<p>Un bambino soggiorna gratuitamente e il secondo usufruisce di uno sconto del 50%.[\/vc_column_text][\/vc_column][\/vc_row][vc_row css=&#8221;.vc_custom_1616681555010{padding-top: 30px !important;padding-bottom: 30px !important;background-image: url(https:\/\/modra-spilja.hr\/wp-content\/uploads\/2021\/03\/DSC_4451_HOTEL_BISEVO_KOMIZA_y-3.jpg?id=5086) !important;background-position: center !important;background-repeat: no-repeat !important;background-size: cover !important;}&#8221;][vc_column][vc_column_text]<\/p>\n<h1 style=\"text-align: center;\"><span style=\"color: #ccffff;\"><em>Primavera a Komi\u017ea<\/em><\/span><\/h1>\n<h2 style=\"text-align: center;\"><span style=\"color: #ffffff;\">Scopri l&#8217;isola della felicit\u00e0,<\/span><\/h2>\n<h2 style=\"text-align: center;\"><span style=\"color: #ffffff;\">esplora le sue baie e calette,<\/span><\/h2>\n<h2 style=\"text-align: center;\"><span style=\"color: #ffffff;\">assaggia piatti unici e godi della natura incontaminata.<\/span><\/h2>\n<p>[\/vc_column_text][\/vc_column][\/vc_row][vc_row][vc_column][vc_empty_space][\/vc_column][\/vc_row][vc_row][vc_column][vc_column_text]<em>La primavera \u00e8 arrivata sull&#8217;isola di Vis e all&#8217;Hotel Bi\u0161evo. Regalati una vacanza da sogno per due o per tutta la famiglia. Ora \u00e8 il momento giusto per scoprire il fascino dell&#8217;isola di Vis, per godersi la natura appena fiorita e i suoni del mare, i piatti originali dell&#8217;isola e l&#8217;ospitalit\u00e0 dei suoi abitanti.<\/em><\/p>\n<p><em>Approfitta di questo momento per realizzare i tuoi sogni e prenota subito la tua camera al mare.<\/em>[\/vc_column_text][\/vc_column][\/vc_row]<\/p>\n<\/div>","protected":false},"excerpt":{"rendered":"<p>[vc_row disable_element=&#8221;yes&#8221;][vc_column][vc_column_text] Pacchetti famiglia: &nbsp; Due adulti con un bambino fino a 12 anni: Il bambino soggiorna gratuitamente. &nbsp; Due adulti con due bambini fino a 12 anni: Un bambino soggiorna gratuitamente e il secondo usufruisce di uno sconto del 50%.[\/vc_column_text][\/vc_column][\/vc_row][vc_row css=&#8221;.vc_custom_1616681555010{padding-top: 30px !important;padding-bottom: 30px !important;background-image: url(https:\/\/modra-spilja.hr\/wp-content\/uploads\/2021\/03\/DSC_4451_HOTEL_BISEVO_KOMIZA_y-3.jpg?id=5086) !important;background-position: center !important;background-repeat:&#8230;<\/p>\n","protected":false},"author":1,"featured_media":0,"parent":0,"menu_order":0,"comment_status":"closed","ping_status":"closed","template":"","meta":{"footnotes":""},"class_list":["post-4599","page","type-page","status-publish","hentry"],"yoast_head":"<!-- This site is optimized with the Yoast SEO plugin v27.3 - https:\/\/yoast.com\/product\/yoast-seo-wordpress\/ -->\n<title>Offerte speciali - Hotel Bi\u0161evo<\/title>\n<meta name=\"description\" content=\"Offerte perfette per la sistemazione ideale sull&#039;isola di Vis. Prenota direttamente a bookings@modra-spilja.hr\" \/>\n<meta name=\"robots\" content=\"index, follow, max-snippet:-1, max-image-preview:large, max-video-preview:-1\" \/>\n<link rel=\"canonical\" href=\"https:\/\/modra-spilja.hr\/it\/special-offers\/\" \/>\n<meta property=\"og:locale\" content=\"it_IT\" \/>\n<meta property=\"og:type\" content=\"article\" \/>\n<meta property=\"og:title\" content=\"Offerte speciali - Hotel Bi\u0161evo\" \/>\n<meta property=\"og:description\" content=\"Offerte perfette per la sistemazione ideale sull&#039;isola di Vis. Prenota direttamente a bookings@modra-spilja.hr\" \/>\n<meta property=\"og:url\" content=\"https:\/\/modra-spilja.hr\/it\/special-offers\/\" \/>\n<meta property=\"og:site_name\" content=\"Hotel Bi\u0161evo\" \/>\n<meta property=\"article:publisher\" content=\"https:\/\/www.facebook.com\/bisevohotel\" \/>\n<meta property=\"article:modified_time\" content=\"2024-06-03T11:36:24+00:00\" \/>\n<meta name=\"twitter:card\" content=\"summary_large_image\" \/>\n<meta name=\"twitter:site\" content=\"@bisevo_hotel\" \/>\n<meta name=\"twitter:label1\" content=\"Tempo di lettura stimato\" \/>\n\t<meta name=\"twitter:data1\" content=\"1 minuto\" \/>\n<script type=\"application\/ld+json\" class=\"yoast-schema-graph\">{\"@context\":\"https:\\\/\\\/schema.org\",\"@graph\":[{\"@type\":\"WebPage\",\"@id\":\"https:\\\/\\\/modra-spilja.hr\\\/it\\\/special-offers\\\/\",\"url\":\"https:\\\/\\\/modra-spilja.hr\\\/it\\\/special-offers\\\/\",\"name\":\"Offerte speciali - Hotel Bi\u0161evo\",\"isPartOf\":{\"@id\":\"https:\\\/\\\/modra-spilja.hr\\\/#website\"},\"datePublished\":\"2021-02-05T14:15:01+00:00\",\"dateModified\":\"2024-06-03T11:36:24+00:00\",\"description\":\"Offerte perfette per la sistemazione ideale sull'isola di Vis. Prenota direttamente a bookings@modra-spilja.hr\",\"breadcrumb\":{\"@id\":\"https:\\\/\\\/modra-spilja.hr\\\/it\\\/special-offers\\\/#breadcrumb\"},\"inLanguage\":\"it-IT\",\"potentialAction\":[{\"@type\":\"ReadAction\",\"target\":[\"https:\\\/\\\/modra-spilja.hr\\\/it\\\/special-offers\\\/\"]}]},{\"@type\":\"BreadcrumbList\",\"@id\":\"https:\\\/\\\/modra-spilja.hr\\\/it\\\/special-offers\\\/#breadcrumb\",\"itemListElement\":[{\"@type\":\"ListItem\",\"position\":1,\"name\":\"Home\",\"item\":\"https:\\\/\\\/modra-spilja.hr\\\/it\\\/\"},{\"@type\":\"ListItem\",\"position\":2,\"name\":\"Offerte speciali\"}]},{\"@type\":\"WebSite\",\"@id\":\"https:\\\/\\\/modra-spilja.hr\\\/#website\",\"url\":\"https:\\\/\\\/modra-spilja.hr\\\/\",\"name\":\"Hotel Bi\u0161evo\",\"description\":\"Benvenuti a Hotel Bi\u0161evo\",\"publisher\":{\"@id\":\"https:\\\/\\\/modra-spilja.hr\\\/#organization\"},\"potentialAction\":[{\"@type\":\"SearchAction\",\"target\":{\"@type\":\"EntryPoint\",\"urlTemplate\":\"https:\\\/\\\/modra-spilja.hr\\\/?s={search_term_string}\"},\"query-input\":{\"@type\":\"PropertyValueSpecification\",\"valueRequired\":true,\"valueName\":\"search_term_string\"}}],\"inLanguage\":\"it-IT\"},{\"@type\":\"Organization\",\"@id\":\"https:\\\/\\\/modra-spilja.hr\\\/#organization\",\"name\":\"Modra Spilja d.d.\",\"url\":\"https:\\\/\\\/modra-spilja.hr\\\/\",\"logo\":{\"@type\":\"ImageObject\",\"inLanguage\":\"it-IT\",\"@id\":\"https:\\\/\\\/modra-spilja.hr\\\/#\\\/schema\\\/logo\\\/image\\\/\",\"url\":\"https:\\\/\\\/modra-spilja.hr\\\/wp-content\\\/uploads\\\/2021\\\/02\\\/bisevo.jpg\",\"contentUrl\":\"https:\\\/\\\/modra-spilja.hr\\\/wp-content\\\/uploads\\\/2021\\\/02\\\/bisevo.jpg\",\"width\":354,\"height\":354,\"caption\":\"Modra Spilja d.d.\"},\"image\":{\"@id\":\"https:\\\/\\\/modra-spilja.hr\\\/#\\\/schema\\\/logo\\\/image\\\/\"},\"sameAs\":[\"https:\\\/\\\/www.facebook.com\\\/bisevohotel\",\"https:\\\/\\\/x.com\\\/bisevo_hotel\",\"https:\\\/\\\/www.instagram.com\\\/komiza_vis\\\/\"]}]}<\/script>\n<!-- \/ Yoast SEO plugin. -->","yoast_head_json":{"title":"Offerte speciali - Hotel Bi\u0161evo","description":"Offerte perfette per la sistemazione ideale sull'isola di Vis. Prenota direttamente a bookings@modra-spilja.hr","robots":{"index":"index","follow":"follow","max-snippet":"max-snippet:-1","max-image-preview":"max-image-preview:large","max-video-preview":"max-video-preview:-1"},"canonical":"https:\/\/modra-spilja.hr\/it\/special-offers\/","og_locale":"it_IT","og_type":"article","og_title":"Offerte speciali - Hotel Bi\u0161evo","og_description":"Offerte perfette per la sistemazione ideale sull'isola di Vis. Prenota direttamente a bookings@modra-spilja.hr","og_url":"https:\/\/modra-spilja.hr\/it\/special-offers\/","og_site_name":"Hotel Bi\u0161evo","article_publisher":"https:\/\/www.facebook.com\/bisevohotel","article_modified_time":"2024-06-03T11:36:24+00:00","twitter_card":"summary_large_image","twitter_site":"@bisevo_hotel","twitter_misc":{"Tempo di lettura stimato":"1 minuto"},"schema":{"@context":"https:\/\/schema.org","@graph":[{"@type":"WebPage","@id":"https:\/\/modra-spilja.hr\/it\/special-offers\/","url":"https:\/\/modra-spilja.hr\/it\/special-offers\/","name":"Offerte speciali - Hotel Bi\u0161evo","isPartOf":{"@id":"https:\/\/modra-spilja.hr\/#website"},"datePublished":"2021-02-05T14:15:01+00:00","dateModified":"2024-06-03T11:36:24+00:00","description":"Offerte perfette per la sistemazione ideale sull'isola di Vis. Prenota direttamente a bookings@modra-spilja.hr","breadcrumb":{"@id":"https:\/\/modra-spilja.hr\/it\/special-offers\/#breadcrumb"},"inLanguage":"it-IT","potentialAction":[{"@type":"ReadAction","target":["https:\/\/modra-spilja.hr\/it\/special-offers\/"]}]},{"@type":"BreadcrumbList","@id":"https:\/\/modra-spilja.hr\/it\/special-offers\/#breadcrumb","itemListElement":[{"@type":"ListItem","position":1,"name":"Home","item":"https:\/\/modra-spilja.hr\/it\/"},{"@type":"ListItem","position":2,"name":"Offerte speciali"}]},{"@type":"WebSite","@id":"https:\/\/modra-spilja.hr\/#website","url":"https:\/\/modra-spilja.hr\/","name":"Hotel Bi\u0161evo","description":"Benvenuti a Hotel Bi\u0161evo","publisher":{"@id":"https:\/\/modra-spilja.hr\/#organization"},"potentialAction":[{"@type":"SearchAction","target":{"@type":"EntryPoint","urlTemplate":"https:\/\/modra-spilja.hr\/?s={search_term_string}"},"query-input":{"@type":"PropertyValueSpecification","valueRequired":true,"valueName":"search_term_string"}}],"inLanguage":"it-IT"},{"@type":"Organization","@id":"https:\/\/modra-spilja.hr\/#organization","name":"Modra Spilja d.d.","url":"https:\/\/modra-spilja.hr\/","logo":{"@type":"ImageObject","inLanguage":"it-IT","@id":"https:\/\/modra-spilja.hr\/#\/schema\/logo\/image\/","url":"https:\/\/modra-spilja.hr\/wp-content\/uploads\/2021\/02\/bisevo.jpg","contentUrl":"https:\/\/modra-spilja.hr\/wp-content\/uploads\/2021\/02\/bisevo.jpg","width":354,"height":354,"caption":"Modra Spilja d.d."},"image":{"@id":"https:\/\/modra-spilja.hr\/#\/schema\/logo\/image\/"},"sameAs":["https:\/\/www.facebook.com\/bisevohotel","https:\/\/x.com\/bisevo_hotel","https:\/\/www.instagram.com\/komiza_vis\/"]}]}},"_links":{"self":[{"href":"https:\/\/modra-spilja.hr\/it\/wp-json\/wp\/v2\/pages\/4599","targetHints":{"allow":["GET"]}}],"collection":[{"href":"https:\/\/modra-spilja.hr\/it\/wp-json\/wp\/v2\/pages"}],"about":[{"href":"https:\/\/modra-spilja.hr\/it\/wp-json\/wp\/v2\/types\/page"}],"author":[{"embeddable":true,"href":"https:\/\/modra-spilja.hr\/it\/wp-json\/wp\/v2\/users\/1"}],"replies":[{"embeddable":true,"href":"https:\/\/modra-spilja.hr\/it\/wp-json\/wp\/v2\/comments?post=4599"}],"version-history":[{"count":9,"href":"https:\/\/modra-spilja.hr\/it\/wp-json\/wp\/v2\/pages\/4599\/revisions"}],"predecessor-version":[{"id":5115,"href":"https:\/\/modra-spilja.hr\/it\/wp-json\/wp\/v2\/pages\/4599\/revisions\/5115"}],"wp:attachment":[{"href":"https:\/\/modra-spilja.hr\/it\/wp-json\/wp\/v2\/media?parent=4599"}],"curies":[{"name":"wp","href":"https:\/\/api.w.org\/{rel}","templated":true}]}}