{"id":4583,"date":"2021-03-02T07:40:50","date_gmt":"2021-03-02T07:40:50","guid":{"rendered":"http:\/\/modra-spilja.hr\/shares\/"},"modified":"2024-06-03T11:15:23","modified_gmt":"2024-06-03T11:15:23","slug":"shares","status":"publish","type":"page","link":"https:\/\/modra-spilja.hr\/it\/shares\/","title":{"rendered":"Shares"},"content":{"rendered":"<ul>\n<li>Temeljni kapital Dru\u0161tva Modra \u0161pilja d.d. iznosi 38.632.250 kuna kuna i sastoji se od 3.863.225 redovnih dionica nominalne vrijednosti 10,00 kuna.<\/li>\n<li>Redovne dionice Dru\u0161tva uvr\u0161tene su na redovno tr\u017ei\u0161te Zagreba\u010dke burze 2020. godine i ozna\u010dava je simbol MDSP-R-A.<\/li>\n<li>Dionice se vode pri Sredi\u0161njem klirin\u0161kom depozitarnom dru\u0161tvu d.d., sa sjedi\u0161tem u Zagrebu (&#8220;SKDD&#8221;), u nematerijaliziranom obliku, pod oznakom vrijednosnog papira MDSP-R-A i ISIN oznakom HRMDSPRA0005<\/li>\n<li>Dru\u0161tvo, u skladu s pozitivnim propisima osigurava redovan pristup informacijama o svom radu i djelovanju, kao i podatke o \u010dinjenicama i okolnostima koje mogu utjecati na cijenu dionica (cjenovno osjetljive informacije).<\/li>\n<li>Dru\u0161tvo postupa na jednak na\u010din i pod jednakim uvjetima prema svim dioni\u010darima neovisno o broju dionica kojima raspola\u017eu, zemlji njihova podrijetla te njihovim drugim svojstvima. Pravo glasa obuhva\u0107a sve dioni\u010dare Dru\u0161tva na na\u010din da je broj glasova koji im pripadaju u Glavnoj skup\u0161tini jednak broju njihovih dionica.<\/li>\n<\/ul>\n","protected":false},"excerpt":{"rendered":"<p>Temeljni kapital Dru\u0161tva Modra \u0161pilja d.d. iznosi 38.632.250 kuna kuna i sastoji se od 3.863.225 redovnih dionica nominalne vrijednosti 10,00 kuna. Redovne dionice Dru\u0161tva uvr\u0161tene su na redovno tr\u017ei\u0161te Zagreba\u010dke burze 2020. godine i ozna\u010dava je simbol MDSP-R-A. Dionice se vode pri Sredi\u0161njem klirin\u0161kom depozitarnom dru\u0161tvu d.d., sa sjedi\u0161tem u&#8230;<\/p>\n","protected":false},"author":1,"featured_media":0,"parent":0,"menu_order":0,"comment_status":"closed","ping_status":"closed","template":"","meta":{"footnotes":""},"class_list":["post-4583","page","type-page","status-publish","hentry"],"yoast_head":"<!-- This site is optimized with the Yoast SEO plugin v27.3 - https:\/\/yoast.com\/product\/yoast-seo-wordpress\/ -->\n<title>Shares - Hotel Bi\u0161evo<\/title>\n<meta name=\"description\" content=\"Il capitale di base della Societ\u00e0 Modra \u0161pilja d.d. ammonta ad Euro 8.047.282,50 ed \u00e8 composto da n. 6.063.225 azioni ordinarie prive di valore nominale.\" \/>\n<meta name=\"robots\" content=\"index, follow, max-snippet:-1, max-image-preview:large, max-video-preview:-1\" \/>\n<link rel=\"canonical\" href=\"https:\/\/modra-spilja.hr\/it\/shares\/\" \/>\n<meta property=\"og:locale\" content=\"it_IT\" \/>\n<meta property=\"og:type\" content=\"article\" \/>\n<meta property=\"og:title\" content=\"Shares - Hotel Bi\u0161evo\" \/>\n<meta property=\"og:description\" content=\"Il capitale di base della Societ\u00e0 Modra \u0161pilja d.d. ammonta ad Euro 8.047.282,50 ed \u00e8 composto da n. 6.063.225 azioni ordinarie prive di valore nominale.\" \/>\n<meta property=\"og:url\" content=\"https:\/\/modra-spilja.hr\/it\/shares\/\" \/>\n<meta property=\"og:site_name\" content=\"Hotel Bi\u0161evo\" \/>\n<meta property=\"article:publisher\" content=\"https:\/\/www.facebook.com\/bisevohotel\" \/>\n<meta property=\"article:modified_time\" content=\"2024-06-03T11:15:23+00:00\" \/>\n<meta name=\"twitter:card\" content=\"summary_large_image\" \/>\n<meta name=\"twitter:site\" content=\"@bisevo_hotel\" \/>\n<meta name=\"twitter:label1\" content=\"Tempo di lettura stimato\" \/>\n\t<meta name=\"twitter:data1\" content=\"1 minuto\" \/>\n<script type=\"application\/ld+json\" class=\"yoast-schema-graph\">{\"@context\":\"https:\\\/\\\/schema.org\",\"@graph\":[{\"@type\":\"WebPage\",\"@id\":\"https:\\\/\\\/modra-spilja.hr\\\/it\\\/shares\\\/\",\"url\":\"https:\\\/\\\/modra-spilja.hr\\\/it\\\/shares\\\/\",\"name\":\"Shares - Hotel Bi\u0161evo\",\"isPartOf\":{\"@id\":\"https:\\\/\\\/modra-spilja.hr\\\/#website\"},\"datePublished\":\"2021-03-02T07:40:50+00:00\",\"dateModified\":\"2024-06-03T11:15:23+00:00\",\"description\":\"Il capitale di base della Societ\u00e0 Modra \u0161pilja d.d. ammonta ad Euro 8.047.282,50 ed \u00e8 composto da n. 6.063.225 azioni ordinarie prive di valore nominale.\",\"breadcrumb\":{\"@id\":\"https:\\\/\\\/modra-spilja.hr\\\/it\\\/shares\\\/#breadcrumb\"},\"inLanguage\":\"it-IT\",\"potentialAction\":[{\"@type\":\"ReadAction\",\"target\":[\"https:\\\/\\\/modra-spilja.hr\\\/it\\\/shares\\\/\"]}]},{\"@type\":\"BreadcrumbList\",\"@id\":\"https:\\\/\\\/modra-spilja.hr\\\/it\\\/shares\\\/#breadcrumb\",\"itemListElement\":[{\"@type\":\"ListItem\",\"position\":1,\"name\":\"Home\",\"item\":\"https:\\\/\\\/modra-spilja.hr\\\/it\\\/\"},{\"@type\":\"ListItem\",\"position\":2,\"name\":\"Shares\"}]},{\"@type\":\"WebSite\",\"@id\":\"https:\\\/\\\/modra-spilja.hr\\\/#website\",\"url\":\"https:\\\/\\\/modra-spilja.hr\\\/\",\"name\":\"Hotel Bi\u0161evo\",\"description\":\"Benvenuti a Hotel Bi\u0161evo\",\"publisher\":{\"@id\":\"https:\\\/\\\/modra-spilja.hr\\\/#organization\"},\"potentialAction\":[{\"@type\":\"SearchAction\",\"target\":{\"@type\":\"EntryPoint\",\"urlTemplate\":\"https:\\\/\\\/modra-spilja.hr\\\/?s={search_term_string}\"},\"query-input\":{\"@type\":\"PropertyValueSpecification\",\"valueRequired\":true,\"valueName\":\"search_term_string\"}}],\"inLanguage\":\"it-IT\"},{\"@type\":\"Organization\",\"@id\":\"https:\\\/\\\/modra-spilja.hr\\\/#organization\",\"name\":\"Modra Spilja d.d.\",\"url\":\"https:\\\/\\\/modra-spilja.hr\\\/\",\"logo\":{\"@type\":\"ImageObject\",\"inLanguage\":\"it-IT\",\"@id\":\"https:\\\/\\\/modra-spilja.hr\\\/#\\\/schema\\\/logo\\\/image\\\/\",\"url\":\"https:\\\/\\\/modra-spilja.hr\\\/wp-content\\\/uploads\\\/2021\\\/02\\\/bisevo.jpg\",\"contentUrl\":\"https:\\\/\\\/modra-spilja.hr\\\/wp-content\\\/uploads\\\/2021\\\/02\\\/bisevo.jpg\",\"width\":354,\"height\":354,\"caption\":\"Modra Spilja d.d.\"},\"image\":{\"@id\":\"https:\\\/\\\/modra-spilja.hr\\\/#\\\/schema\\\/logo\\\/image\\\/\"},\"sameAs\":[\"https:\\\/\\\/www.facebook.com\\\/bisevohotel\",\"https:\\\/\\\/x.com\\\/bisevo_hotel\",\"https:\\\/\\\/www.instagram.com\\\/komiza_vis\\\/\"]}]}<\/script>\n<!-- \/ Yoast SEO plugin. -->","yoast_head_json":{"title":"Shares - Hotel Bi\u0161evo","description":"Il capitale di base della Societ\u00e0 Modra \u0161pilja d.d. ammonta ad Euro 8.047.282,50 ed \u00e8 composto da n. 6.063.225 azioni ordinarie prive di valore nominale.","robots":{"index":"index","follow":"follow","max-snippet":"max-snippet:-1","max-image-preview":"max-image-preview:large","max-video-preview":"max-video-preview:-1"},"canonical":"https:\/\/modra-spilja.hr\/it\/shares\/","og_locale":"it_IT","og_type":"article","og_title":"Shares - Hotel Bi\u0161evo","og_description":"Il capitale di base della Societ\u00e0 Modra \u0161pilja d.d. ammonta ad Euro 8.047.282,50 ed \u00e8 composto da n. 6.063.225 azioni ordinarie prive di valore nominale.","og_url":"https:\/\/modra-spilja.hr\/it\/shares\/","og_site_name":"Hotel Bi\u0161evo","article_publisher":"https:\/\/www.facebook.com\/bisevohotel","article_modified_time":"2024-06-03T11:15:23+00:00","twitter_card":"summary_large_image","twitter_site":"@bisevo_hotel","twitter_misc":{"Tempo di lettura stimato":"1 minuto"},"schema":{"@context":"https:\/\/schema.org","@graph":[{"@type":"WebPage","@id":"https:\/\/modra-spilja.hr\/it\/shares\/","url":"https:\/\/modra-spilja.hr\/it\/shares\/","name":"Shares - Hotel Bi\u0161evo","isPartOf":{"@id":"https:\/\/modra-spilja.hr\/#website"},"datePublished":"2021-03-02T07:40:50+00:00","dateModified":"2024-06-03T11:15:23+00:00","description":"Il capitale di base della Societ\u00e0 Modra \u0161pilja d.d. ammonta ad Euro 8.047.282,50 ed \u00e8 composto da n. 6.063.225 azioni ordinarie prive di valore nominale.","breadcrumb":{"@id":"https:\/\/modra-spilja.hr\/it\/shares\/#breadcrumb"},"inLanguage":"it-IT","potentialAction":[{"@type":"ReadAction","target":["https:\/\/modra-spilja.hr\/it\/shares\/"]}]},{"@type":"BreadcrumbList","@id":"https:\/\/modra-spilja.hr\/it\/shares\/#breadcrumb","itemListElement":[{"@type":"ListItem","position":1,"name":"Home","item":"https:\/\/modra-spilja.hr\/it\/"},{"@type":"ListItem","position":2,"name":"Shares"}]},{"@type":"WebSite","@id":"https:\/\/modra-spilja.hr\/#website","url":"https:\/\/modra-spilja.hr\/","name":"Hotel Bi\u0161evo","description":"Benvenuti a Hotel Bi\u0161evo","publisher":{"@id":"https:\/\/modra-spilja.hr\/#organization"},"potentialAction":[{"@type":"SearchAction","target":{"@type":"EntryPoint","urlTemplate":"https:\/\/modra-spilja.hr\/?s={search_term_string}"},"query-input":{"@type":"PropertyValueSpecification","valueRequired":true,"valueName":"search_term_string"}}],"inLanguage":"it-IT"},{"@type":"Organization","@id":"https:\/\/modra-spilja.hr\/#organization","name":"Modra Spilja d.d.","url":"https:\/\/modra-spilja.hr\/","logo":{"@type":"ImageObject","inLanguage":"it-IT","@id":"https:\/\/modra-spilja.hr\/#\/schema\/logo\/image\/","url":"https:\/\/modra-spilja.hr\/wp-content\/uploads\/2021\/02\/bisevo.jpg","contentUrl":"https:\/\/modra-spilja.hr\/wp-content\/uploads\/2021\/02\/bisevo.jpg","width":354,"height":354,"caption":"Modra Spilja d.d."},"image":{"@id":"https:\/\/modra-spilja.hr\/#\/schema\/logo\/image\/"},"sameAs":["https:\/\/www.facebook.com\/bisevohotel","https:\/\/x.com\/bisevo_hotel","https:\/\/www.instagram.com\/komiza_vis\/"]}]}},"_links":{"self":[{"href":"https:\/\/modra-spilja.hr\/it\/wp-json\/wp\/v2\/pages\/4583","targetHints":{"allow":["GET"]}}],"collection":[{"href":"https:\/\/modra-spilja.hr\/it\/wp-json\/wp\/v2\/pages"}],"about":[{"href":"https:\/\/modra-spilja.hr\/it\/wp-json\/wp\/v2\/types\/page"}],"author":[{"embeddable":true,"href":"https:\/\/modra-spilja.hr\/it\/wp-json\/wp\/v2\/users\/1"}],"replies":[{"embeddable":true,"href":"https:\/\/modra-spilja.hr\/it\/wp-json\/wp\/v2\/comments?post=4583"}],"version-history":[{"count":1,"href":"https:\/\/modra-spilja.hr\/it\/wp-json\/wp\/v2\/pages\/4583\/revisions"}],"predecessor-version":[{"id":4585,"href":"https:\/\/modra-spilja.hr\/it\/wp-json\/wp\/v2\/pages\/4583\/revisions\/4585"}],"wp:attachment":[{"href":"https:\/\/modra-spilja.hr\/it\/wp-json\/wp\/v2\/media?parent=4583"}],"curies":[{"name":"wp","href":"https:\/\/api.w.org\/{rel}","templated":true}]}}