{"id":4568,"date":"2021-02-10T11:55:27","date_gmt":"2021-02-10T11:55:27","guid":{"rendered":"http:\/\/modra-spilja.hr\/about-us\/"},"modified":"2021-03-17T07:55:13","modified_gmt":"2021-03-17T07:55:13","slug":"about-us","status":"publish","type":"page","link":"https:\/\/modra-spilja.hr\/it\/about-us\/","title":{"rendered":"Chi siamo"},"content":{"rendered":"<div class=\"wpb-content-wrapper\"><p>[vc_row][vc_column][vc_column_text]Trgova\u010dkog dru\u0161tva Modra \u0160pilja, dioni\u010dko dru\u0161tvo za hotelijerstvo, ugostiteljstvo i trgovinu, sa sjedi\u0161tem u Komi\u017ei (Grad Komi\u017ea), Ribarska ulica 72, upisanog u sudski registar pod mati\u010dnim brojem subjekta (MBS): 060002949, osobniidentifikacijski broj (OIB): 30953977438[\/vc_column_text][\/vc_column][\/vc_row]<\/p>\n<\/div>","protected":false},"excerpt":{"rendered":"<p>[vc_row][vc_column][vc_column_text]Trgova\u010dkog dru\u0161tva Modra \u0160pilja, dioni\u010dko dru\u0161tvo za hotelijerstvo, ugostiteljstvo i trgovinu, sa sjedi\u0161tem u Komi\u017ei (Grad Komi\u017ea), Ribarska ulica 72, upisanog u sudski registar pod mati\u010dnim brojem subjekta (MBS): 060002949, osobniidentifikacijski broj (OIB): 30953977438[\/vc_column_text][\/vc_column][\/vc_row]<\/p>\n","protected":false},"author":1,"featured_media":0,"parent":0,"menu_order":0,"comment_status":"closed","ping_status":"closed","template":"","meta":{"footnotes":""},"class_list":["post-4568","page","type-page","status-publish","hentry"],"yoast_head":"<!-- This site is optimized with the Yoast SEO plugin v27.3 - https:\/\/yoast.com\/product\/yoast-seo-wordpress\/ -->\n<title>Chi siamo - Hotel Bi\u0161evo<\/title>\n<meta name=\"robots\" content=\"index, follow, max-snippet:-1, max-image-preview:large, max-video-preview:-1\" \/>\n<link rel=\"canonical\" href=\"https:\/\/modra-spilja.hr\/it\/about-us\/\" \/>\n<meta property=\"og:locale\" content=\"it_IT\" \/>\n<meta property=\"og:type\" content=\"article\" \/>\n<meta property=\"og:title\" content=\"Chi siamo - Hotel Bi\u0161evo\" \/>\n<meta property=\"og:description\" content=\"[vc_row][vc_column][vc_column_text]Trgova\u010dkog dru\u0161tva Modra \u0160pilja, dioni\u010dko dru\u0161tvo za hotelijerstvo, ugostiteljstvo i trgovinu, sa sjedi\u0161tem u Komi\u017ei (Grad Komi\u017ea), Ribarska ulica 72, upisanog u sudski registar pod mati\u010dnim brojem subjekta (MBS): 060002949, osobniidentifikacijski broj (OIB): 30953977438[\/vc_column_text][\/vc_column][\/vc_row]\" \/>\n<meta property=\"og:url\" content=\"https:\/\/modra-spilja.hr\/it\/about-us\/\" \/>\n<meta property=\"og:site_name\" content=\"Hotel Bi\u0161evo\" \/>\n<meta property=\"article:publisher\" content=\"https:\/\/www.facebook.com\/bisevohotel\" \/>\n<meta property=\"article:modified_time\" content=\"2021-03-17T07:55:13+00:00\" \/>\n<meta name=\"twitter:card\" content=\"summary_large_image\" \/>\n<meta name=\"twitter:site\" content=\"@bisevo_hotel\" \/>\n<script type=\"application\/ld+json\" class=\"yoast-schema-graph\">{\"@context\":\"https:\\\/\\\/schema.org\",\"@graph\":[{\"@type\":\"WebPage\",\"@id\":\"https:\\\/\\\/modra-spilja.hr\\\/it\\\/about-us\\\/\",\"url\":\"https:\\\/\\\/modra-spilja.hr\\\/it\\\/about-us\\\/\",\"name\":\"Chi siamo - Hotel Bi\u0161evo\",\"isPartOf\":{\"@id\":\"https:\\\/\\\/modra-spilja.hr\\\/#website\"},\"datePublished\":\"2021-02-10T11:55:27+00:00\",\"dateModified\":\"2021-03-17T07:55:13+00:00\",\"breadcrumb\":{\"@id\":\"https:\\\/\\\/modra-spilja.hr\\\/it\\\/about-us\\\/#breadcrumb\"},\"inLanguage\":\"it-IT\",\"potentialAction\":[{\"@type\":\"ReadAction\",\"target\":[\"https:\\\/\\\/modra-spilja.hr\\\/it\\\/about-us\\\/\"]}]},{\"@type\":\"BreadcrumbList\",\"@id\":\"https:\\\/\\\/modra-spilja.hr\\\/it\\\/about-us\\\/#breadcrumb\",\"itemListElement\":[{\"@type\":\"ListItem\",\"position\":1,\"name\":\"Home\",\"item\":\"https:\\\/\\\/modra-spilja.hr\\\/it\\\/\"},{\"@type\":\"ListItem\",\"position\":2,\"name\":\"Chi siamo\"}]},{\"@type\":\"WebSite\",\"@id\":\"https:\\\/\\\/modra-spilja.hr\\\/#website\",\"url\":\"https:\\\/\\\/modra-spilja.hr\\\/\",\"name\":\"Hotel Bi\u0161evo\",\"description\":\"Benvenuti a Hotel Bi\u0161evo\",\"publisher\":{\"@id\":\"https:\\\/\\\/modra-spilja.hr\\\/#organization\"},\"potentialAction\":[{\"@type\":\"SearchAction\",\"target\":{\"@type\":\"EntryPoint\",\"urlTemplate\":\"https:\\\/\\\/modra-spilja.hr\\\/?s={search_term_string}\"},\"query-input\":{\"@type\":\"PropertyValueSpecification\",\"valueRequired\":true,\"valueName\":\"search_term_string\"}}],\"inLanguage\":\"it-IT\"},{\"@type\":\"Organization\",\"@id\":\"https:\\\/\\\/modra-spilja.hr\\\/#organization\",\"name\":\"Modra Spilja d.d.\",\"url\":\"https:\\\/\\\/modra-spilja.hr\\\/\",\"logo\":{\"@type\":\"ImageObject\",\"inLanguage\":\"it-IT\",\"@id\":\"https:\\\/\\\/modra-spilja.hr\\\/#\\\/schema\\\/logo\\\/image\\\/\",\"url\":\"https:\\\/\\\/modra-spilja.hr\\\/wp-content\\\/uploads\\\/2021\\\/02\\\/bisevo.jpg\",\"contentUrl\":\"https:\\\/\\\/modra-spilja.hr\\\/wp-content\\\/uploads\\\/2021\\\/02\\\/bisevo.jpg\",\"width\":354,\"height\":354,\"caption\":\"Modra Spilja d.d.\"},\"image\":{\"@id\":\"https:\\\/\\\/modra-spilja.hr\\\/#\\\/schema\\\/logo\\\/image\\\/\"},\"sameAs\":[\"https:\\\/\\\/www.facebook.com\\\/bisevohotel\",\"https:\\\/\\\/x.com\\\/bisevo_hotel\",\"https:\\\/\\\/www.instagram.com\\\/komiza_vis\\\/\"]}]}<\/script>\n<!-- \/ Yoast SEO plugin. -->","yoast_head_json":{"title":"Chi siamo - Hotel Bi\u0161evo","robots":{"index":"index","follow":"follow","max-snippet":"max-snippet:-1","max-image-preview":"max-image-preview:large","max-video-preview":"max-video-preview:-1"},"canonical":"https:\/\/modra-spilja.hr\/it\/about-us\/","og_locale":"it_IT","og_type":"article","og_title":"Chi siamo - Hotel Bi\u0161evo","og_description":"[vc_row][vc_column][vc_column_text]Trgova\u010dkog dru\u0161tva Modra \u0160pilja, dioni\u010dko dru\u0161tvo za hotelijerstvo, ugostiteljstvo i trgovinu, sa sjedi\u0161tem u Komi\u017ei (Grad Komi\u017ea), Ribarska ulica 72, upisanog u sudski registar pod mati\u010dnim brojem subjekta (MBS): 060002949, osobniidentifikacijski broj (OIB): 30953977438[\/vc_column_text][\/vc_column][\/vc_row]","og_url":"https:\/\/modra-spilja.hr\/it\/about-us\/","og_site_name":"Hotel Bi\u0161evo","article_publisher":"https:\/\/www.facebook.com\/bisevohotel","article_modified_time":"2021-03-17T07:55:13+00:00","twitter_card":"summary_large_image","twitter_site":"@bisevo_hotel","schema":{"@context":"https:\/\/schema.org","@graph":[{"@type":"WebPage","@id":"https:\/\/modra-spilja.hr\/it\/about-us\/","url":"https:\/\/modra-spilja.hr\/it\/about-us\/","name":"Chi siamo - Hotel Bi\u0161evo","isPartOf":{"@id":"https:\/\/modra-spilja.hr\/#website"},"datePublished":"2021-02-10T11:55:27+00:00","dateModified":"2021-03-17T07:55:13+00:00","breadcrumb":{"@id":"https:\/\/modra-spilja.hr\/it\/about-us\/#breadcrumb"},"inLanguage":"it-IT","potentialAction":[{"@type":"ReadAction","target":["https:\/\/modra-spilja.hr\/it\/about-us\/"]}]},{"@type":"BreadcrumbList","@id":"https:\/\/modra-spilja.hr\/it\/about-us\/#breadcrumb","itemListElement":[{"@type":"ListItem","position":1,"name":"Home","item":"https:\/\/modra-spilja.hr\/it\/"},{"@type":"ListItem","position":2,"name":"Chi siamo"}]},{"@type":"WebSite","@id":"https:\/\/modra-spilja.hr\/#website","url":"https:\/\/modra-spilja.hr\/","name":"Hotel Bi\u0161evo","description":"Benvenuti a Hotel Bi\u0161evo","publisher":{"@id":"https:\/\/modra-spilja.hr\/#organization"},"potentialAction":[{"@type":"SearchAction","target":{"@type":"EntryPoint","urlTemplate":"https:\/\/modra-spilja.hr\/?s={search_term_string}"},"query-input":{"@type":"PropertyValueSpecification","valueRequired":true,"valueName":"search_term_string"}}],"inLanguage":"it-IT"},{"@type":"Organization","@id":"https:\/\/modra-spilja.hr\/#organization","name":"Modra Spilja d.d.","url":"https:\/\/modra-spilja.hr\/","logo":{"@type":"ImageObject","inLanguage":"it-IT","@id":"https:\/\/modra-spilja.hr\/#\/schema\/logo\/image\/","url":"https:\/\/modra-spilja.hr\/wp-content\/uploads\/2021\/02\/bisevo.jpg","contentUrl":"https:\/\/modra-spilja.hr\/wp-content\/uploads\/2021\/02\/bisevo.jpg","width":354,"height":354,"caption":"Modra Spilja d.d."},"image":{"@id":"https:\/\/modra-spilja.hr\/#\/schema\/logo\/image\/"},"sameAs":["https:\/\/www.facebook.com\/bisevohotel","https:\/\/x.com\/bisevo_hotel","https:\/\/www.instagram.com\/komiza_vis\/"]}]}},"_links":{"self":[{"href":"https:\/\/modra-spilja.hr\/it\/wp-json\/wp\/v2\/pages\/4568","targetHints":{"allow":["GET"]}}],"collection":[{"href":"https:\/\/modra-spilja.hr\/it\/wp-json\/wp\/v2\/pages"}],"about":[{"href":"https:\/\/modra-spilja.hr\/it\/wp-json\/wp\/v2\/types\/page"}],"author":[{"embeddable":true,"href":"https:\/\/modra-spilja.hr\/it\/wp-json\/wp\/v2\/users\/1"}],"replies":[{"embeddable":true,"href":"https:\/\/modra-spilja.hr\/it\/wp-json\/wp\/v2\/comments?post=4568"}],"version-history":[{"count":3,"href":"https:\/\/modra-spilja.hr\/it\/wp-json\/wp\/v2\/pages\/4568\/revisions"}],"predecessor-version":[{"id":4991,"href":"https:\/\/modra-spilja.hr\/it\/wp-json\/wp\/v2\/pages\/4568\/revisions\/4991"}],"wp:attachment":[{"href":"https:\/\/modra-spilja.hr\/it\/wp-json\/wp\/v2\/media?parent=4568"}],"curies":[{"name":"wp","href":"https:\/\/api.w.org\/{rel}","templated":true}]}}