{"id":4324,"date":"2021-02-09T12:31:53","date_gmt":"2021-02-09T12:31:53","guid":{"rendered":"http:\/\/modra-spilja.hr\/?page_id=4324"},"modified":"2021-03-12T15:18:07","modified_gmt":"2021-03-12T15:18:07","slug":"news","status":"publish","type":"page","link":"https:\/\/modra-spilja.hr\/en\/news\/","title":{"rendered":"News"},"content":{"rendered":"<div class=\"wpb-content-wrapper\"><p>[vc_row][vc_column][vc_column_text]<a href=\"http:\/\/modra-spilja.hr\/wp-content\/uploads\/2021\/02\/modra_spilja_fi.pdf\" target=\"_blank\" rel=\"noopener\"><strong>30.6.2020.<\/strong> &#8211; Financijski izvje\u0161taj<\/a><br \/>\n<a href=\"http:\/\/modra-spilja.hr\/wp-content\/uploads\/2021\/02\/prospekt_dionice.pdf\" target=\"_blank\" rel=\"noopener\"><strong>16.9.2020.<\/strong> &#8211; Prospekt uvr\u0161tenja redovnih dionica na Zagreba\u010dku burzu<\/a><br \/>\n<a href=\"http:\/\/modra-spilja.hr\/wp-content\/uploads\/2021\/02\/statut.pdf\" target=\"_blank\" rel=\"noopener\"><strong>16.9.2020.<\/strong> &#8211; Statut Dru\u0161tva<\/a><br \/>\n<a href=\"http:\/\/modra-spilja.hr\/wp-content\/uploads\/2021\/02\/poziv_skupstina.pdf\" target=\"_blank\" rel=\"noopener\"><strong>10.11.2020.<\/strong>\u00a0&#8211; Poziv na glavnu skup\u0161tinu<\/a><br \/>\n<a href=\"http:\/\/modra-spilja.hr\/wp-content\/uploads\/2021\/02\/obrazac_prijave.pdf\" target=\"_blank\" rel=\"noopener\"><strong>10.11.2020.<\/strong>\u00a0&#8211; Obrazac prijave na Glavnu skup\u0161tinu<\/a><br \/>\n<a href=\"http:\/\/modra-spilja.hr\/wp-content\/uploads\/2021\/02\/punomoc.pdf\" target=\"_blank\" rel=\"noopener\"><strong>10.11.2020.<\/strong>\u00a0&#8211; Punomo\u0107 za zastupanje na Glavnoj skup\u0161tini<\/a><br \/>\n<a href=\"http:\/\/modra-spilja.hr\/wp-content\/uploads\/2021\/02\/izvjesce.pdf\" target=\"_blank\" rel=\"noopener\"><strong>10.11.2020.<\/strong> &#8211; Izvje\u0161\u0107e Uprave o razlozima za djelomi\u010dno isklju\u010denja prava prvenstva postoje\u0107ih dioni\u010dara<\/a><br \/>\n<a href=\"http:\/\/modra-spilja.hr\/wp-content\/uploads\/2021\/02\/zse_objava_odluke.pdf\" target=\"_blank\" rel=\"noopener\"><strong>17.12.2020.<\/strong> &#8211; Obavijest o imenovanju \u010dlana uprave i produljenju mandata \u010dlana uprave<\/a><br \/>\n<a href=\"http:\/\/modra-spilja.hr\/wp-content\/uploads\/2021\/02\/glavna_skupstina_22_12.pdf\" target=\"_blank\" rel=\"noopener\"><strong>22.12.2020.<\/strong> Odr\u017eana Glavna skup\u0161tina<\/a><br \/>\n[\/vc_column_text][\/vc_column][\/vc_row]<\/p>\n<\/div>","protected":false},"excerpt":{"rendered":"<p>[vc_row][vc_column][vc_column_text]30.6.2020. &#8211; Financijski izvje\u0161taj 16.9.2020. &#8211; Prospekt uvr\u0161tenja redovnih dionica na Zagreba\u010dku burzu 16.9.2020. &#8211; Statut Dru\u0161tva 10.11.2020.\u00a0&#8211; Poziv na glavnu skup\u0161tinu 10.11.2020.\u00a0&#8211; Obrazac prijave na Glavnu skup\u0161tinu 10.11.2020.\u00a0&#8211; Punomo\u0107 za zastupanje na Glavnoj skup\u0161tini 10.11.2020. &#8211; Izvje\u0161\u0107e Uprave o razlozima za djelomi\u010dno isklju\u010denja prava prvenstva postoje\u0107ih dioni\u010dara 17.12.2020. &#8211;&#8230;<\/p>\n","protected":false},"author":1,"featured_media":0,"parent":0,"menu_order":0,"comment_status":"closed","ping_status":"closed","template":"","meta":{"footnotes":""},"class_list":["post-4324","page","type-page","status-publish","hentry"],"yoast_head":"<!-- This site is optimized with the Yoast SEO plugin v27.3 - https:\/\/yoast.com\/product\/yoast-seo-wordpress\/ -->\n<title>News - Hotel Bi\u0161evo<\/title>\n<meta name=\"robots\" content=\"index, follow, max-snippet:-1, max-image-preview:large, max-video-preview:-1\" \/>\n<link rel=\"canonical\" href=\"https:\/\/modra-spilja.hr\/en\/news\/\" \/>\n<meta property=\"og:locale\" content=\"en_US\" \/>\n<meta property=\"og:type\" content=\"article\" \/>\n<meta property=\"og:title\" content=\"News - Hotel Bi\u0161evo\" \/>\n<meta property=\"og:description\" content=\"[vc_row][vc_column][vc_column_text]30.6.2020. &#8211; Financijski izvje\u0161taj 16.9.2020. &#8211; Prospekt uvr\u0161tenja redovnih dionica na Zagreba\u010dku burzu 16.9.2020. &#8211; Statut Dru\u0161tva 10.11.2020.\u00a0&#8211; Poziv na glavnu skup\u0161tinu 10.11.2020.\u00a0&#8211; Obrazac prijave na Glavnu skup\u0161tinu 10.11.2020.\u00a0&#8211; Punomo\u0107 za zastupanje na Glavnoj skup\u0161tini 10.11.2020. &#8211; Izvje\u0161\u0107e Uprave o razlozima za djelomi\u010dno isklju\u010denja prava prvenstva postoje\u0107ih dioni\u010dara 17.12.2020. &#8211;...\" \/>\n<meta property=\"og:url\" content=\"https:\/\/modra-spilja.hr\/en\/news\/\" \/>\n<meta property=\"og:site_name\" content=\"Hotel Bi\u0161evo\" \/>\n<meta property=\"article:publisher\" content=\"https:\/\/www.facebook.com\/bisevohotel\" \/>\n<meta property=\"article:modified_time\" content=\"2021-03-12T15:18:07+00:00\" \/>\n<meta name=\"twitter:card\" content=\"summary_large_image\" \/>\n<meta name=\"twitter:site\" content=\"@bisevo_hotel\" \/>\n<script type=\"application\/ld+json\" class=\"yoast-schema-graph\">{\"@context\":\"https:\\\/\\\/schema.org\",\"@graph\":[{\"@type\":\"WebPage\",\"@id\":\"https:\\\/\\\/modra-spilja.hr\\\/en\\\/news\\\/\",\"url\":\"https:\\\/\\\/modra-spilja.hr\\\/en\\\/news\\\/\",\"name\":\"News - Hotel Bi\u0161evo\",\"isPartOf\":{\"@id\":\"https:\\\/\\\/modra-spilja.hr\\\/#website\"},\"datePublished\":\"2021-02-09T12:31:53+00:00\",\"dateModified\":\"2021-03-12T15:18:07+00:00\",\"breadcrumb\":{\"@id\":\"https:\\\/\\\/modra-spilja.hr\\\/en\\\/news\\\/#breadcrumb\"},\"inLanguage\":\"en-US\",\"potentialAction\":[{\"@type\":\"ReadAction\",\"target\":[\"https:\\\/\\\/modra-spilja.hr\\\/en\\\/news\\\/\"]}]},{\"@type\":\"BreadcrumbList\",\"@id\":\"https:\\\/\\\/modra-spilja.hr\\\/en\\\/news\\\/#breadcrumb\",\"itemListElement\":[{\"@type\":\"ListItem\",\"position\":1,\"name\":\"Home\",\"item\":\"https:\\\/\\\/modra-spilja.hr\\\/en\\\/\"},{\"@type\":\"ListItem\",\"position\":2,\"name\":\"News\"}]},{\"@type\":\"WebSite\",\"@id\":\"https:\\\/\\\/modra-spilja.hr\\\/#website\",\"url\":\"https:\\\/\\\/modra-spilja.hr\\\/\",\"name\":\"Hotel Bi\u0161evo\",\"description\":\"Welcome to Hotel Bi\u0161evo\",\"publisher\":{\"@id\":\"https:\\\/\\\/modra-spilja.hr\\\/#organization\"},\"potentialAction\":[{\"@type\":\"SearchAction\",\"target\":{\"@type\":\"EntryPoint\",\"urlTemplate\":\"https:\\\/\\\/modra-spilja.hr\\\/?s={search_term_string}\"},\"query-input\":{\"@type\":\"PropertyValueSpecification\",\"valueRequired\":true,\"valueName\":\"search_term_string\"}}],\"inLanguage\":\"en-US\"},{\"@type\":\"Organization\",\"@id\":\"https:\\\/\\\/modra-spilja.hr\\\/#organization\",\"name\":\"Modra Spilja d.d.\",\"url\":\"https:\\\/\\\/modra-spilja.hr\\\/\",\"logo\":{\"@type\":\"ImageObject\",\"inLanguage\":\"en-US\",\"@id\":\"https:\\\/\\\/modra-spilja.hr\\\/#\\\/schema\\\/logo\\\/image\\\/\",\"url\":\"https:\\\/\\\/modra-spilja.hr\\\/wp-content\\\/uploads\\\/2021\\\/02\\\/bisevo.jpg\",\"contentUrl\":\"https:\\\/\\\/modra-spilja.hr\\\/wp-content\\\/uploads\\\/2021\\\/02\\\/bisevo.jpg\",\"width\":354,\"height\":354,\"caption\":\"Modra Spilja d.d.\"},\"image\":{\"@id\":\"https:\\\/\\\/modra-spilja.hr\\\/#\\\/schema\\\/logo\\\/image\\\/\"},\"sameAs\":[\"https:\\\/\\\/www.facebook.com\\\/bisevohotel\",\"https:\\\/\\\/x.com\\\/bisevo_hotel\",\"https:\\\/\\\/www.instagram.com\\\/komiza_vis\\\/\"]}]}<\/script>\n<!-- \/ Yoast SEO plugin. -->","yoast_head_json":{"title":"News - Hotel Bi\u0161evo","robots":{"index":"index","follow":"follow","max-snippet":"max-snippet:-1","max-image-preview":"max-image-preview:large","max-video-preview":"max-video-preview:-1"},"canonical":"https:\/\/modra-spilja.hr\/en\/news\/","og_locale":"en_US","og_type":"article","og_title":"News - Hotel Bi\u0161evo","og_description":"[vc_row][vc_column][vc_column_text]30.6.2020. &#8211; Financijski izvje\u0161taj 16.9.2020. &#8211; Prospekt uvr\u0161tenja redovnih dionica na Zagreba\u010dku burzu 16.9.2020. &#8211; Statut Dru\u0161tva 10.11.2020.\u00a0&#8211; Poziv na glavnu skup\u0161tinu 10.11.2020.\u00a0&#8211; Obrazac prijave na Glavnu skup\u0161tinu 10.11.2020.\u00a0&#8211; Punomo\u0107 za zastupanje na Glavnoj skup\u0161tini 10.11.2020. &#8211; Izvje\u0161\u0107e Uprave o razlozima za djelomi\u010dno isklju\u010denja prava prvenstva postoje\u0107ih dioni\u010dara 17.12.2020. &#8211;...","og_url":"https:\/\/modra-spilja.hr\/en\/news\/","og_site_name":"Hotel Bi\u0161evo","article_publisher":"https:\/\/www.facebook.com\/bisevohotel","article_modified_time":"2021-03-12T15:18:07+00:00","twitter_card":"summary_large_image","twitter_site":"@bisevo_hotel","schema":{"@context":"https:\/\/schema.org","@graph":[{"@type":"WebPage","@id":"https:\/\/modra-spilja.hr\/en\/news\/","url":"https:\/\/modra-spilja.hr\/en\/news\/","name":"News - Hotel Bi\u0161evo","isPartOf":{"@id":"https:\/\/modra-spilja.hr\/#website"},"datePublished":"2021-02-09T12:31:53+00:00","dateModified":"2021-03-12T15:18:07+00:00","breadcrumb":{"@id":"https:\/\/modra-spilja.hr\/en\/news\/#breadcrumb"},"inLanguage":"en-US","potentialAction":[{"@type":"ReadAction","target":["https:\/\/modra-spilja.hr\/en\/news\/"]}]},{"@type":"BreadcrumbList","@id":"https:\/\/modra-spilja.hr\/en\/news\/#breadcrumb","itemListElement":[{"@type":"ListItem","position":1,"name":"Home","item":"https:\/\/modra-spilja.hr\/en\/"},{"@type":"ListItem","position":2,"name":"News"}]},{"@type":"WebSite","@id":"https:\/\/modra-spilja.hr\/#website","url":"https:\/\/modra-spilja.hr\/","name":"Hotel Bi\u0161evo","description":"Welcome to Hotel Bi\u0161evo","publisher":{"@id":"https:\/\/modra-spilja.hr\/#organization"},"potentialAction":[{"@type":"SearchAction","target":{"@type":"EntryPoint","urlTemplate":"https:\/\/modra-spilja.hr\/?s={search_term_string}"},"query-input":{"@type":"PropertyValueSpecification","valueRequired":true,"valueName":"search_term_string"}}],"inLanguage":"en-US"},{"@type":"Organization","@id":"https:\/\/modra-spilja.hr\/#organization","name":"Modra Spilja d.d.","url":"https:\/\/modra-spilja.hr\/","logo":{"@type":"ImageObject","inLanguage":"en-US","@id":"https:\/\/modra-spilja.hr\/#\/schema\/logo\/image\/","url":"https:\/\/modra-spilja.hr\/wp-content\/uploads\/2021\/02\/bisevo.jpg","contentUrl":"https:\/\/modra-spilja.hr\/wp-content\/uploads\/2021\/02\/bisevo.jpg","width":354,"height":354,"caption":"Modra Spilja d.d."},"image":{"@id":"https:\/\/modra-spilja.hr\/#\/schema\/logo\/image\/"},"sameAs":["https:\/\/www.facebook.com\/bisevohotel","https:\/\/x.com\/bisevo_hotel","https:\/\/www.instagram.com\/komiza_vis\/"]}]}},"_links":{"self":[{"href":"https:\/\/modra-spilja.hr\/en\/wp-json\/wp\/v2\/pages\/4324","targetHints":{"allow":["GET"]}}],"collection":[{"href":"https:\/\/modra-spilja.hr\/en\/wp-json\/wp\/v2\/pages"}],"about":[{"href":"https:\/\/modra-spilja.hr\/en\/wp-json\/wp\/v2\/types\/page"}],"author":[{"embeddable":true,"href":"https:\/\/modra-spilja.hr\/en\/wp-json\/wp\/v2\/users\/1"}],"replies":[{"embeddable":true,"href":"https:\/\/modra-spilja.hr\/en\/wp-json\/wp\/v2\/comments?post=4324"}],"version-history":[{"count":9,"href":"https:\/\/modra-spilja.hr\/en\/wp-json\/wp\/v2\/pages\/4324\/revisions"}],"predecessor-version":[{"id":4867,"href":"https:\/\/modra-spilja.hr\/en\/wp-json\/wp\/v2\/pages\/4324\/revisions\/4867"}],"wp:attachment":[{"href":"https:\/\/modra-spilja.hr\/en\/wp-json\/wp\/v2\/media?parent=4324"}],"curies":[{"name":"wp","href":"https:\/\/api.w.org\/{rel}","templated":true}]}}