{"id":3940,"date":"2021-02-03T16:37:38","date_gmt":"2021-02-03T16:37:38","guid":{"rendered":"http:\/\/modra-spilja.hr\/?page_id=3940"},"modified":"2021-05-26T13:18:12","modified_gmt":"2021-05-26T13:18:12","slug":"the-island-of-bisevo","status":"publish","type":"page","link":"https:\/\/modra-spilja.hr\/en\/the-island-of-bisevo\/","title":{"rendered":"The island of Bi\u0161evo"},"content":{"rendered":"<div class=\"wpb-content-wrapper\"><p>[vc_row][vc_column width=&#8221;1\/6&#8243;][\/vc_column][vc_column width=&#8221;2\/3&#8243;][vc_images_carousel images=&#8221;4300,4302,4304,4306&#8243; img_size=&#8221;full&#8221; hide_pagination_control=&#8221;yes&#8221;][\/vc_column][vc_column width=&#8221;1\/6&#8243;][\/vc_column][\/vc_row][vc_row][vc_column][vc_empty_space][vc_column_text]Have you thought about having your favourite island? Bi\u0161evo, a little pearl of the Mediterranean, could deserve that title. The islet of its 6 square meters, which you can almost reach swimming from Komi\u017ea because only five nautical miles separate them, will introduce you to the dimension of easy existence in the land of our ancestors. Time is a relative item here. From the moment you step on the ground of the island of Bi\u0161evo all your senses will be awakened.<\/p>\n<p>For the fifteen residents of Bi\u0161evo, the search for peace and happiness made sense. If you hang out, they will delight you with their hospitality and simplicity. Here you will experience another world in which the material wealth that is so essential to modern man loses its meaning. The beauty of living in a natural environment is certainly the main and basic meaning of the island.<\/p>\n<p>We can add to that philosophy the nature which has flourished here with its beauty, giving to the island the Blue Cave, Medvidina Cave, fertile soil where its renowned small blue grape know as Plavac Mali is planted, sandy beaches as from a dream, Bi\u0161evo will indubitably become your favourite island.<\/p>\n<p>The island of Bi\u0161evo is exceptionally diverse with botanical species. Botanists have registered as many as 480 plants species existing in Bi\u0161evo&#8217;s plant ecosystem.<\/p>\n<p>There are 8 hamlets: Mezuporat, Porat, Poje, Velo Gora, Nevaja, Potok and Gornja and Donja Salbunara, almost deserted during the winter. The small village of Porat on the western coast of Bi\u0161evo is the birthplace of Martin Bogdanovic (b. 1882) who became the founder of the fishing industry in the United States of America and the largest industrialist in the history of world fishing.<\/p>\n<p>The inhabitants of Bi\u0161evo emigrated to far-reaching ends of the world, from the Americas to Australia.<\/p>\n<p>In the 16th century church of St. Sylvester, a mass is held every New Year&#8217;s Eve. Around a fire which is lit next to the church, the local population and their guests gather, and then, with songs, dances and excellent food, they say goodbye to the Old Year and greet the New One.<\/p>\n<p><span style=\"font-weight: 400;\">The most visited places on the island are its beautiful sea caves.<\/span><\/p>\n<p>To find out more: <a href=\"https:\/\/bisevo.hr\/\" target=\"_blank\" rel=\"noopener\">bisevo.hr<\/a><\/p>\n<p>&nbsp;<\/p>\n<h2 style=\"text-align: center;\"><span style=\"font-weight: 400;\">Caves<\/span><\/h2>\n<p><strong>The Blue Cave <\/strong>\u2013 almost a magical cave, a theatrical backdrop in which nature plays with shapes and colours creating an image in front of which no one can remain indifferent. The Blue Grotto or Blue Cave (Croatian: Modra \u0161pilja), is a waterlogged sea cave located in a small bay called Balun, on the east side of the island. The skilled fishermen of Komi\u017ea have known of it since ancient times, but it was only from 1884 when the external entrance was breached, which made it possible to enter by boat, the Blue Cave has become an unavoidable mecca for sailors and tourists from all over the world.<\/p>\n<p>The Blue Cave owes its attractive name to the reflection of the sunlight that around noon, during calm seas, penetrate through the underwater opening into the cave, reflecting off the white bottom and giving the cave an aquamarine colour, while objects in the water appear to be silver.<\/p>\n<p>The cave is not so deep, from 3 to 20 meters, and its typical karst shape, which includes underwater cracks, that makes it very interesting for divers.<\/p>\n<p>It is open for sightseeing from May, but it is better to make an appointment at least 24 hours before the visit.<\/p>\n<p>&nbsp;<\/p>\n<p><strong>The Monk seal\u2019s grotto (Medvidina cave)<\/strong> &#8211; a mysterious cave located in the bay Tre\u0161javac, in the southern part of the island. In 1967 it was declared a geomorphological monument of nature. The cave is 160 m long in total which makes it the longest sea cave in the Adriatic.<\/p>\n<p>The Monk seal\u2019s grotto was named after the Mediterranean seal, the rarest species of seal, which inhabited the cave. This most endangered mammal in the world has been called &#8220;the seaman&#8221; by local fishermen. &#8220;The Seaman&#8221; is rarely seen on the Adriatic today.<\/p>\n<p>Tip: If you decide to swim through the narrow canal of the cave you will reach a beautiful pebble beach called Malo \u017ealo.<\/p>\n<p>&nbsp;<\/p>\n<p>There are eight smaller and larger caves on Bi\u0161evo, right next to the coast of the island. This gives the island a certain mystical note and inspires all the pioneering spirits. After all, Bi\u0161evo got its name from the caves &#8211; L\u2019\u00edsola dei busi (from Italian: the island of holes).<\/p>\n<p>&nbsp;<\/p>\n<h2 style=\"text-align: center;\"><span style=\"font-weight: 400;\">Beaches and coves<\/span><\/h2>\n<p><strong>Mezoporat bay<\/strong> &#8211; located on the east side of the island. The bay has a pebble beach and it is the starting point for trips to the Blue Cave.<\/p>\n<p><strong>Porat bay<\/strong> &#8211; located in the southern part of the island, proclaimed to be the best hidden beach in Croatia. Its sandy beach, one of the most beautiful on the island, is hidden under cliffs covered with a pine forest. In its several restaurants, you can enjoy the dense and robust notes of the local red wine Plavac Mali.<\/p>\n<p><strong>Salbunara bay <\/strong>&#8211; created for enjoyment. It is a small bay with a small sandy beach, enough shade and crystal clear sea for every spoiled summer lover.[\/vc_column_text][vc_empty_space][\/vc_column][\/vc_row][vc_row][vc_column width=&#8221;1\/6&#8243;][\/vc_column][vc_column width=&#8221;2\/3&#8243;][vc_images_carousel images=&#8221;4973,4976,4970,4979&#8243; img_size=&#8221;full&#8221; hide_pagination_control=&#8221;yes&#8221;][\/vc_column][vc_column width=&#8221;1\/6&#8243;][\/vc_column][\/vc_row][vc_row][vc_column][vc_column_text]<\/p>\n<h2 style=\"text-align: center;\">Where to eat<\/h2>\n<ul>\n<li><a href=\"https:\/\/hr-hr.facebook.com\/tomic.bisevo\" target=\"_blank\" rel=\"noopener\">konoba Tomi\u0107<\/a>, Porat 4, Bi\u0161evo, +385 98 950 7485<\/li>\n<li><a href=\"https:\/\/www.facebook.com\/Restoran-Jak%C5%A1a-Bi%C5%A1evo-329392467082217\/\" target=\"_blank\" rel=\"noopener\">restoran Kod Jak\u0161e<\/a>, Uvala Porat, Bi\u0161evo,+ 385 21 713 454<\/li>\n<\/ul>\n<p>&nbsp;<\/p>\n<h2 style=\"text-align: center;\"><span style=\"font-weight: 400;\">What to do<\/span><\/h2>\n<p><strong>TREKKING<\/strong><\/p>\n<p class=\"ListParagraphCxSpFirst\"><span lang=\"EN-US\">A leisurely trek around the island is an ideal activity to enjoy admiring nature, in an excellent combination of exercising the body and feeding the spirit. After about twenty minutes of walking, you will reach the hill of Bi\u0161evo and the hamlet of Polje. There is the church of St. Sylvester, the only church on the island, an old school and several stone houses.<\/span><span lang=\"EN-US\">\u00a0<\/span><\/p>\n<p class=\"ListParagraphCxSpMiddle\"><span lang=\"EN-US\">You can climb to the highest peak of the island, Stra\u017ebenica, at 240 meters and relax enjoying the view of Palagru\u017ea, a small, remote Croatian archipelago, and the islands of Svetac, Brusnik and Jabuka.<\/span><span lang=\"EN-US\">\u00a0<\/span><\/p>\n<p class=\"ListParagraphCxSpLast\"><span lang=\"EN-US\">Wherever you decide go from that point, you can complete the perfection of this unique trekking trail by swimming and refreshing in the sea.<\/span><\/p>\n<p>&nbsp;<\/p>\n<p><strong>ASTROTOURISM<\/strong><\/p>\n<p>Even though the island of Bi\u0161evo has not yet been granted the status of an International Dark Sky Park, by preserving the island&#8217;s traditions and nature, the sky above Bi\u0161evo is extremely dark and the stars on it are especially bright. There is no light pollution here and the preservation of the night sky is actively promoted for all generations who are already here and who are yet to come.<\/p>\n<p>The goal is to popularize astronomy, but also romantic walks under the sky full of stars.<\/p>\n<p>&nbsp;<\/p>\n<h2 style=\"text-align: center;\">Info<\/h2>\n<p>Bi\u0161evo is connected to Komi\u017ea by a regular ferry line, and in the summer months, there are several excursion lines.<\/p>\n<p>You can choose one of the tourist agencies located in Komi\u017ea, which offer trips to the island of Bi\u0161evo. You can reach Mezoporat Bay where the Blue Cave tour starts, by a fast boat or speedboat in 15 minutes. On the Komi\u017ea waterfront, there are info desks where you will get all the information related to excursions.<\/p>\n<p>Tip: You can book private accommodation on the island.[\/vc_column_text][\/vc_column][\/vc_row]<\/p>\n<\/div>","protected":false},"excerpt":{"rendered":"<p>[vc_row][vc_column width=&#8221;1\/6&#8243;][\/vc_column][vc_column width=&#8221;2\/3&#8243;][vc_images_carousel images=&#8221;4300,4302,4304,4306&#8243; img_size=&#8221;full&#8221; hide_pagination_control=&#8221;yes&#8221;][\/vc_column][vc_column width=&#8221;1\/6&#8243;][\/vc_column][\/vc_row][vc_row][vc_column][vc_empty_space][vc_column_text]Have you thought about having your favourite island? Bi\u0161evo, a little pearl of the Mediterranean, could deserve that title. The islet of its 6 square meters, which you can almost reach swimming from Komi\u017ea because only five nautical miles separate them, will introduce you&#8230;<\/p>\n","protected":false},"author":1,"featured_media":0,"parent":0,"menu_order":0,"comment_status":"closed","ping_status":"closed","template":"","meta":{"footnotes":""},"class_list":["post-3940","page","type-page","status-publish","hentry"],"yoast_head":"<!-- This site is optimized with the Yoast SEO plugin v27.3 - https:\/\/yoast.com\/product\/yoast-seo-wordpress\/ -->\n<title>The island of Bi\u0161evo - Hotel Bi\u0161evo<\/title>\n<meta name=\"description\" content=\"Discover the beauties of the island of Bi\u0161evo, its Blue Cave, and pebble beaches. Book a room in Hotel Bi\u0161evo and reach the island from Komi\u017ea.\" \/>\n<meta name=\"robots\" content=\"index, follow, max-snippet:-1, max-image-preview:large, max-video-preview:-1\" \/>\n<link rel=\"canonical\" href=\"https:\/\/modra-spilja.hr\/en\/the-island-of-bisevo\/\" \/>\n<meta property=\"og:locale\" content=\"en_US\" \/>\n<meta property=\"og:type\" content=\"article\" \/>\n<meta property=\"og:title\" content=\"The island of Bi\u0161evo - Hotel Bi\u0161evo\" \/>\n<meta property=\"og:description\" content=\"Discover the beauties of the island of Bi\u0161evo, its Blue Cave, and pebble beaches. Book a room in Hotel Bi\u0161evo and reach the island from Komi\u017ea.\" \/>\n<meta property=\"og:url\" content=\"https:\/\/modra-spilja.hr\/en\/the-island-of-bisevo\/\" \/>\n<meta property=\"og:site_name\" content=\"Hotel Bi\u0161evo\" \/>\n<meta property=\"article:publisher\" content=\"https:\/\/www.facebook.com\/bisevohotel\" \/>\n<meta property=\"article:modified_time\" content=\"2021-05-26T13:18:12+00:00\" \/>\n<meta name=\"twitter:card\" content=\"summary_large_image\" \/>\n<meta name=\"twitter:site\" content=\"@bisevo_hotel\" \/>\n<meta name=\"twitter:label1\" content=\"Est. reading time\" \/>\n\t<meta name=\"twitter:data1\" content=\"6 minutes\" \/>\n<script type=\"application\/ld+json\" class=\"yoast-schema-graph\">{\"@context\":\"https:\\\/\\\/schema.org\",\"@graph\":[{\"@type\":\"WebPage\",\"@id\":\"https:\\\/\\\/modra-spilja.hr\\\/en\\\/the-island-of-bisevo\\\/\",\"url\":\"https:\\\/\\\/modra-spilja.hr\\\/en\\\/the-island-of-bisevo\\\/\",\"name\":\"The island of Bi\u0161evo - Hotel Bi\u0161evo\",\"isPartOf\":{\"@id\":\"https:\\\/\\\/modra-spilja.hr\\\/#website\"},\"datePublished\":\"2021-02-03T16:37:38+00:00\",\"dateModified\":\"2021-05-26T13:18:12+00:00\",\"description\":\"Discover the beauties of the island of Bi\u0161evo, its Blue Cave, and pebble beaches. Book a room in Hotel Bi\u0161evo and reach the island from Komi\u017ea.\",\"breadcrumb\":{\"@id\":\"https:\\\/\\\/modra-spilja.hr\\\/en\\\/the-island-of-bisevo\\\/#breadcrumb\"},\"inLanguage\":\"en-US\",\"potentialAction\":[{\"@type\":\"ReadAction\",\"target\":[\"https:\\\/\\\/modra-spilja.hr\\\/en\\\/the-island-of-bisevo\\\/\"]}]},{\"@type\":\"BreadcrumbList\",\"@id\":\"https:\\\/\\\/modra-spilja.hr\\\/en\\\/the-island-of-bisevo\\\/#breadcrumb\",\"itemListElement\":[{\"@type\":\"ListItem\",\"position\":1,\"name\":\"Home\",\"item\":\"https:\\\/\\\/modra-spilja.hr\\\/en\\\/\"},{\"@type\":\"ListItem\",\"position\":2,\"name\":\"The island of Bi\u0161evo\"}]},{\"@type\":\"WebSite\",\"@id\":\"https:\\\/\\\/modra-spilja.hr\\\/#website\",\"url\":\"https:\\\/\\\/modra-spilja.hr\\\/\",\"name\":\"Hotel Bi\u0161evo\",\"description\":\"Welcome to Hotel Bi\u0161evo\",\"publisher\":{\"@id\":\"https:\\\/\\\/modra-spilja.hr\\\/#organization\"},\"potentialAction\":[{\"@type\":\"SearchAction\",\"target\":{\"@type\":\"EntryPoint\",\"urlTemplate\":\"https:\\\/\\\/modra-spilja.hr\\\/?s={search_term_string}\"},\"query-input\":{\"@type\":\"PropertyValueSpecification\",\"valueRequired\":true,\"valueName\":\"search_term_string\"}}],\"inLanguage\":\"en-US\"},{\"@type\":\"Organization\",\"@id\":\"https:\\\/\\\/modra-spilja.hr\\\/#organization\",\"name\":\"Modra Spilja d.d.\",\"url\":\"https:\\\/\\\/modra-spilja.hr\\\/\",\"logo\":{\"@type\":\"ImageObject\",\"inLanguage\":\"en-US\",\"@id\":\"https:\\\/\\\/modra-spilja.hr\\\/#\\\/schema\\\/logo\\\/image\\\/\",\"url\":\"https:\\\/\\\/modra-spilja.hr\\\/wp-content\\\/uploads\\\/2021\\\/02\\\/bisevo.jpg\",\"contentUrl\":\"https:\\\/\\\/modra-spilja.hr\\\/wp-content\\\/uploads\\\/2021\\\/02\\\/bisevo.jpg\",\"width\":354,\"height\":354,\"caption\":\"Modra Spilja d.d.\"},\"image\":{\"@id\":\"https:\\\/\\\/modra-spilja.hr\\\/#\\\/schema\\\/logo\\\/image\\\/\"},\"sameAs\":[\"https:\\\/\\\/www.facebook.com\\\/bisevohotel\",\"https:\\\/\\\/x.com\\\/bisevo_hotel\",\"https:\\\/\\\/www.instagram.com\\\/komiza_vis\\\/\"]}]}<\/script>\n<!-- \/ Yoast SEO plugin. -->","yoast_head_json":{"title":"The island of Bi\u0161evo - Hotel Bi\u0161evo","description":"Discover the beauties of the island of Bi\u0161evo, its Blue Cave, and pebble beaches. Book a room in Hotel Bi\u0161evo and reach the island from Komi\u017ea.","robots":{"index":"index","follow":"follow","max-snippet":"max-snippet:-1","max-image-preview":"max-image-preview:large","max-video-preview":"max-video-preview:-1"},"canonical":"https:\/\/modra-spilja.hr\/en\/the-island-of-bisevo\/","og_locale":"en_US","og_type":"article","og_title":"The island of Bi\u0161evo - Hotel Bi\u0161evo","og_description":"Discover the beauties of the island of Bi\u0161evo, its Blue Cave, and pebble beaches. Book a room in Hotel Bi\u0161evo and reach the island from Komi\u017ea.","og_url":"https:\/\/modra-spilja.hr\/en\/the-island-of-bisevo\/","og_site_name":"Hotel Bi\u0161evo","article_publisher":"https:\/\/www.facebook.com\/bisevohotel","article_modified_time":"2021-05-26T13:18:12+00:00","twitter_card":"summary_large_image","twitter_site":"@bisevo_hotel","twitter_misc":{"Est. reading time":"6 minutes"},"schema":{"@context":"https:\/\/schema.org","@graph":[{"@type":"WebPage","@id":"https:\/\/modra-spilja.hr\/en\/the-island-of-bisevo\/","url":"https:\/\/modra-spilja.hr\/en\/the-island-of-bisevo\/","name":"The island of Bi\u0161evo - Hotel Bi\u0161evo","isPartOf":{"@id":"https:\/\/modra-spilja.hr\/#website"},"datePublished":"2021-02-03T16:37:38+00:00","dateModified":"2021-05-26T13:18:12+00:00","description":"Discover the beauties of the island of Bi\u0161evo, its Blue Cave, and pebble beaches. Book a room in Hotel Bi\u0161evo and reach the island from Komi\u017ea.","breadcrumb":{"@id":"https:\/\/modra-spilja.hr\/en\/the-island-of-bisevo\/#breadcrumb"},"inLanguage":"en-US","potentialAction":[{"@type":"ReadAction","target":["https:\/\/modra-spilja.hr\/en\/the-island-of-bisevo\/"]}]},{"@type":"BreadcrumbList","@id":"https:\/\/modra-spilja.hr\/en\/the-island-of-bisevo\/#breadcrumb","itemListElement":[{"@type":"ListItem","position":1,"name":"Home","item":"https:\/\/modra-spilja.hr\/en\/"},{"@type":"ListItem","position":2,"name":"The island of Bi\u0161evo"}]},{"@type":"WebSite","@id":"https:\/\/modra-spilja.hr\/#website","url":"https:\/\/modra-spilja.hr\/","name":"Hotel Bi\u0161evo","description":"Welcome to Hotel Bi\u0161evo","publisher":{"@id":"https:\/\/modra-spilja.hr\/#organization"},"potentialAction":[{"@type":"SearchAction","target":{"@type":"EntryPoint","urlTemplate":"https:\/\/modra-spilja.hr\/?s={search_term_string}"},"query-input":{"@type":"PropertyValueSpecification","valueRequired":true,"valueName":"search_term_string"}}],"inLanguage":"en-US"},{"@type":"Organization","@id":"https:\/\/modra-spilja.hr\/#organization","name":"Modra Spilja d.d.","url":"https:\/\/modra-spilja.hr\/","logo":{"@type":"ImageObject","inLanguage":"en-US","@id":"https:\/\/modra-spilja.hr\/#\/schema\/logo\/image\/","url":"https:\/\/modra-spilja.hr\/wp-content\/uploads\/2021\/02\/bisevo.jpg","contentUrl":"https:\/\/modra-spilja.hr\/wp-content\/uploads\/2021\/02\/bisevo.jpg","width":354,"height":354,"caption":"Modra Spilja d.d."},"image":{"@id":"https:\/\/modra-spilja.hr\/#\/schema\/logo\/image\/"},"sameAs":["https:\/\/www.facebook.com\/bisevohotel","https:\/\/x.com\/bisevo_hotel","https:\/\/www.instagram.com\/komiza_vis\/"]}]}},"_links":{"self":[{"href":"https:\/\/modra-spilja.hr\/en\/wp-json\/wp\/v2\/pages\/3940","targetHints":{"allow":["GET"]}}],"collection":[{"href":"https:\/\/modra-spilja.hr\/en\/wp-json\/wp\/v2\/pages"}],"about":[{"href":"https:\/\/modra-spilja.hr\/en\/wp-json\/wp\/v2\/types\/page"}],"author":[{"embeddable":true,"href":"https:\/\/modra-spilja.hr\/en\/wp-json\/wp\/v2\/users\/1"}],"replies":[{"embeddable":true,"href":"https:\/\/modra-spilja.hr\/en\/wp-json\/wp\/v2\/comments?post=3940"}],"version-history":[{"count":9,"href":"https:\/\/modra-spilja.hr\/en\/wp-json\/wp\/v2\/pages\/3940\/revisions"}],"predecessor-version":[{"id":4308,"href":"https:\/\/modra-spilja.hr\/en\/wp-json\/wp\/v2\/pages\/3940\/revisions\/4308"}],"wp:attachment":[{"href":"https:\/\/modra-spilja.hr\/en\/wp-json\/wp\/v2\/media?parent=3940"}],"curies":[{"name":"wp","href":"https:\/\/api.w.org\/{rel}","templated":true}]}}